{"id":12959,"date":"2025-01-14T12:23:58","date_gmt":"2025-01-14T10:23:58","guid":{"rendered":"https:\/\/mo-mo.gr\/?post_type=product&#038;p=12959"},"modified":"2025-03-05T11:22:13","modified_gmt":"2025-03-05T09:22:13","slug":"akita-no-kizuma-tygvaska","status":"publish","type":"product","link":"https:\/\/mo-mo.gr\/sv\/\u03c0\u03c1\u03bf\u03ca\u03cc\u03bd\u03c4\u03b1\/akita-no-kizuma-tote-bag\/","title":{"rendered":"Akita No Kizuma Tote Bag"},"content":{"rendered":"<p>Med m\u00e5tt <strong>44 cm h\u00f6g, 36 cm bred och 8 cm djup<\/strong>, \u03b7 <strong>Akita no Kizuna<\/strong> erbjuder gott om plats f\u00f6r dina vardagliga saker. Oavsett om du anv\u00e4nder den f\u00f6r shopping, arbete eller en promenad \u00e4r den tillr\u00e4ckligt rymlig f\u00f6r att uppfylla alla dina behov.<\/p>\n<h3><strong>Praktiskt och detaljerat<\/strong><\/h3>\n<ul>\n<li><strong>Innerficka med dragkedja:<\/strong> Perfekt f\u00f6r f\u00f6rvaring av sm\u00e5saker som nycklar, pl\u00e5nbok eller mobiltelefon, s\u00e5 att du snabbt kommer \u00e5t dem och kan organisera dem.<\/li>\n<li><strong>Dragkedja:<\/strong> V\u00e4skan f\u00f6rsluts helt med en robust dragkedja, vilket ger maximal s\u00e4kerhet f\u00f6r dina f\u00f6rem\u00e5l.<\/li>\n<li><strong>H\u00e5llbarhet:<\/strong> V\u00e4skans konstruktion \u00e4r utformad f\u00f6r daglig anv\u00e4ndning och bibeh\u00e5ller sin funktionalitet och elegans.<\/li>\n<\/ul>\n<p>Namnet \"Akita no Kizuna\" betyder \"Akita's Bond\" och \u00e4r till\u00e4gnat den unika koppling som Akita-hundar har till m\u00e4nniskor och som symboliserar lojalitet, h\u00e4ngivenhet och harmoni. De geometriska m\u00f6nstren \u00e5terspeglar den moderna japanska kulturen, medan anv\u00e4ndningen av traditionella tyger kopplar samman det f\u00f6rflutna med nutiden.<\/p>","protected":false},"excerpt":{"rendered":"<p>V\u00e4skan \u00e4r tillverkad av h\u00f6gkvalitativ quiltad canvas med bomullstyg fr\u00e5n Kyoto och utstr\u00e5lar en k\u00e4nsla av lyx och tradition. Designen har dj\u00e4rva r\u00f6da geometriska former som harmoniskt sm\u00e4lter samman med Akita-hundarna och skapar en unik visuell upplevelse. Quiltningen ger textur och djup, vilket \u00f6kar v\u00e4skans h\u00e5llbarhet.<\/p>\n<p>Akita no Kizuna Tote Bag \u00e4r mer \u00e4n bara en v\u00e4ska - det \u00e4r ett konstverk som kombinerar japansk tradition med modern estetik. Inspirerad av de \u00e4dla och lojala Akita-hundarna, men med intensiteten i geometriska m\u00f6nster, tillf\u00f6r denna v\u00e4ska elegans och unikhet till alla looks.\u03c9<\/p>","protected":false},"featured_media":12961,"comment_status":"open","ping_status":"closed","template":"","meta":{"_gspb_post_css":""},"product_brand":[],"product_cat":[76,123],"product_tag":[],"class_list":{"0":"post-12959","1":"product","2":"type-product","3":"status-publish","4":"has-post-thumbnail","6":"product_cat-totes","7":"product_cat-123","8":"pa_-128","9":"pa_-129","11":"first","12":"instock","13":"taxable","14":"shipping-taxable","15":"purchasable","16":"product-type-simple"},"_links":{"self":[{"href":"https:\/\/mo-mo.gr\/sv\/wp-json\/wp\/v2\/product\/12959","targetHints":{"allow":["GET"]}}],"collection":[{"href":"https:\/\/mo-mo.gr\/sv\/wp-json\/wp\/v2\/product"}],"about":[{"href":"https:\/\/mo-mo.gr\/sv\/wp-json\/wp\/v2\/types\/product"}],"replies":[{"embeddable":true,"href":"https:\/\/mo-mo.gr\/sv\/wp-json\/wp\/v2\/comments?post=12959"}],"wp:featuredmedia":[{"embeddable":true,"href":"https:\/\/mo-mo.gr\/sv\/wp-json\/wp\/v2\/media\/12961"}],"wp:attachment":[{"href":"https:\/\/mo-mo.gr\/sv\/wp-json\/wp\/v2\/media?parent=12959"}],"wp:term":[{"taxonomy":"product_brand","embeddable":true,"href":"https:\/\/mo-mo.gr\/sv\/wp-json\/wp\/v2\/product_brand?post=12959"},{"taxonomy":"product_cat","embeddable":true,"href":"https:\/\/mo-mo.gr\/sv\/wp-json\/wp\/v2\/product_cat?post=12959"},{"taxonomy":"product_tag","embeddable":true,"href":"https:\/\/mo-mo.gr\/sv\/wp-json\/wp\/v2\/product_tag?post=12959"}],"curies":[{"name":"wp","href":"https:\/\/api.w.org\/{rel}","templated":true}]}}