{"id":11263,"date":"2024-11-03T13:21:09","date_gmt":"2024-11-03T13:21:09","guid":{"rendered":"https:\/\/mo-mo.gr\/product\/fuchsia-short-haori-with-yukata-sleeves\/"},"modified":"2026-04-09T16:39:39","modified_gmt":"2026-04-09T13:39:39","slug":"fuchsia-kort-haori-med-yukata-armar","status":"publish","type":"product","link":"https:\/\/mo-mo.gr\/sv\/\u03c0\u03c1\u03bf\u03ca\u03cc\u03bd\u03c4\u03b1\/fuchsia-short-haori-with-yukata-sleeves\/","title":{"rendered":"Fuchsia Kort Haori med Yukata-\u00e4rmar"},"content":{"rendered":"","protected":false},"excerpt":{"rendered":"<p>Fuchsia Short Haori med Yukata-\u00e4rmar \u00e4r en unik bit tillverkad av organisk bomull som inneh\u00e5ller traditionellt japanskt hantverk och modern estetik. Dess fuchsia bas, i kombination med subtila smaragddetaljer p\u00e5 framsidan, ger en distinkt touch till din outfit och betonar elegans och stil.<\/p>\n<p>Denna haori \u00e4r handgjord med omsorg om varje detalj och har yukata-\u00e4rmar som ger komfort och r\u00f6relsefrihet, vilket g\u00f6r den perfekt f\u00f6r alla tillf\u00e4llen. Den organiska bomullen ger mjukhet och h\u00e5llbarhet, medan den livfulla fuchsiaf\u00e4rgen skapar en k\u00e4nsla av f\u00f6rnyelse och livfullhet i varje look.<\/p>\n<p>L\u00e4ngden p\u00e5 **Fuchsia Short Haori with Yukata Sleeves** \u00e4r inspirerad av den traditionella koreanska *hanbok*, vilket ger en sofistikerad touch som kombinerar kulturella element fr\u00e5n Japan och Korea. Denna unika l\u00e4ngd ger haori en modern karakt\u00e4r, vilket g\u00f6r den idealisk f\u00f6r lager p\u00e5 lager med olika outfits, ger r\u00f6relsefrihet och en flerdimensionell stil som hedrar den estetiska traditionen i Asien.<\/p>\n<p>Haori \u00e4r sydd i en storlek.<\/p>","protected":false},"featured_media":12472,"comment_status":"open","ping_status":"closed","template":"","meta":{"_gspb_post_css":""},"product_brand":[],"product_cat":[114,66],"product_tag":[25,56],"class_list":{"0":"post-11263","1":"product","2":"type-product","3":"status-publish","4":"has-post-thumbnail","6":"product_cat-haori","7":"product_cat-66","8":"product_tag-haori","9":"product_tag-womans-kimonos","10":"pa_-one-size","11":"pa_-100","13":"first","14":"instock","15":"taxable","16":"shipping-taxable","17":"purchasable","18":"product-type-variable"},"_links":{"self":[{"href":"https:\/\/mo-mo.gr\/sv\/wp-json\/wp\/v2\/product\/11263","targetHints":{"allow":["GET"]}}],"collection":[{"href":"https:\/\/mo-mo.gr\/sv\/wp-json\/wp\/v2\/product"}],"about":[{"href":"https:\/\/mo-mo.gr\/sv\/wp-json\/wp\/v2\/types\/product"}],"replies":[{"embeddable":true,"href":"https:\/\/mo-mo.gr\/sv\/wp-json\/wp\/v2\/comments?post=11263"}],"wp:featuredmedia":[{"embeddable":true,"href":"https:\/\/mo-mo.gr\/sv\/wp-json\/wp\/v2\/media\/12472"}],"wp:attachment":[{"href":"https:\/\/mo-mo.gr\/sv\/wp-json\/wp\/v2\/media?parent=11263"}],"wp:term":[{"taxonomy":"product_brand","embeddable":true,"href":"https:\/\/mo-mo.gr\/sv\/wp-json\/wp\/v2\/product_brand?post=11263"},{"taxonomy":"product_cat","embeddable":true,"href":"https:\/\/mo-mo.gr\/sv\/wp-json\/wp\/v2\/product_cat?post=11263"},{"taxonomy":"product_tag","embeddable":true,"href":"https:\/\/mo-mo.gr\/sv\/wp-json\/wp\/v2\/product_tag?post=11263"}],"curies":[{"name":"wp","href":"https:\/\/api.w.org\/{rel}","templated":true}]}}