{"id":9476,"date":"2024-12-12T12:19:47","date_gmt":"2024-12-12T12:19:47","guid":{"rendered":"https:\/\/mo-mo.gr\/?page_id=9476"},"modified":"2024-12-12T12:20:28","modified_gmt":"2024-12-12T12:20:28","slug":"%cf%80%ce%b1%cf%81%ce%b1%ce%b3%ce%b3%ce%b5%ce%bb%ce%af%ce%b5%cf%82-%ce%b1%cf%80%ce%bf%cf%83%cf%84%ce%bf%ce%bb%ce%ad%cf%82","status":"publish","type":"page","link":"https:\/\/mo-mo.gr\/sv\/%cf%80%ce%b1%cf%81%ce%b1%ce%b3%ce%b3%ce%b5%ce%bb%ce%af%ce%b5%cf%82-%ce%b1%cf%80%ce%bf%cf%83%cf%84%ce%bf%ce%bb%ce%ad%cf%82\/","title":{"rendered":"Best\u00e4llningar och f\u00f6rs\u00e4ndelser"},"content":{"rendered":"<h2 id=\"gspb_heading-id-gsbp-0eef268\" class=\"gspb_heading gspb_heading-id-gsbp-0eef268\">Best\u00e4llningar<\/h2>\n\n\n\n<div id=\"gspb_text-id-gsbp-8efa61e\" class=\"gspb_text gspb_text-id-gsbp-8efa61e\">P\u00e5 mo mo erbjuder vi en sp\u00e4nnande best\u00e4llningsupplevelse och str\u00e4var efter att uppfylla alla dina behov med total tillfredsst\u00e4llelse i \u00e5tanke. Vi har skapat en tydlig och transparent policy f\u00f6r att s\u00e4kerst\u00e4lla en bekv\u00e4m och p\u00e5litlig best\u00e4llningsprocess f\u00f6r dig.<br>V\u00e5r policy inneh\u00e5ller f\u00f6ljande delar:<br><\/div>\n\n\n\n<div id=\"gspb_text-id-gsbp-0f65c6f\" class=\"gspb_text gspb_text-id-gsbp-0f65c6f\"><strong>Produkter av h\u00f6g kvalitet:<\/strong> Alla v\u00e5ra plagg \u00e4r tillverkade av noggrant utvalda material, med fokus p\u00e5 utm\u00e4rkt kvalitet och \u00e4kthet. V\u00e5rt engagemang f\u00f6r h\u00f6g kvalitet garanterar att du kommer att njuta av produkter som h\u00e5ller i m\u00e5nga \u00e5r.<br><strong>En m\u00e4ngd olika stilar:<\/strong> Vi f\u00f6rst\u00e5r att varje kund har sin egen unika smak och sina egna preferenser. Det \u00e4r d\u00e4rf\u00f6r vi erbjuder ett brett utbud av stilar, m\u00f6nster och f\u00e4rger s\u00e5 att du kan hitta precis det som passar dig och \u00e5terspeglar din personliga stil.<br><strong>Enkel best\u00e4llningsprocess:<\/strong> V\u00e5r webbplats erbjuder en enkel och v\u00e4nlig best\u00e4llningsprocess. V\u00e4lj bara \u00f6nskade plagg, l\u00e4gg dem i varukorgen och slutf\u00f6r din best\u00e4llning p\u00e5 ett s\u00e4kert och enkelt s\u00e4tt. Vi finns alltid tillg\u00e4ngliga f\u00f6r att hj\u00e4lpa dig via e-post eller telefon om du har n\u00e5gra fr\u00e5gor eller funderingar.<br><strong>Snabb frakt och leverans:<\/strong> Vi f\u00f6rst\u00e5r din entusiasm f\u00f6r att f\u00e5 dina produkter s\u00e5 snart som m\u00f6jligt. Det \u00e4r d\u00e4rf\u00f6r vi ser till att dina best\u00e4llningar behandlas och skickas snabbt, s\u00e5 att de kommer fram till din d\u00f6rr s\u00e5 snart som m\u00f6jligt.<br><strong>Kundservice:<\/strong> Kundn\u00f6jdhet \u00e4r v\u00e5r absoluta prioritet. Vi finns alltid h\u00e4r f\u00f6r att hj\u00e4lpa dig, svara p\u00e5 alla dina fr\u00e5gor och l\u00f6sa eventuella problem som uppst\u00e5r under best\u00e4llningen eller efter leveransen.<\/div>\n\n\n\n<h2 id=\"gspb_heading-id-gsbp-d4b106a\" class=\"gspb_heading gspb_heading-id-gsbp-d4b106a\">Depescher<\/h2>\n\n\n\n<div id=\"gspb_text-id-gsbp-04e78a9\" class=\"gspb_text gspb_text-id-gsbp-04e78a9\">Tack f\u00f6r att du v\u00e4ljer mo mo f\u00f6r dina ink\u00f6p! Vi vill informera dig om v\u00e5r leveranspolicy och v\u00e5rt f\u00f6rfarande f\u00f6r att s\u00e4kerst\u00e4lla att du f\u00e5r en smidig och bekv\u00e4m shoppingupplevelse.<br>Uppdragspolicy:<br><\/div>\n\n\n\n<h3 id=\"gspb_heading-id-gsbp-3e80893\" class=\"gspb_heading gspb_heading-id-gsbp-3e80893\">Policy f\u00f6r uppdraget<\/h3>\n\n\n\n<div id=\"gspb_text-id-gsbp-7f8c074\" class=\"gspb_text gspb_text-id-gsbp-7f8c074\"><strong>Frakt i hela Grekland:<\/strong> Vi \u00e4r stolta \u00f6ver att kunna erbjuda frakt till alla regioner i Grekland. Oavsett var du befinner dig kan du njuta av dina japanska favoritkl\u00e4der genom leverans till din d\u00f6rr.<br><strong>Uppdrag i hela Europa:<\/strong> Vi \u00e4r stolta \u00f6ver att kunna erbjuda frakt till alla l\u00e4nder i Europa. Oavsett var du befinner dig kan du njuta av dina japanska favoritplagg genom leverans till din d\u00f6rr.<br><strong>Fraktpriser:<\/strong> Fraktpriserna ber\u00e4knas utifr\u00e5n destinationen och vikten p\u00e5 din best\u00e4llning. Under processen f\u00f6r att slutf\u00f6ra best\u00e4llningen visas det exakta fraktpriset f\u00f6r dig.<br><strong>Leveranstid:<\/strong> Vi g\u00f6r v\u00e5rt yttersta f\u00f6r att behandla din best\u00e4llning s\u00e5 snabbt som m\u00f6jligt. Den ber\u00e4knade leveranstiden beror p\u00e5 destinationen och lokala transporttj\u00e4nster. Vanligtvis varierar leveranstiden mellan 5 och 10 arbetsdagar.<\/div>\n\n\n\n<h3 id=\"gspb_heading-id-gsbp-4334d92\" class=\"gspb_heading gspb_heading-id-gsbp-4334d92\">F\u00f6rfarande f\u00f6r avs\u00e4ndande<\/h3>\n\n\n\n<div id=\"gspb_text-id-gsbp-08a04d8\" class=\"gspb_text gspb_text-id-gsbp-08a04d8\"><strong>Orderhantering:<\/strong> N\u00e4r du har slutf\u00f6rt din best\u00e4llning kommer v\u00e5rt team att behandla din order med omsorg och k\u00e4rlek. Vi kvalitetskontrollerar dina produkter och packar dem med omsorg f\u00f6r s\u00e4ker transport.<br><strong>Dispatchning och \u00f6vervakning:<\/strong> N\u00e4r din best\u00e4llning har skickats kommer du att f\u00e5 ett sp\u00e5rningsnummer f\u00f6r att f\u00f6lja din best\u00e4llning tills den n\u00e5r din destination. Du kan anv\u00e4nda det h\u00e4r numret f\u00f6r att kontrollera ber\u00e4knad ankomsttid.<br><strong>Leverans:<\/strong> N\u00e4r din best\u00e4llning anl\u00e4nder kommer du att f\u00e5 ditt paket vid din d\u00f6rr. Vi rekommenderar att du kontrollerar dina produkter f\u00f6r att s\u00e4kerst\u00e4lla att de \u00e4r i utm\u00e4rkt skick och uppfyller dina f\u00f6rv\u00e4ntningar.<br><\/div>\n\n\n\n<div id=\"gspb_text-id-gsbp-e818523\" class=\"gspb_text gspb_text-id-gsbp-e818523\">Om du har n\u00e5gra fr\u00e5gor eller beh\u00f6ver hj\u00e4lp, tveka inte att kontakta v\u00e5rt kundtj\u00e4nstteam. Vi \u00e4r h\u00e4r f\u00f6r att hj\u00e4lpa dig och se till att din leverans blir framg\u00e5ngsrik och att du f\u00e5r dina produkter med komfort och n\u00f6je.<br>Tack f\u00f6r ert f\u00f6rtroende f\u00f6r mo mo!<\/div>","protected":false},"excerpt":{"rendered":"","protected":false},"author":187,"featured_media":0,"parent":0,"menu_order":0,"comment_status":"closed","ping_status":"closed","template":"","meta":{"_gspb_post_css":"","footnotes":""},"class_list":["post-9476","page","type-page","status-publish","hentry"],"blocksy_meta":[],"_links":{"self":[{"href":"https:\/\/mo-mo.gr\/sv\/wp-json\/wp\/v2\/pages\/9476","targetHints":{"allow":["GET"]}}],"collection":[{"href":"https:\/\/mo-mo.gr\/sv\/wp-json\/wp\/v2\/pages"}],"about":[{"href":"https:\/\/mo-mo.gr\/sv\/wp-json\/wp\/v2\/types\/page"}],"author":[{"embeddable":true,"href":"https:\/\/mo-mo.gr\/sv\/wp-json\/wp\/v2\/users\/187"}],"replies":[{"embeddable":true,"href":"https:\/\/mo-mo.gr\/sv\/wp-json\/wp\/v2\/comments?post=9476"}],"version-history":[{"count":0,"href":"https:\/\/mo-mo.gr\/sv\/wp-json\/wp\/v2\/pages\/9476\/revisions"}],"wp:attachment":[{"href":"https:\/\/mo-mo.gr\/sv\/wp-json\/wp\/v2\/media?parent=9476"}],"curies":[{"name":"wp","href":"https:\/\/api.w.org\/{rel}","templated":true}]}}