{"id":9469,"date":"2024-12-12T12:05:27","date_gmt":"2024-12-12T12:05:27","guid":{"rendered":"https:\/\/mo-mo.gr\/?page_id=9469"},"modified":"2025-03-05T10:36:03","modified_gmt":"2025-03-05T08:36:03","slug":"%cf%84%cf%81%cf%8c%cf%80%ce%bf%ce%b9-%cf%80%ce%bb%ce%b7%cf%81%cf%89%ce%bc%ce%ae%cf%82","status":"publish","type":"page","link":"https:\/\/mo-mo.gr\/sv\/%cf%84%cf%81%cf%8c%cf%80%ce%bf%ce%b9-%cf%80%ce%bb%ce%b7%cf%81%cf%89%ce%bc%ce%ae%cf%82\/","title":{"rendered":"Betalningsmetoder"},"content":{"rendered":"<div id=\"gspb_text-id-gsbp-61d7f10\" class=\"gspb_text gspb_text-id-gsbp-61d7f10\">P\u00e5 MOMO KIDOHO t\u00e4cker vi alla kunders behov genom att erbjuda m\u00e5nga betalningsalternativ, med s\u00e4kerhet och tillf\u00f6rlitlighet.<br>Se till att du v\u00e4ljer den mest bekv\u00e4ma betalningsmetoden f\u00f6r ditt k\u00f6p. Vi erbjuder flera betalningsmetoder f\u00f6r att underl\u00e4tta f\u00f6r dig:<br><br>1. **<strong>Kredit\/Debitkort<\/strong>**: Vi accepterar betalningar via Visa, Mastercard och American Express. Ange bara dina kortuppgifter i kassan.<br><br>2. **<strong>Bank\u00f6verf\u00f6ring<\/strong>**: Du kan betala via bank\u00f6verf\u00f6ring. Du kommer att f\u00e5 n\u00f6dv\u00e4ndig bankkontoinformation n\u00e4r best\u00e4llningen har slutf\u00f6rts.<br><br>3. **<strong>Ers\u00e4ttning<\/strong>**: Du kan betala distribut\u00f6ren vid leverans av din best\u00e4llning. (Obs: produkter som tillverkas p\u00e5 best\u00e4llning omfattas inte av detta s\u00e4tt). Kontant vid leverans tillhandah\u00e5lls mot en extra avgift p\u00e5 1,60 euro plus moms.<br><br>4. **<strong>IRIS-systemet<\/strong>**: Anv\u00e4nd IRIS-systemet f\u00f6r s\u00e4kra och snabba betalningar via bankkonto.<br>Om du har n\u00e5gra fr\u00e5gor eller funderingar kring betalningsmetoder \u00e4r du v\u00e4lkommen att kontakta oss. Vi \u00e4r h\u00e4r f\u00f6r att hj\u00e4lpa dig!<br><\/div>\n\n\n\n<p>5. <strong>**PayPal**<\/strong>: Du kan betala enkelt och s\u00e4kert via <strong>PayPal<\/strong>utan att beh\u00f6va ange dina kortuppgifter. V\u00e4lj PayPal i kassan s\u00e5 kommer du att omdirigeras till PayPals s\u00e4kra betalningsplattform.<\/p>","protected":false},"excerpt":{"rendered":"<p>5. **PayPal**: \u039c\u03c0\u03bf\u03c1\u03b5\u03af\u03c4\u03b5 \u03bd\u03b1 \u03c0\u03bb\u03b7\u03c1\u03ce\u03c3\u03b5\u03c4\u03b5 \u03b5\u03cd\u03ba\u03bf\u03bb\u03b1 \u03ba\u03b1\u03b9 \u03bc\u03b5 \u03b1\u03c3\u03c6\u03ac\u03bb\u03b5\u03b9\u03b1 \u03bc\u03ad\u03c3\u03c9 PayPal, \u03c7\u03c9\u03c1\u03af\u03c2 \u03bd\u03b1 \u03c7\u03c1\u03b5\u03b9\u03ac\u03b6\u03b5\u03c4\u03b1\u03b9 \u03bd\u03b1 \u03b5\u03b9\u03c3\u03ac\u03b3\u03b5\u03c4\u03b5 \u03c4\u03b1 \u03c3\u03c4\u03bf\u03b9\u03c7\u03b5\u03af\u03b1 \u03c4\u03b7\u03c2 \u03ba\u03ac\u03c1\u03c4\u03b1\u03c2 \u03c3\u03b1\u03c2. \u0395\u03c0\u03b9\u03bb\u03ad\u03be\u03c4\u03b5 \u03c4\u03bf PayPal \u03ba\u03b1\u03c4\u03ac \u03c4\u03b7\u03bd \u03bf\u03bb\u03bf\u03ba\u03bb\u03ae\u03c1\u03c9\u03c3\u03b7 \u03c4\u03b7\u03c2 \u03b1\u03b3\u03bf\u03c1\u03ac\u03c2 \u03ba\u03b1\u03b9 \u03b8\u03b1 \u03bc\u03b5\u03c4\u03b1\u03c6\u03b5\u03c1\u03b8\u03b5\u03af\u03c4\u03b5 \u03c3\u03c4\u03b7\u03bd \u03b1\u03c3\u03c6\u03b1\u03bb\u03ae \u03c0\u03bb\u03b1\u03c4\u03c6\u03cc\u03c1\u03bc\u03b1 \u03c0\u03bb\u03b7\u03c1\u03c9\u03bc\u03ce\u03bd \u03c4\u03bf\u03c5 PayPal.<\/p>","protected":false},"author":187,"featured_media":0,"parent":0,"menu_order":0,"comment_status":"closed","ping_status":"closed","template":"","meta":{"_gspb_post_css":"","footnotes":""},"class_list":["post-9469","page","type-page","status-publish","hentry"],"blocksy_meta":[],"_links":{"self":[{"href":"https:\/\/mo-mo.gr\/sv\/wp-json\/wp\/v2\/pages\/9469","targetHints":{"allow":["GET"]}}],"collection":[{"href":"https:\/\/mo-mo.gr\/sv\/wp-json\/wp\/v2\/pages"}],"about":[{"href":"https:\/\/mo-mo.gr\/sv\/wp-json\/wp\/v2\/types\/page"}],"author":[{"embeddable":true,"href":"https:\/\/mo-mo.gr\/sv\/wp-json\/wp\/v2\/users\/187"}],"replies":[{"embeddable":true,"href":"https:\/\/mo-mo.gr\/sv\/wp-json\/wp\/v2\/comments?post=9469"}],"version-history":[{"count":0,"href":"https:\/\/mo-mo.gr\/sv\/wp-json\/wp\/v2\/pages\/9469\/revisions"}],"wp:attachment":[{"href":"https:\/\/mo-mo.gr\/sv\/wp-json\/wp\/v2\/media?parent=9469"}],"curies":[{"name":"wp","href":"https:\/\/api.w.org\/{rel}","templated":true}]}}