{"id":9465,"date":"2024-12-12T12:01:11","date_gmt":"2024-12-12T12:01:11","guid":{"rendered":"https:\/\/mo-mo.gr\/?page_id=9465"},"modified":"2024-12-12T12:04:19","modified_gmt":"2024-12-12T12:04:19","slug":"%cf%80%ce%bf%ce%bb%ce%b9%cf%84%ce%b9%ce%ba%ce%ae-%ce%b5%cf%80%ce%b9%cf%83%cf%84%cf%81%ce%bf%cf%86%cf%8e%ce%bd","status":"publish","type":"page","link":"https:\/\/mo-mo.gr\/sv\/%cf%80%ce%bf%ce%bb%ce%b9%cf%84%ce%b9%ce%ba%ce%ae-%ce%b5%cf%80%ce%b9%cf%83%cf%84%cf%81%ce%bf%cf%86%cf%8e%ce%bd\/","title":{"rendered":"Policy f\u00f6r returer"},"content":{"rendered":"<div id=\"gspb_text-id-gsbp-cb2249f\" class=\"gspb_text gspb_text-id-gsbp-cb2249f\">Tack f\u00f6r att du v\u00e4ljer mo mo f\u00f6r dina ink\u00f6p! Vi f\u00f6rst\u00e5r att det kan finnas tillf\u00e4llen d\u00e5 det \u00e4r n\u00f6dv\u00e4ndigt att returnera produkter och vi vill informera dig om v\u00e5r returpolicy och v\u00e5rt f\u00f6rfarande.<\/div>\n\n\n\n<h2 id=\"gspb_heading-id-gsbp-8ecb560\" class=\"gspb_heading gspb_heading-id-gsbp-8ecb560\">Policy f\u00f6r returer<\/h2>\n\n\n\n<div id=\"gspb_text-id-gsbp-14a4da8\" class=\"gspb_text gspb_text-id-gsbp-14a4da8\"><strong>Godk\u00e4nnande av \u00e5terl\u00e4mnande:<\/strong> Vi accepterar produktreturer i h\u00e4ndelse av o\u00f6nskade eller defekta produkter. Vi f\u00f6resl\u00e5r att du kontaktar oss inom 14 dagar efter mottagandet av produkten f\u00f6r att beg\u00e4ra en retur.<br><strong>Produktstatus:<\/strong> F\u00f6r att vi ska kunna acceptera en retur m\u00e5ste produkten vara i nyskick, oanv\u00e4nd och ha kvar alla originaletiketter och originalf\u00f6rpackningar.<br><strong>Kompensation eller ers\u00e4ttning:<\/strong> Du kan v\u00e4lja mellan \u00e5terbetalning eller ers\u00e4ttning f\u00f6r den returnerade produkten. Vid en retur p\u00e5 grund av en defekt produkt \u00e5terbetalar vi hela det betalda beloppet.<\/div>\n\n\n\n<h2 id=\"gspb_heading-id-gsbp-bfb5b3f\" class=\"gspb_heading gspb_heading-id-gsbp-bfb5b3f\">Avkastningsf\u00f6rfarande<\/h2>\n\n\n\n<div id=\"gspb_text-id-gsbp-bcb0895\" class=\"gspb_text gspb_text-id-gsbp-bcb0895\"><strong>Kontakta oss:<\/strong> Kontakta v\u00e5r kundtj\u00e4nst f\u00f6r att rekommendera en \u00e5terbetalning. Vi kommer att f\u00f6rse dig med n\u00f6dv\u00e4ndiga instruktioner och adress f\u00f6r att skicka produkten.<br><strong>Uppf\u00f6ljning och utv\u00e4rdering:<\/strong> N\u00e4r vi har f\u00e5tt den returnerade produkten kontrollerar vi den f\u00f6r att bekr\u00e4fta dess skick. Detta kan ta n\u00e5gra arbetsdagar.<br><strong>Returhantering:<\/strong> Om returvillkoren \u00e4r uppfyllda kommer vi att \u00e5terbetala eller ers\u00e4tta produkten enligt ditt val.<\/div>\n\n\n\n<div id=\"gspb_text-id-gsbp-57e2131\" class=\"gspb_text gspb_text-id-gsbp-57e2131\">F\u00f6r mer information eller fr\u00e5gor, v\u00e4nligen kontakta v\u00e5rt kundtj\u00e4nstteam. Vi hoppas att din shoppingupplevelse kommer att vara unik och tillfredsst\u00e4llande.<br>Tack f\u00f6r ert f\u00f6rtroende f\u00f6r mo mo!<\/div>\n\n\n\n<h2 id=\"gspb_heading-id-gsbp-3375ed8\" class=\"gspb_heading gspb_heading-id-gsbp-3375ed8\">F\u00f6r\u00e4ndringar<\/h2>\n\n\n\n<div id=\"gspb_text-id-gsbp-acf24f3\" class=\"gspb_text gspb_text-id-gsbp-acf24f3\">Tack f\u00f6r att du k\u00f6per produkter fr\u00e5n mo mo! Vi f\u00f6rst\u00e5r att det ibland \u00e4r n\u00f6dv\u00e4ndigt att \u00e4ndra produkter och vi vill informera dig om v\u00e5r policy och v\u00e5rt f\u00f6rfarande f\u00f6r \u00e4ndringar.<\/div>\n\n\n\n<h2 id=\"gspb_heading-id-gsbp-2b2da6b\" class=\"gspb_heading gspb_heading-id-gsbp-2b2da6b\">Policy f\u00f6r f\u00f6r\u00e4ndring<\/h2>\n\n\n\n<div id=\"gspb_text-id-gsbp-a670010\" class=\"gspb_text gspb_text-id-gsbp-a670010\"><strong>Godk\u00e4nnande av \u00e4ndringar:<\/strong> Vi accepterar produktbyten under f\u00f6ruts\u00e4ttning att produkten \u00e4r i perfekt skick och har kvar alla originaletiketter och originalf\u00f6rpackningar.<br><strong>Tidsram f\u00f6r f\u00f6r\u00e4ndringar:<\/strong> Vi rekommenderar att du kontaktar oss inom 14 dagar efter mottagandet av produkten f\u00f6r att beg\u00e4ra en ers\u00e4ttning. Det beror p\u00e5 tillg\u00e4ngligheten av ers\u00e4ttningsprodukten.<br><strong>Utbytesalternativ:<\/strong> Under bytesprocessen kan du v\u00e4lja mellan de tillg\u00e4ngliga ers\u00e4ttningsprodukterna. Vid otillg\u00e4nglighet kan du v\u00e4lja en annan produkt fr\u00e5n v\u00e5r kollektion eller f\u00e5 motsvarande belopp som kredit p\u00e5 ditt konto.<\/div>\n\n\n\n<h2 id=\"gspb_heading-id-gsbp-08c5d3a\" class=\"gspb_heading gspb_heading-id-gsbp-08c5d3a\">Villkoren f\u00f6r \u00e4ndringar<\/h2>\n\n\n\n<div id=\"gspb_text-id-gsbp-df56f26\" class=\"gspb_text gspb_text-id-gsbp-df56f26\">Produkten m\u00e5ste returneras i nyskick, oanv\u00e4nd och med alla originaletiketter och originalf\u00f6rpackningar.<br>Kunden ansvarar f\u00f6r fraktkostnaderna f\u00f6r att returnera produkten och skicka den nya produkten (s\u00e5vida det inte r\u00f6r sig om en defekt eller ett fel fr\u00e5n v\u00e5r sida).<br>Om priset p\u00e5 den nya produkten \u00e4r h\u00f6gre ska mellanskillnaden t\u00e4ckas.<br>F\u00f6r att beg\u00e4ra en produkt\u00e4ndring eller f\u00f6r ytterligare fr\u00e5gor, v\u00e4nligen kontakta v\u00e5rt kundtj\u00e4nstteam. Vi hoppas att denna f\u00f6r\u00e4ndringspolicy kommer att ge dig en bekv\u00e4m shoppingupplevelse p\u00e5 mo mo!<\/div>","protected":false},"excerpt":{"rendered":"","protected":false},"author":187,"featured_media":0,"parent":0,"menu_order":0,"comment_status":"closed","ping_status":"closed","template":"","meta":{"_gspb_post_css":"","footnotes":""},"class_list":["post-9465","page","type-page","status-publish","hentry"],"blocksy_meta":[],"_links":{"self":[{"href":"https:\/\/mo-mo.gr\/sv\/wp-json\/wp\/v2\/pages\/9465","targetHints":{"allow":["GET"]}}],"collection":[{"href":"https:\/\/mo-mo.gr\/sv\/wp-json\/wp\/v2\/pages"}],"about":[{"href":"https:\/\/mo-mo.gr\/sv\/wp-json\/wp\/v2\/types\/page"}],"author":[{"embeddable":true,"href":"https:\/\/mo-mo.gr\/sv\/wp-json\/wp\/v2\/users\/187"}],"replies":[{"embeddable":true,"href":"https:\/\/mo-mo.gr\/sv\/wp-json\/wp\/v2\/comments?post=9465"}],"version-history":[{"count":0,"href":"https:\/\/mo-mo.gr\/sv\/wp-json\/wp\/v2\/pages\/9465\/revisions"}],"wp:attachment":[{"href":"https:\/\/mo-mo.gr\/sv\/wp-json\/wp\/v2\/media?parent=9465"}],"curies":[{"name":"wp","href":"https:\/\/api.w.org\/{rel}","templated":true}]}}