{"id":9457,"date":"2024-12-12T11:52:48","date_gmt":"2024-12-12T11:52:48","guid":{"rendered":"https:\/\/mo-mo.gr\/?page_id=9457"},"modified":"2024-12-12T11:56:13","modified_gmt":"2024-12-12T11:56:13","slug":"%cf%80%ce%bf%ce%bb%ce%b9%cf%84%ce%b9%ce%ba%ce%ae-%ce%b1%cf%80%ce%bf%cf%81%cf%81%ce%ae%cf%84%ce%bf%cf%85","status":"publish","type":"page","link":"https:\/\/mo-mo.gr\/sv\/%cf%80%ce%bf%ce%bb%ce%b9%cf%84%ce%b9%ce%ba%ce%ae-%ce%b1%cf%80%ce%bf%cf%81%cf%81%ce%ae%cf%84%ce%bf%cf%85\/","title":{"rendered":"Integritetspolicy"},"content":{"rendered":"<div id=\"gspb_text-id-gsbp-df510c7\" class=\"gspb_text gspb_text-id-gsbp-df510c7\">P\u00e5 mo-mo.gr \u00e4r vi engagerade i att respektera och bevara din integritet och uppskattar det f\u00f6rtroende du visar oss. \"Sekretesspolicyn\" och \"Cookies-policyn\" \u00e4r avsedda att s\u00e4kerst\u00e4lla att alla personuppgifter som samlas in av mo-mo.gr (nedan kallad \"webbplatsen\") kommer att skyddas, anv\u00e4ndas, lagras och behandlas av oss i syfte att kommunicera mellan oss och tillhandah\u00e5lla tj\u00e4nster, alltid i enlighet med till\u00e4mplig lagstiftning om skydd av personuppgifter (f\u00f6rordning (EU) 2016\/679).<\/div>\n\n\n\n<div id=\"gspb_text-id-gsbp-cdab9dc\" class=\"gspb_text gspb_text-id-gsbp-cdab9dc\">Du b\u00f6r vara medveten om att vi samlar in dina uppgifter direkt fr\u00e5n dig:<br>- n\u00e4r du prenumererar p\u00e5 v\u00e5rt nyhetsbrev.<br>- n\u00e4r du deltar i t\u00e4vlingar och prisdragningar.<br>- n\u00e4r du fyller i en offertf\u00f6rfr\u00e5gan eller ett kontaktformul\u00e4r.<br>- om du vill f\u00e5 personliga uppdateringar, t.ex. riktade annonser.<br>- om du kontaktar oss (t.ex. via telefon, e-post eller p\u00e5 annat s\u00e4tt) f\u00f6r att fr\u00e5ga om n\u00e5gon av v\u00e5ra produkter eller tj\u00e4nster eller kundtj\u00e4nst eller f\u00f6r att rapportera ett problem med webbplatsen eller n\u00e5got annat.<\/div>\n\n\n\n<h2 id=\"gspb_heading-id-gsbp-2945a9b\" class=\"gspb_heading gspb_heading-id-gsbp-2945a9b\">Allm\u00e4nt<\/h2>\n\n\n\n<div id=\"gspb_text-id-gsbp-fc883c9\" class=\"gspb_text gspb_text-id-gsbp-fc883c9\">Webbplatsen mo-mo.gr (\"webbplatsen\") informerar dig om policyerna f\u00f6r insamling, anv\u00e4ndning och utl\u00e4mnande av personuppgifter n\u00e4r du anv\u00e4nder v\u00e5r webbplats och de val du har i samband med dessa uppgifter.<br>Vi anv\u00e4nder dina uppgifter f\u00f6r att behandla dina f\u00f6rfr\u00e5gningar och f\u00f6rb\u00e4ttra v\u00e5r webbplats. Genom att anv\u00e4nda webbplatsen samtycker du till insamling och anv\u00e4ndning av information i enlighet med denna policy.<br>V\u00e5rt f\u00f6retags webbplats \u00e4r utformad f\u00f6r att f\u00f6lja f\u00f6ljande nationella och internationella lagstiftning om dataskydd och anv\u00e4ndarnas integritet:<br>EU:s dataskyddsdirektiv 1995 (DPD)<br>EU:s allm\u00e4nna dataskyddsf\u00f6rordning 2018 (GDPR)<br>Att denna webbplats uppfyller kraven i ovann\u00e4mnda lagstiftning inneb\u00e4r att denna webbplats uppfyller kraven i den lagstiftning om dataskydd och anv\u00e4ndarintegritet som har antagits i andra l\u00e4nder och territorier.<\/div>\n\n\n\n<h2 id=\"gspb_heading-id-gsbp-7b4b75b\" class=\"gspb_heading gspb_heading-id-gsbp-7b4b75b\">Insamling och anv\u00e4ndning av information<\/h2>\n\n\n\n<div id=\"gspb_text-id-gsbp-031d952\" class=\"gspb_text gspb_text-id-gsbp-031d952\">Vi samlar in olika typer av information i olika syften f\u00f6r att kunna tillhandah\u00e5lla och f\u00f6rb\u00e4ttra v\u00e5r webbplats f\u00f6r dig.<br>Vi samlar ocks\u00e5 in orderdata endast f\u00f6r anv\u00e4ndning och behandling av leveransen av ordern.<\/div>\n\n\n\n<h2 id=\"gspb_heading-id-gsbp-e3b8807\" class=\"gspb_heading gspb_heading-id-gsbp-e3b8807\">Typer av uppgifter som samlas in - Personuppgifter<\/h2>\n\n\n\n<div id=\"gspb_text-id-gsbp-16d275a\" class=\"gspb_text gspb_text-id-gsbp-16d275a\">N\u00e4r du anv\u00e4nder v\u00e5r webbplats kan vi be dig att f\u00f6rse oss med viss personlig information (\"Personuppgifter\") som kan anv\u00e4ndas f\u00f6r att kontakta eller identifiera dig f\u00f6r att behandla din beg\u00e4ran eller f\u00f6r att kontakta dig. Den information som registreras och lagras \u00e4r enligt f\u00f6ljande:<br>Namn, efternamn, e-post, telefon, f\u00f6rfr\u00e5gningar\/meddelanden, cookie- och anv\u00e4ndningsdata.<\/div>\n\n\n\n<h2 id=\"gspb_heading-id-gsbp-119b723\" class=\"gspb_heading gspb_heading-id-gsbp-119b723\">Anv\u00e4ndningsdata<\/h2>\n\n\n\n<div id=\"gspb_text-id-gsbp-31c0562\" class=\"gspb_text gspb_text-id-gsbp-31c0562\">Vi kan ocks\u00e5 samla in information om hur du kommer \u00e5t och anv\u00e4nder webbplatsen (\"Anv\u00e4ndningsdata\").<br>Dessa anv\u00e4ndningsdata kan inneh\u00e5lla information som din dators Internetprotokolladress (t.ex. IP-adress), webbl\u00e4sartyp, webbl\u00e4sarversion, sidorna p\u00e5 webbplatsen du bes\u00f6ker, tid och datum f\u00f6r ditt bes\u00f6k, den tid som spenderas p\u00e5 dessa sidor, enhetsidentifierare och andra diagnostiska data.<\/div>\n\n\n\n<h2 id=\"gspb_heading-id-gsbp-729c552\" class=\"gspb_heading gspb_heading-id-gsbp-729c552\">GDPR<\/h2>\n\n\n\n<div id=\"gspb_text-id-gsbp-85a8f7c\" class=\"gspb_text gspb_text-id-gsbp-85a8f7c\">Med tanke p\u00e5 internets internationaliserade natur och dess volym, ger inte direkta, f\u00f6ljdskador, tillf\u00e4lliga, indirekta eller f\u00f6ljdskador som uppst\u00e5r till f\u00f6ljd av n\u00e5gon anv\u00e4ndares tillg\u00e5ng till mo-mo.gr eller dess anv\u00e4ndning, inklusive fallet med v\u00e5rdsl\u00f6shet, upphov till ansvar f\u00f6r f\u00f6retaget eller dess chefer. Anv\u00e4ndare rekommenderas att anv\u00e4nda programvara f\u00f6r att skydda sig mot datavirus och andra typer av skadlig kod.<br><br>F\u00f6retaget \u00e4r inte ansvarigt f\u00f6r skador och kostnader som uppst\u00e5r i samband med anv\u00e4ndningen av mo-mo.gr eller of\u00f6rm\u00e5gan att anv\u00e4nda den, av n\u00e5gon person, eller i samband med of\u00f6rm\u00e5ga att utf\u00f6ra, fel, utel\u00e4mnande, avbrott, defekt, f\u00f6rsening i drift eller \u00f6verf\u00f6ring eller systemlinjefel. I h\u00e4ndelse av att skada eller skada eller infektion med elektroniska virus orsakas p\u00e5 datorn eller annat elektroniskt medium som anv\u00e4nds av en anv\u00e4ndare f\u00f6r att komma \u00e5t \/ bes\u00f6ka \/ anv\u00e4nda eller ladda ner material, data, text, bilder, video eller ljud av dess inneh\u00e5ll, ska f\u00f6retaget inte vara ansvarigt p\u00e5 n\u00e5got s\u00e4tt.<br><br>De tj\u00e4nster som finns tillg\u00e4ngliga via webbplatsen tillhandah\u00e5lls anv\u00e4ndarna av e-butiken \"som den \u00e4r\". F\u00f6retaget garanterar inte att inneh\u00e5llet p\u00e5 mo-mo.gr och kvaliteten p\u00e5 de tj\u00e4nster som tillhandah\u00e5lls kommer att uppfylla anv\u00e4ndarnas krav och f\u00f6rv\u00e4ntningar. F\u00f6retaget b\u00e4r inget ansvar f\u00f6r n\u00e5gra juridiska eller civila eller kriminella anspr\u00e5k relaterade till driften eller anv\u00e4ndningen av mo-mo.gr, inte heller f\u00f6r n\u00e5gon skada av n\u00e5got slag, orsakad antingen av bes\u00f6kare p\u00e5 webbplatsen eller av tredje part.<br><br>F\u00f6retaget \u00e4r inte ansvarigt eller tar p\u00e5 sig n\u00e5gon form av ers\u00e4ttningsskyldighet f\u00f6r n\u00e5got anspr\u00e5k relaterat till inneh\u00e5llet i mo-mo.gr, inte heller f\u00f6r n\u00e5got fel, enkelt eller f\u00f6rtalande f\u00f6rtal, f\u00f6rol\u00e4mpning, f\u00f6rol\u00e4mpning, utel\u00e4mnande, l\u00f6gn, svordom, pornografi, h\u00e4delse, fara eller felaktighet som finns i dess inneh\u00e5ll.<\/div>\n\n\n\n<h2 id=\"gspb_heading-id-gsbp-d55ecbe\" class=\"gspb_heading gspb_heading-id-gsbp-d55ecbe\">Till\u00e4mplig lag och \u00f6vriga villkor<\/h2>\n\n\n\n<div id=\"gspb_text-id-gsbp-3465e0e\" class=\"gspb_text gspb_text-id-gsbp-3465e0e\"><strong>Villkor f\u00f6r samtycke:<\/strong> Vi behandlar dina uppgifter efter att du har gett ditt samtycke. Du har r\u00e4tt att n\u00e4r som helst \u00e5terkalla ditt samtycke.<br><br><strong>R\u00e4tt till tillg\u00e5ng:<\/strong> Du har r\u00e4tt att f\u00e5 en bekr\u00e4ftelse fr\u00e5n oss om huruvida dina uppgifter behandlas.<br><br><strong>R\u00e4tt till r\u00e4ttelse:<\/strong> Du har r\u00e4tt att utan on\u00f6digt dr\u00f6jsm\u00e5l f\u00e5 felaktiga personuppgifter som r\u00f6r dig r\u00e4ttade av oss.<br><br><strong>R\u00e4tt till radering:<\/strong> Du har r\u00e4tt att be oss radera personuppgifter som r\u00f6r dig och vi \u00e4r skyldiga att radera personuppgifter utan on\u00f6digt dr\u00f6jsm\u00e5l.<br><br><strong>R\u00e4tt till begr\u00e4nsning av behandling:<\/strong> Du har r\u00e4tt att be oss att begr\u00e4nsa behandlingen av dina uppgifter.<br><br><strong>R\u00e4tt till dataportabilitet:<\/strong> Du har r\u00e4tt att fr\u00e5n oss f\u00e5 de personuppgifter som du har l\u00e4mnat till oss i ett strukturerat, allm\u00e4nt anv\u00e4nt och maskinl\u00e4sbart format och du har r\u00e4tt att \u00f6verf\u00f6ra dessa uppgifter till en annan personuppgiftsansvarig.<\/div>\n\n\n\n<h2 id=\"gspb_heading-id-gsbp-47571d4\" class=\"gspb_heading gspb_heading-id-gsbp-47571d4\">Anv\u00e4ndning av data<\/h2>\n\n\n\n<div id=\"gspb_text-id-gsbp-29e3627\" class=\"gspb_text gspb_text-id-gsbp-29e3627\">Webbplatsen mo-mo.gr anv\u00e4nder de insamlade uppgifterna f\u00f6r olika \u00e4ndam\u00e5l, till exempel: f\u00f6r att tillhandah\u00e5lla och underh\u00e5lla webbplatsen, f\u00f6r att meddela dig om uppdateringar av webbplatsen, f\u00f6r att g\u00f6ra det m\u00f6jligt f\u00f6r dig att delta i interaktiva funktioner p\u00e5 v\u00e5r webbplats n\u00e4r du v\u00e4ljer (kontaktformul\u00e4r etc.), f\u00f6r att tillhandah\u00e5lla kundsupport, f\u00f6r att analysera informationen s\u00e5 att vi kan f\u00f6rb\u00e4ttra webbplatsen.<br>- \u00d6vervakning av anv\u00e4ndningen av webbplatsen.<br>- F\u00f6r att identifiera, f\u00f6rebygga och l\u00f6sa tekniska problem.<\/div>\n\n\n\n<h2 id=\"gspb_heading-id-gsbp-0b31d18\" class=\"gspb_heading gspb_heading-id-gsbp-0b31d18\">Data\u00f6verf\u00f6ring<\/h2>\n\n\n\n<div id=\"gspb_text-id-gsbp-cafe457\" class=\"gspb_text gspb_text-id-gsbp-cafe457\">Vi \u00f6verf\u00f6r inte dina personuppgifter till tredje part. Din information, inklusive personuppgifter, kan \u00f6verf\u00f6ras till - och underh\u00e5llas p\u00e5 - datorer som finns utanf\u00f6r din stat, provins, land eller annan statlig jurisdiktion, d\u00e4r dataskyddslagar kan skilja sig fr\u00e5n dem i din jurisdiktion.<br>Webbplatsen mo-mo.gr kommer att vidta alla n\u00f6dv\u00e4ndiga \u00e5tg\u00e4rder f\u00f6r att se till att dina uppgifter hanteras s\u00e4kert och i enlighet med denna sekretesspolicy och kommer inte att \u00f6verf\u00f6ra dina personuppgifter till en organisation eller ett land om det inte finns tillr\u00e4ckliga kontroller p\u00e5 plats, inklusive datas\u00e4kerhet och annan personlig information.<br>- \u00d6vervakning av anv\u00e4ndningen av webbplatsen.<br>- F\u00f6r att identifiera, f\u00f6rebygga och l\u00f6sa tekniska problem.<\/div>\n\n\n\n<h2 id=\"gspb_heading-id-gsbp-2a59555\" class=\"gspb_heading gspb_heading-id-gsbp-2a59555\">Sp\u00e5ra bes\u00f6k p\u00e5 webbplatsen<\/h2>\n\n\n\n<div id=\"gspb_text-id-gsbp-1a411b9\" class=\"gspb_text gspb_text-id-gsbp-1a411b9\">Som de flesta webbplatser anv\u00e4nder v\u00e5r webbplats Google Analytics (GA) f\u00f6r att sp\u00e5ra anv\u00e4ndarinteraktion.<br>Vi anv\u00e4nder dessa uppgifter f\u00f6r att fastst\u00e4lla antalet personer som anv\u00e4nder v\u00e5r webbplats, f\u00f6r att b\u00e4ttre f\u00f6rst\u00e5 hur de hittar och anv\u00e4nder v\u00e5ra webbplatser och f\u00f6r att se deras resa genom webbplatsen.<br>\u00c4ven om GA registrerar data som din geografiska plats, enhet, webbl\u00e4sare och operativsystem, identifierar ingen av denna information dig personligen.<br>GA registrerar ocks\u00e5 din dators IP-adress, som kan anv\u00e4ndas f\u00f6r att identifiera dig personligen, men Google ger oss inte tillg\u00e5ng till detta.<br>Vi betraktar Google som en tredjeparts databehandlare.<br>GA anv\u00e4nder cookies, detaljer om vilka finns i Googles utvecklarguider. V\u00e5r webbplats anv\u00e4nder GA:s analytics.js-applikation.<br>Om du inaktiverar cookies i din webbl\u00e4sare kommer GA att f\u00f6rhindra att sp\u00e5ra n\u00e5gon del av ditt bes\u00f6k p\u00e5 sidor p\u00e5 denna webbplats.<br>Webbplatsen mo-mo.gr kommer att vidta alla n\u00f6dv\u00e4ndiga \u00e5tg\u00e4rder f\u00f6r att se till att dina uppgifter hanteras s\u00e4kert och i enlighet med denna sekretesspolicy och kommer inte att \u00f6verf\u00f6ra dina personuppgifter till en organisation eller ett land om det inte finns tillr\u00e4ckliga kontroller p\u00e5 plats, inklusive datas\u00e4kerhet och annan personlig information.<br>- \u00d6vervakning av anv\u00e4ndningen av webbplatsen.<br>- F\u00f6r att identifiera, f\u00f6rebygga och l\u00f6sa tekniska problem.<\/div>\n\n\n\n<h2 id=\"gspb_heading-id-gsbp-c05367d\" class=\"gspb_heading gspb_heading-id-gsbp-c05367d\">Hur vi lagrar din personliga information<\/h2>\n\n\n\n<div id=\"gspb_text-id-gsbp-13a39f8\" class=\"gspb_text gspb_text-id-gsbp-13a39f8\">F\u00f6r din surfning p\u00e5 v\u00e5rt f\u00f6retags webbplats kr\u00e4vs dina personuppgifter endast om du vill kontakta oss via kontaktformul\u00e4ret d\u00e4r du ger oss dina kontaktuppgifter eller som kund i v\u00e5r onlinebutik.<\/div>\n\n\n\n<h2 id=\"gspb_heading-id-gsbp-c078134\" class=\"gspb_heading gspb_heading-id-gsbp-c078134\">Elektronisk butik<\/h2>\n\n\n\n<div id=\"gspb_text-id-gsbp-32243e1\" class=\"gspb_text gspb_text-id-gsbp-32243e1\">Din personliga information om dina best\u00e4llningar lagras p\u00e5 f\u00f6ljande s\u00e4tt:<br>- Bevarande av inaktiva konton \/ 1 \u00e5r.<br>- Beh\u00e5llning av inneliggande order \/ 2 veckor.<br>- Beh\u00e5llning av felaktiga order \/ 2 veckor.<br>- Bevarande av avbest\u00e4llda order \/ 1 vecka.<br>- Beh\u00e5ll s\u00e5 att du har en historik \u00f6ver dina best\u00e4llningar p\u00e5 kontosidan.<\/div>\n\n\n\n<h2 id=\"gspb_heading-id-gsbp-e216c01\" class=\"gspb_heading gspb_heading-id-gsbp-e216c01\">Dataintr\u00e5ng<\/h2>\n\n\n\n<div id=\"gspb_text-id-gsbp-7f1304c\" class=\"gspb_text gspb_text-id-gsbp-7f1304c\">Vi kommer att rapportera alla olagliga dataintr\u00e5ng i den h\u00e4r webbplatsens databas eller i en tredje parts databehandlares databas till alla relevanta personer och myndigheter inom 72 timmar efter intr\u00e5nget om det \u00e4r uppenbart att personuppgifter som lagras i en identifierbar form har stulits.<\/div>\n\n\n\n<h2 id=\"gspb_heading-id-gsbp-7047a8a\" class=\"gspb_heading gspb_heading-id-gsbp-7047a8a\">\u00c4ndringar i v\u00e5r integritetspolicy<\/h2>\n\n\n\n<div id=\"gspb_text-id-gsbp-1b93554\" class=\"gspb_text gspb_text-id-gsbp-1b93554\">Integritetspolicyn kan komma att \u00e4ndras fr\u00e5n tid till annan i enlighet med lagstiftning eller branschutveckling.<br>Vi kommer inte att uttryckligen informera v\u00e5ra kunder eller webbplatsanv\u00e4ndare om dessa \u00e4ndringar.<br>Ist\u00e4llet rekommenderar vi att du tittar p\u00e5 denna sida d\u00e5 och d\u00e5 f\u00f6r eventuella \u00e4ndringar i policyn.<\/div>","protected":false},"excerpt":{"rendered":"","protected":false},"author":187,"featured_media":0,"parent":0,"menu_order":0,"comment_status":"closed","ping_status":"closed","template":"","meta":{"_gspb_post_css":"","footnotes":""},"class_list":["post-9457","page","type-page","status-publish","hentry"],"blocksy_meta":[],"_links":{"self":[{"href":"https:\/\/mo-mo.gr\/sv\/wp-json\/wp\/v2\/pages\/9457","targetHints":{"allow":["GET"]}}],"collection":[{"href":"https:\/\/mo-mo.gr\/sv\/wp-json\/wp\/v2\/pages"}],"about":[{"href":"https:\/\/mo-mo.gr\/sv\/wp-json\/wp\/v2\/types\/page"}],"author":[{"embeddable":true,"href":"https:\/\/mo-mo.gr\/sv\/wp-json\/wp\/v2\/users\/187"}],"replies":[{"embeddable":true,"href":"https:\/\/mo-mo.gr\/sv\/wp-json\/wp\/v2\/comments?post=9457"}],"version-history":[{"count":0,"href":"https:\/\/mo-mo.gr\/sv\/wp-json\/wp\/v2\/pages\/9457\/revisions"}],"wp:attachment":[{"href":"https:\/\/mo-mo.gr\/sv\/wp-json\/wp\/v2\/media?parent=9457"}],"curies":[{"name":"wp","href":"https:\/\/api.w.org\/{rel}","templated":true}]}}