{"id":9451,"date":"2024-12-12T11:37:23","date_gmt":"2024-12-12T11:37:23","guid":{"rendered":"https:\/\/mo-mo.gr\/?page_id=9451"},"modified":"2024-12-12T11:46:32","modified_gmt":"2024-12-12T11:46:32","slug":"%cf%8c%cf%81%ce%bf%ce%b9-%cf%87%cf%81%ce%ae%cf%83%ce%b7%cf%82","status":"publish","type":"page","link":"https:\/\/mo-mo.gr\/sv\/%cf%8c%cf%81%ce%bf%ce%b9-%cf%87%cf%81%ce%ae%cf%83%ce%b7%cf%82\/","title":{"rendered":"Villkor f\u00f6r anv\u00e4ndning"},"content":{"rendered":"<div id=\"gspb_text-id-gsbp-ae82458\" class=\"gspb_text gspb_text-id-gsbp-ae82458\">V\u00e4lkommen till mo-mo.gr som tillhandah\u00e5ller handgjorda kl\u00e4der.<\/div>\n\n\n\n<div id=\"gspb_text-id-gsbp-59edf96\" class=\"gspb_text gspb_text-id-gsbp-59edf96\">Tillg\u00e5ng till och anv\u00e4ndning av webbplatsen och de tj\u00e4nster som \u00e4r tillg\u00e4ngliga via den (nedan kallade \"Tj\u00e4nster\") omfattas av f\u00f6ljande villkor (nedan kallade \"Anv\u00e4ndarvillkor\"). Anv\u00e4ndningen av tj\u00e4nsterna inneb\u00e4r ovillkorligt godk\u00e4nnande av anv\u00e4ndarvillkoren, som \u00e4r till\u00e4mpliga fr\u00e5n tid till annan. F\u00f6retaget f\u00f6rbeh\u00e5ller sig r\u00e4tten att \u00e4ndra anv\u00e4ndarvillkoren efter eget gottfinnande och utan f\u00f6reg\u00e5ende meddelande. Det rekommenderas att anv\u00e4ndarna kontrollerar denna sida d\u00e5 och d\u00e5 f\u00f6r att f\u00e5 information om eventuella \u00e4ndringar av anv\u00e4ndarvillkoren.<br><br>F\u00f6retaget g\u00f6r sitt yttersta f\u00f6r att s\u00e4kerst\u00e4lla att inneh\u00e5llet p\u00e5 mo-mo.gr inneh\u00e5ller fullst\u00e4ndig, korrekt, tydlig, giltig, informativ, aktuell, sann och inte vilseledande information. Under inga omst\u00e4ndigheter ska det vara ansvarigt, bundet eller garanterat i f\u00f6rh\u00e5llande till inneh\u00e5llets s\u00e4kerhet och s\u00e4kerhet. D\u00e4rf\u00f6r accepterar anv\u00e4ndarna av mo-mo.gr m\u00f6jligheten att f\u00f6retaget inte kan kontrollera allt sitt inneh\u00e5ll och sina tj\u00e4nster.<br><br>Tillg\u00e5ng till och anv\u00e4ndning av webbplatsen och de tj\u00e4nster som \u00e4r tillg\u00e4ngliga via den (nedan kallade \"Tj\u00e4nster\") omfattas av f\u00f6ljande villkor (nedan kallade \"Anv\u00e4ndarvillkor\"). Anv\u00e4ndningen av tj\u00e4nsterna inneb\u00e4r ovillkorligt godk\u00e4nnande av anv\u00e4ndarvillkoren, som \u00e4r till\u00e4mpliga fr\u00e5n tid till annan. F\u00f6retaget f\u00f6rbeh\u00e5ller sig r\u00e4tten att \u00e4ndra anv\u00e4ndarvillkoren efter eget gottfinnande och utan f\u00f6reg\u00e5ende meddelande. Det rekommenderas att anv\u00e4ndarna kontrollerar denna sida d\u00e5 och d\u00e5 f\u00f6r att f\u00e5 information om eventuella \u00e4ndringar av anv\u00e4ndarvillkoren.<br><br>F\u00f6retaget g\u00f6r sitt yttersta f\u00f6r att s\u00e4kerst\u00e4lla att inneh\u00e5llet p\u00e5 mo-mo.gr inneh\u00e5ller fullst\u00e4ndig, korrekt, tydlig, giltig, informativ, aktuell, sann och inte vilseledande information. Under inga omst\u00e4ndigheter ska det vara ansvarigt, bundet eller garanterat i f\u00f6rh\u00e5llande till inneh\u00e5llets s\u00e4kerhet och s\u00e4kerhet. D\u00e4rf\u00f6r accepterar anv\u00e4ndarna av mo-mo.gr m\u00f6jligheten att f\u00f6retaget inte kan kontrollera allt sitt inneh\u00e5ll och sina tj\u00e4nster.<br>Anv\u00e4ndningen av mo-mo.gr av varje anv\u00e4ndare sker p\u00e5 hans \/ hennes egen risk och dess inneh\u00e5ll utg\u00f6r inte och kan inte p\u00e5 n\u00e5got s\u00e4tt tolkas som att ge r\u00e5d, direkt eller indirekt uppmuntran till anv\u00e4ndare att vidta n\u00e5gon \u00e5tg\u00e4rd eller \u00e5tg\u00e4rd. Utv\u00e4rderingen av inneh\u00e5llet \u00e4r varje anv\u00e4ndares ansvar som tar p\u00e5 sig ansvaret f\u00f6r anv\u00e4ndningen av n\u00e5gon del av inneh\u00e5llet.<\/div>\n\n\n\n<h2 id=\"gspb_heading-id-gsbp-37be37a\" class=\"gspb_heading gspb_heading-id-gsbp-37be37a\">Skydd av personuppgifter<\/h2>\n\n\n\n<div id=\"gspb_text-id-gsbp-f8e9a7d\" class=\"gspb_text gspb_text-id-gsbp-f8e9a7d\">Den information eller de personuppgifter som du l\u00e4mnar till oss \u00e4r f\u00f6rem\u00e5l f\u00f6r behandling enligt dataskyddspolicyn. Genom att anv\u00e4nda denna webbplats ger du ditt samtycke till behandlingen av s\u00e5dan information och s\u00e5dana uppgifter och du intygar att all information och alla uppgifter som du l\u00e4mnar till oss \u00e4r sanna och korrekta.<\/div>\n\n\n\n<h2 id=\"gspb_heading-id-gsbp-d1b9d97\" class=\"gspb_heading gspb_heading-id-gsbp-d1b9d97\">Navigering och anv\u00e4ndning av webbplatsen<\/h2>\n\n\n\n<div id=\"gspb_text-id-gsbp-77e48da\" class=\"gspb_text gspb_text-id-gsbp-77e48da\">Anv\u00e4ndare \u00e4r ensamt ansvariga f\u00f6r innehav och underh\u00e5ll av telefonanslutningar, datorer och allm\u00e4n utrustning som kr\u00e4vs f\u00f6r anv\u00e4ndning av tj\u00e4nsterna i mo-mo.gr.<br><br>Den information eller de personuppgifter som du l\u00e4mnar till oss \u00e4r f\u00f6rem\u00e5l f\u00f6r behandling enligt dataskyddspolicyn. Genom att anv\u00e4nda denna webbplats ger du ditt samtycke till behandlingen av s\u00e5dan information och s\u00e5dana uppgifter och du intygar att all information och alla uppgifter som du l\u00e4mnar till oss \u00e4r sanna och korrekta.<br><br>- Anv\u00e4nd webbplatsen endast f\u00f6r att l\u00e4ra dig mer om v\u00e5ra tj\u00e4nster och f\u00f6r att st\u00e4lla ber\u00e4ttigade fr\u00e5gor.<br>- St\u00e4ll inte falska eller bedr\u00e4gliga fr\u00e5gor. Om vi har sk\u00e4lig anledning att tro att ett formul\u00e4r har fyllts i med falska eller bedr\u00e4gliga uppgifter har vi r\u00e4tt att informera de beh\u00f6riga myndigheterna.<br>- F\u00f6rse oss med din korrekta e-postadress, postadress och\/eller andra kontaktuppgifter.<br>- Du accepterar ocks\u00e5 att vi kan anv\u00e4nda denna information f\u00f6r att kontakta dig om det \u00e4r n\u00f6dv\u00e4ndigt. Om du inte ger oss all information vi beh\u00f6ver kan vi inte kontakta dig.<\/div>\n\n\n\n<h2 id=\"gspb_heading-id-gsbp-f992823\" class=\"gspb_heading gspb_heading-id-gsbp-f992823\">Immateriella och industriella r\u00e4ttigheter<\/h2>\n\n\n\n<div id=\"gspb_text-id-gsbp-9e2fb32\" class=\"gspb_text gspb_text-id-gsbp-9e2fb32\">Immateriell egendom f\u00f6rv\u00e4rvas utan n\u00e5gon formulering och utan behov av en klausul som f\u00f6rbjuder intr\u00e5ng. mo-mo.gr och dess inneh\u00e5ll (vilket inkluderar alla varum\u00e4rken, s\u00e4rdrag, patent, namn, texter, bilder, grafik, ritningar, fotografier, program, informationsmaterial i n\u00e5gon form, data, programvara) \u00e4r f\u00f6retagets immateriella och industriella egendom och skyddas av relevanta best\u00e4mmelser i grekisk lag, gemenskapslag och internationell lag.<br><br>Det b\u00f6r noteras att enligt lag 2121\/1993 (i dess \u00e4ndrade och nu g\u00e4llande lydelse), den internationella Bernkonventionen (ratificerad genom lag 2121\/1993), den internationella Bernkonventionen (ratificerad genom lag 2121\/1993) och den internationella konventionen om skydd f\u00f6r den industriella \u00e4gander\u00e4tten (ratificerad genom lag 2121\/1993). 100\/1975) och de relevanta best\u00e4mmelserna om skydd av immateriella r\u00e4ttigheter p\u00e5 Internet, \u00e4r varje form av kopiering, \u00e4ndring, inblandning, \u00f6verf\u00f6ring, distribution, \u00e5terf\u00f6rs\u00e4ljning, uthyrning, \u00e5terutgivning, reproduktion, \u00e5teruts\u00e4ndning i elektronisk eller mekanisk form, lagring, tryckning, skapande av derivatverk, nedladdning av n\u00e5gon eller vilseledande av allm\u00e4nheten om den verkliga \u00e4garen till inneh\u00e5llet uttryckligen f\u00f6rbjuden.<br><br>Inneh\u00e5llet p\u00e5 mo-mo.gr utg\u00f6r inte och ska inte i n\u00e5got fall tolkas som ett beviljande av uttryckligt eller underf\u00f6rst\u00e5tt tillst\u00e5nd eller r\u00e4tt att anv\u00e4nda n\u00e5got varum\u00e4rke som visas p\u00e5 det utan skriftligt tillst\u00e5nd fr\u00e5n f\u00f6retaget eller tredje part som kan \u00e4ga varum\u00e4rkena som visas p\u00e5 det. Varum\u00e4rkena, logotyperna, logotyperna, s\u00e4rdragen som visas p\u00e5 mo-mo.gr och skildringarna av personer eller platser eller saker som ing\u00e5r i dess inneh\u00e5ll tillh\u00f6r f\u00f6retaget eller tredje part. Deras anv\u00e4ndning \u00e4r str\u00e4ngt f\u00f6rbjuden utan f\u00f6reg\u00e5ende skriftligt tillst\u00e5nd fr\u00e5n f\u00f6retaget, s\u00e5vida inte annat anges i till\u00e4mpliga anv\u00e4ndarvillkor.<br><br>Produkter, tj\u00e4nster, varum\u00e4rken, varum\u00e4rken eller s\u00e4rdrag fr\u00e5n tredje part som visas p\u00e5 mo-mo.gr \u00e4r immateriell och industriell egendom som tillh\u00f6r tredje part, som ocks\u00e5 \u00e4r ansvarig f\u00f6r dem.<br><br>Den information som l\u00e4mnas till f\u00f6retaget via mo-mo.gr betraktas som icke-konfidentiell information och utg\u00f6r inte en tillg\u00e5ng f\u00f6r anv\u00e4ndaren i fr\u00e5ga. F\u00f6retagets egendom \u00e4r, s\u00e5 l\u00e5ngt detta \u00e4r m\u00f6jligt, allt som \u00f6verf\u00f6rs eller vidarebefordras eller skickas via mo-mo.gr. F\u00f6retaget kan samla in begr\u00e4nsad information f\u00f6r sin kommersiella verksamhet.<\/div>\n\n\n\n<h2 id=\"gspb_heading-id-gsbp-0af6544\" class=\"gspb_heading gspb_heading-id-gsbp-0af6544\">Bolagets ansvar<\/h2>\n\n\n\n<div id=\"gspb_text-id-gsbp-e0f2292\" class=\"gspb_text gspb_text-id-gsbp-e0f2292\">Med tanke p\u00e5 internets internationaliserade natur och dess volym, ger inte direkta, f\u00f6ljdskador, tillf\u00e4lliga, indirekta eller f\u00f6ljdskador som uppst\u00e5r till f\u00f6ljd av n\u00e5gon anv\u00e4ndares tillg\u00e5ng till mo-mo.gr eller dess anv\u00e4ndning, inklusive fallet med v\u00e5rdsl\u00f6shet, upphov till ansvar f\u00f6r f\u00f6retaget eller dess chefer. Anv\u00e4ndare rekommenderas att anv\u00e4nda programvara f\u00f6r att skydda sig mot datavirus och andra typer av skadlig kod.<br><br>F\u00f6retaget \u00e4r inte ansvarigt f\u00f6r skador och kostnader som uppst\u00e5r i samband med anv\u00e4ndningen av mo-mo.gr eller of\u00f6rm\u00e5gan att anv\u00e4nda den, av n\u00e5gon person, eller i samband med of\u00f6rm\u00e5ga att utf\u00f6ra, fel, utel\u00e4mnande, avbrott, defekt, f\u00f6rsening i drift eller \u00f6verf\u00f6ring eller systemlinjefel. I h\u00e4ndelse av att skada eller skada eller infektion med elektroniska virus orsakas p\u00e5 datorn eller annat elektroniskt medium som anv\u00e4nds av en anv\u00e4ndare f\u00f6r att komma \u00e5t \/ bes\u00f6ka \/ anv\u00e4nda eller ladda ner material, data, text, bilder, video eller ljud av dess inneh\u00e5ll, ska f\u00f6retaget inte vara ansvarigt p\u00e5 n\u00e5got s\u00e4tt.<br><br>De tj\u00e4nster som finns tillg\u00e4ngliga via webbplatsen tillhandah\u00e5lls anv\u00e4ndarna av e-butiken \"som den \u00e4r\". F\u00f6retaget garanterar inte att inneh\u00e5llet p\u00e5 mo-mo.gr och kvaliteten p\u00e5 de tj\u00e4nster som tillhandah\u00e5lls kommer att uppfylla anv\u00e4ndarnas krav och f\u00f6rv\u00e4ntningar. F\u00f6retaget b\u00e4r inget ansvar f\u00f6r n\u00e5gra juridiska eller civila eller kriminella anspr\u00e5k relaterade till driften eller anv\u00e4ndningen av mo-mo.gr, inte heller f\u00f6r n\u00e5gon skada av n\u00e5got slag, orsakad antingen av bes\u00f6kare p\u00e5 webbplatsen eller av tredje part.<br><br>F\u00f6retaget \u00e4r inte ansvarigt eller tar p\u00e5 sig n\u00e5gon form av ers\u00e4ttningsskyldighet f\u00f6r n\u00e5got anspr\u00e5k relaterat till inneh\u00e5llet i mo-mo.gr, inte heller f\u00f6r n\u00e5got fel, enkelt eller f\u00f6rtalande f\u00f6rtal, f\u00f6rol\u00e4mpning, f\u00f6rol\u00e4mpning, utel\u00e4mnande, l\u00f6gn, svordom, pornografi, h\u00e4delse, fara eller felaktighet som finns i dess inneh\u00e5ll.<\/div>\n\n\n\n<h2 id=\"gspb_heading-id-gsbp-1f3399a\" class=\"gspb_heading gspb_heading-id-gsbp-1f3399a\">Till\u00e4mplig lag och \u00f6vriga villkor<\/h2>\n\n\n\n<div id=\"gspb_text-id-gsbp-bd3e3ed\" class=\"gspb_text gspb_text-id-gsbp-bd3e3ed\">Dessa villkor och eventuella \u00e4ndringar av dem ska styras av och tolkas i enlighet med grekisk lag. F\u00f6r alla tvister som uppst\u00e5r till f\u00f6ljd av anv\u00e4ndningen av mo-mo.gr har de beh\u00f6riga domstolarna i Thessaloniki jurisdiktion.<\/div>","protected":false},"excerpt":{"rendered":"","protected":false},"author":187,"featured_media":0,"parent":0,"menu_order":0,"comment_status":"closed","ping_status":"closed","template":"","meta":{"_gspb_post_css":"","footnotes":""},"class_list":["post-9451","page","type-page","status-publish","hentry"],"blocksy_meta":[],"_links":{"self":[{"href":"https:\/\/mo-mo.gr\/sv\/wp-json\/wp\/v2\/pages\/9451","targetHints":{"allow":["GET"]}}],"collection":[{"href":"https:\/\/mo-mo.gr\/sv\/wp-json\/wp\/v2\/pages"}],"about":[{"href":"https:\/\/mo-mo.gr\/sv\/wp-json\/wp\/v2\/types\/page"}],"author":[{"embeddable":true,"href":"https:\/\/mo-mo.gr\/sv\/wp-json\/wp\/v2\/users\/187"}],"replies":[{"embeddable":true,"href":"https:\/\/mo-mo.gr\/sv\/wp-json\/wp\/v2\/comments?post=9451"}],"version-history":[{"count":0,"href":"https:\/\/mo-mo.gr\/sv\/wp-json\/wp\/v2\/pages\/9451\/revisions"}],"wp:attachment":[{"href":"https:\/\/mo-mo.gr\/sv\/wp-json\/wp\/v2\/media?parent=9451"}],"curies":[{"name":"wp","href":"https:\/\/api.w.org\/{rel}","templated":true}]}}