{"id":9723,"date":"2023-09-03T10:37:56","date_gmt":"2023-09-03T10:37:56","guid":{"rendered":"https:\/\/mo-mo.gr\/product\/tsuru-tori-%e9%b6%b4%e9%b3%a5-purse-bag-in-deep-blue-cotton-japanese-fabric-with-golden-and-black-colored-details\/"},"modified":"2024-12-12T14:40:08","modified_gmt":"2024-12-12T14:40:08","slug":"tsuru-tori-%e9%b6%b4%e9%b3%a5-bolsa-em-tecido-japones-de-algodao-azul-profundo-com-pormenores-dourados-e-pretos","status":"publish","type":"product","link":"https:\/\/mo-mo.gr\/pt\/\u03c0\u03c1\u03bf\u03ca\u03cc\u03bd\u03c4\u03b1\/tsuru-tori-%e9%b6%b4%e9%b3%a5-purse-bag-in-deep-blue-cotton-japanese-fabric-with-golden-and-black-colored-details\/","title":{"rendered":"BOLSA TSURU TORI \u9db4\u9ce5 EM TECIDO JAPON\u00caS DE ALGOD\u00c3O AZUL PROFUNDO COM DETALHES DOURADOS E PRETOS"},"content":{"rendered":"","protected":false},"excerpt":{"rendered":"<p><span style=\"font-family: Roboto, sans-serif; font-size: 16px; font-style: normal; font-weight: 300; letter-spacing: 1px; text-align: start; text-indent: 0px; text-transform: none; text-decoration: none; float: none;\">Saco para cosm\u00e9ticos, saco para \u00e1gua ou bolsa para o saco<\/span><span style=\"font-family: Roboto, sans-serif; font-size: 16px; font-style: normal; font-weight: 300; letter-spacing: 1px; text-align: left; text-indent: 0px; text-transform: none; text-decoration: none; float: none;\">de tecido japon\u00eas com o grou, a ave emblem\u00e1tica do Jap\u00e3o<\/span><span style=\"font-family: Roboto, sans-serif; font-size: 16px; font-style: normal; font-weight: 300; letter-spacing: 1px; text-align: left; text-indent: 0px; text-transform: none; text-decoration: none; float: none;\"><span class=\"Apple-converted-space\">,\u00a0<\/span><\/span><span style=\"font-family: Roboto, sans-serif; font-size: 16px; font-style: normal; font-weight: 300; letter-spacing: 1px; text-align: left; text-indent: 0px; text-transform: none; text-decoration: none; float: none;\">geom\u00e9trico<\/span><span style=\"font-family: Roboto, sans-serif; font-size: 16px; font-style: normal; font-weight: 300; letter-spacing: 1px; text-align: left; text-indent: 0px; text-transform: none; text-decoration: none; float: none;\">Tradicionalmente<\/span><span style=\"font-family: Roboto, sans-serif; font-size: 16px; font-style: normal; font-weight: 300; letter-spacing: 1px; text-align: left; text-indent: 0px; text-transform: none; text-decoration: none; float: none;\"><span class=\"Apple-converted-space\">\u00a0<\/span><\/span><span style=\"font-family: Roboto, sans-serif; font-size: 16px; font-style: normal; font-weight: 300; letter-spacing: 1px; text-align: left; text-indent: 0px; text-transform: none; text-decoration: none; float: none;\">padr\u00f5es<\/span><span style=\"font-family: Roboto, sans-serif; font-size: 16px; font-style: normal; font-weight: 300; letter-spacing: 1px; text-align: left; text-indent: 0px; text-transform: none; text-decoration: none; float: none;\"><span class=\"Apple-converted-space\">\u00a0<\/span><\/span><span style=\"font-family: Roboto, sans-serif; font-size: 16px; font-style: normal; font-weight: 300; letter-spacing: 1px; text-align: left; text-indent: 0px; text-transform: none; text-decoration: none; float: none;\">e<\/span><span style=\"font-family: Roboto, sans-serif; font-size: 16px; font-style: normal; font-weight: 300; letter-spacing: 1px; text-align: left; text-indent: 0px; text-transform: none; text-decoration: none; float: none;\"><span class=\"Apple-converted-space\">\u00a0<\/span><\/span><span style=\"font-family: Roboto, sans-serif; font-size: 16px; font-style: normal; font-weight: 300; letter-spacing: 1px; text-align: left; text-indent: 0px; text-transform: none; text-decoration: none; float: none;\">dourado<\/span><span style=\"font-family: Roboto, sans-serif; font-size: 16px; font-style: normal; font-weight: 300; letter-spacing: 1px; text-align: left; text-indent: 0px; text-transform: none; text-decoration: none; float: none;\">Detalhes<\/span><span style=\"font-family: Roboto, sans-serif; font-size: 16px; font-style: normal; font-weight: 300; letter-spacing: 1px; text-align: left; text-indent: 0px; text-transform: none; text-decoration: none; float: none;\">.<\/span><span style=\"font-family: Roboto, sans-serif; font-size: 16px; font-style: normal; font-weight: 300; letter-spacing: 1px; text-align: left; text-indent: 0px; text-transform: none; text-decoration: none; float: none;\"> Por <\/span>refor\u00e7o interno<span style=\"font-family: Roboto, sans-serif; font-size: 16px; font-style: normal; font-weight: 300; letter-spacing: 1px; text-align: left; text-indent: 0px; text-transform: none; text-decoration: none; float: none;\"> para <\/span>permanece sempre<span style=\"font-family: Roboto, sans-serif; font-size: 16px; font-style: normal; font-weight: 300; letter-spacing: 1px; text-align: left; text-indent: 0px; text-transform: none; text-decoration: none; float: none;\"> em <\/span>esquema<span style=\"font-family: Roboto, sans-serif; font-size: 16px; font-style: normal; font-weight: 300; letter-spacing: 1px; text-align: left; text-indent: 0px; text-transform: none; text-decoration: none; float: none;\"> dele.<\/span><\/p>","protected":false},"featured_media":11628,"comment_status":"open","ping_status":"open","template":"","meta":{"_gspb_post_css":""},"product_brand":[],"product_cat":[70],"product_tag":[],"class_list":{"0":"post-9723","1":"product","2":"type-product","3":"status-publish","4":"has-post-thumbnail","6":"product_cat-sold-out","8":"first","9":"outofstock","10":"taxable","11":"shipping-taxable","12":"purchasable","13":"product-type-simple"},"_links":{"self":[{"href":"https:\/\/mo-mo.gr\/pt\/wp-json\/wp\/v2\/product\/9723","targetHints":{"allow":["GET"]}}],"collection":[{"href":"https:\/\/mo-mo.gr\/pt\/wp-json\/wp\/v2\/product"}],"about":[{"href":"https:\/\/mo-mo.gr\/pt\/wp-json\/wp\/v2\/types\/product"}],"replies":[{"embeddable":true,"href":"https:\/\/mo-mo.gr\/pt\/wp-json\/wp\/v2\/comments?post=9723"}],"wp:featuredmedia":[{"embeddable":true,"href":"https:\/\/mo-mo.gr\/pt\/wp-json\/wp\/v2\/media\/11628"}],"wp:attachment":[{"href":"https:\/\/mo-mo.gr\/pt\/wp-json\/wp\/v2\/media?parent=9723"}],"wp:term":[{"taxonomy":"product_brand","embeddable":true,"href":"https:\/\/mo-mo.gr\/pt\/wp-json\/wp\/v2\/product_brand?post=9723"},{"taxonomy":"product_cat","embeddable":true,"href":"https:\/\/mo-mo.gr\/pt\/wp-json\/wp\/v2\/product_cat?post=9723"},{"taxonomy":"product_tag","embeddable":true,"href":"https:\/\/mo-mo.gr\/pt\/wp-json\/wp\/v2\/product_tag?post=9723"}],"curies":[{"name":"wp","href":"https:\/\/api.w.org\/{rel}","templated":true}]}}