{"id":9501,"date":"2024-12-12T12:47:37","date_gmt":"2024-12-12T12:47:37","guid":{"rendered":"https:\/\/mo-mo.gr\/?page_id=9501"},"modified":"2024-12-17T21:33:57","modified_gmt":"2024-12-17T19:33:57","slug":"%cf%85%cf%86%ce%ac%cf%83%ce%bc%ce%b1%cf%84%ce%b1","status":"publish","type":"page","link":"https:\/\/mo-mo.gr\/pt\/%cf%85%cf%86%ce%ac%cf%83%ce%bc%ce%b1%cf%84%ce%b1\/","title":{"rendered":"Tecidos"},"content":{"rendered":"<div id=\"gspb_text-id-gsbp-a910a73\" class=\"gspb_text gspb_text-id-gsbp-a910a73\"><strong>Roupa de cama:<\/strong>\u00a0O linho \u00e9 um dos tecidos mais antigos e mais duradouros utilizados no vestu\u00e1rio. Ap\u00f3s mil\u00e9nios, esta fibra natural continua a ser popular pelas suas excelentes propriedades e pela eleg\u00e2ncia que oferece.<br><br>O linho caracteriza-se pela sua durabilidade, o que o torna ideal para o vestu\u00e1rio quotidiano e intemporal. Este tecido respira livremente, permitindo que a pele se sinta fresca e refrescada mesmo nos dias quentes de ver\u00e3o. Al\u00e9m disso, a sua elevada capacidade de absor\u00e7\u00e3o torna-o ideal para pessoas que transpiram facilmente.<br>Uma das grandes vantagens do linho \u00e9 a sua propriedade antimicrobiana natural. Isto significa que impede o crescimento de bact\u00e9rias e odores desagrad\u00e1veis, mantendo as roupas frescas e saud\u00e1veis durante mais tempo.<br><br>Para al\u00e9m disso, o linho distingue-se pelo seu aspeto elegante e natural. A sua textura \u00e9 \u00fanica e confere um ar de requinte e eleg\u00e2ncia a todas as pe\u00e7as de vestu\u00e1rio que o utilizam. Quer se trate de camisas, cal\u00e7as, vestidos ou casacos, o linho cria uma sensa\u00e7\u00e3o de eleg\u00e2ncia e autenticidade.<br><br>\u00c9 f\u00e1cil de cuidar, pode suportar v\u00e1rias lavagens e torna-se ainda mais macio e bonito com o tempo. Assim, o tecido de linho para vestu\u00e1rio \u00e9 uma op\u00e7\u00e3o que combina durabilidade, conforto e eleg\u00e2ncia, oferecendo uma experi\u00eancia de vestu\u00e1rio \u00fanica.<br><br><strong>Seda:<\/strong>\u00a0A seda \u00e9 um tecido maravilhoso que exala luxo e beleza sofisticada. Com uma textura suave e um aspeto lustroso, a seda conquistou os cora\u00e7\u00f5es das pessoas durante s\u00e9culos.<br>A principal carater\u00edstica do tecido de seda \u00e9 a sensa\u00e7\u00e3o de frescura e leveza que oferece \u00e0 pele. Absorve a humidade e permite que a pele respire, criando um espa\u00e7o confort\u00e1vel e fresco para o corpo.<br><br>O brilho do tecido sedoso \u00e9 inigual\u00e1vel. Quando iluminado, reflecte a luz e cria uma apar\u00eancia deslumbrante. Este brilho natural da seda torna-a ideal para eventos formais e festivos, como casamentos e cerim\u00f3nias.<br>Outra vantagem do tecido de seda \u00e9 a sua capacidade de manter a cor durante muito tempo. Os tons vibrantes do tecido de seda criam uma sensa\u00e7\u00e3o de luxo e sofistica\u00e7\u00e3o.<br><br>A seda \u00e9 um tecido que incorpora a harmonia entre a suavidade, o requinte e a eleg\u00e2ncia. \u00c9 ideal para ocasi\u00f5es especiais, bem como para quem usa no dia a dia e deseja mostrar a eleg\u00e2ncia e a sofistica\u00e7\u00e3o do vestido.<br><br><strong>Viscose:<\/strong>\u00a0A viscose \u00e9 um tecido criado a partir de celulose natural derivada de pol\u00edmeros de fibras vegetais. Este material maravilhoso combina a suavidade e a textura da seda com a facilidade de utiliza\u00e7\u00e3o e o pre\u00e7o acess\u00edvel.<br><br>A viscose tem uma textura suave que a torna muito agrad\u00e1vel para a pele. \u00c9 leve e fresca, oferecendo conforto e respirabilidade ao utilizador. Al\u00e9m disso, a viscose tem uma boa capacidade de absor\u00e7\u00e3o, mantendo a pele seca e fresca mesmo em condi\u00e7\u00f5es clim\u00e1ticas quentes e h\u00famidas.<br><br>Outra vantagem da viscose \u00e9 a sua facilidade de processamento e design. Pode assumir uma variedade de formas, desde padr\u00f5es florais elegantes e rom\u00e2nticos a figuras geom\u00e9tricas modernas. Para al\u00e9m disso, a viscose \u00e9 sens\u00edvel \u00e0 luz e tem um brilho carater\u00edstico que a torna adequada para vestu\u00e1rio elegante e formal.<br><br>Todas estas carater\u00edsticas fazem da viscose um tecido popular para quimonos. Descubra a variedade de modelos e cores que a viscose oferece e desfrute da sensa\u00e7\u00e3o de elasticidade e eleg\u00e2ncia que este maravilhoso tecido proporciona.<br><br><strong>Algod\u00e3o:<\/strong>\u00a0O tecido de algod\u00e3o \u00e9 um dos materiais mais populares na moda e no vestu\u00e1rio. \u00c9 derivado da fibra vegetal do algod\u00e3o e tem muitas propriedades excelentes que o tornam ideal para o uso quotidiano.<br><br>O tecido de algod\u00e3o \u00e9 macio, respir\u00e1vel e confort\u00e1vel para a pele. A sua fibra natural permite que o ar circule livremente atrav\u00e9s do tecido, mantendo o corpo fresco e seco, mesmo em condi\u00e7\u00f5es de calor e humidade. Al\u00e9m disso, o tecido de algod\u00e3o tem uma boa capacidade de absor\u00e7\u00e3o, absorvendo o suor e permitindo que a pele respire.<br><br>Outra vantagem importante do tecido de algod\u00e3o \u00e9 a sua durabilidade. \u00c9 capaz de resistir ao uso e \u00e0 lavagem e mant\u00e9m a sua forma e qualidade originais durante muito tempo. Al\u00e9m disso, \u00e9 f\u00e1cil de cuidar e de passar a ferro.<br><br>O tecido de algod\u00e3o \u00e9 vers\u00e1til e polivalente. Pode ser utilizado para v\u00e1rios tipos de vestu\u00e1rio, como camisas, vestidos, cal\u00e7as, saias e pijamas. Est\u00e1 dispon\u00edvel em v\u00e1rios modelos, cores e texturas, o que permite criar pe\u00e7as de vestu\u00e1rio \u00fanicas e personalizadas.<br><br>Todas estas carater\u00edsticas fazem do tecido de algod\u00e3o uma excelente escolha para vestu\u00e1rio confort\u00e1vel, elegante e pr\u00e1tico. Descubra a variedade de tecidos de algod\u00e3o em oferta e escolha as pe\u00e7as certas que proporcionar\u00e3o conforto e estilo para todas as ocasi\u00f5es.<br><br><strong>Taftas:<\/strong>\u00a0O tecido de tafet\u00e1 \u00e9 um tecido maravilhoso com uma hist\u00f3ria rica e um aspeto elegante. Este tecido caracteriza-se pela sua textura, que \u00e9 criada pela altern\u00e2ncia de fios densos e finos durante a tecelagem.<br><br>O tafet\u00e1 tem um brilho e uma textura \u00fanicos, o que o torna ideal para uma utiliza\u00e7\u00e3o formal e elegante. \u00c9 macio e tem um toque suave na pele, oferecendo conforto e flexibilidade de movimentos. O tecido de tafet\u00e1 pode ser apresentado numa variedade de cores e padr\u00f5es, dependendo da prefer\u00eancia e criatividade do designer.<br><br>\u00c9 frequentemente utilizado para criar vestidos de noite, fatos e vestu\u00e1rio formal. A eleg\u00e2ncia e a sofistica\u00e7\u00e3o do tafet\u00e1 tornam-no ideal para ocasi\u00f5es especiais, como casamentos, cerim\u00f3nias e festas de cocktail. \u00c9 um tecido apelativo que confere uma sensa\u00e7\u00e3o de luxo e eleg\u00e2ncia a qualquer visual.<br><br>Descubra a variedade de cores e padr\u00f5es do tecido tafet\u00e1 e escolha as pe\u00e7as que dar\u00e3o glamour e sofistica\u00e7\u00e3o ao seu guarda-roupa. Desfrute da sensa\u00e7\u00e3o de luxo e eleg\u00e2ncia proporcionada por este maravilhoso tecido.<br><br><strong>Cetim:<\/strong>\u00a0O tecido de cetim \u00e9 conhecido pela sua textura suave e brilhante e pelo seu aspeto sofisticado. Este tecido \u00e9 criado pela t\u00e9cnica especial de tecelagem absoluta ou indireta, em que os fios s\u00e3o regidos por um modo de tecelagem adicional espec\u00edfico que cria o seu efeito brilhante carater\u00edstico.<br><br>O cetim \u00e9 um tecido que se destaca pela sua elevada qualidade e pela sensa\u00e7\u00e3o de luxo que oferece. A sua textura suave e macia faz com que o tecido seja agrad\u00e1vel contra a pele, enquanto o seu brilho acrescenta uma dimens\u00e3o de glamour e sofistica\u00e7\u00e3o a todas as pe\u00e7as criadas com ele.<br><br>O cetim \u00e9 amplamente utilizado no fabrico de vestu\u00e1rio formal e de noite, como vestidos, saias e tops. Tamb\u00e9m \u00e9 popular na decora\u00e7\u00e3o de interiores, cortinas, colchas e almofadas. A eleg\u00e2ncia e a durabilidade do cetim tornam-no ideal para ocasi\u00f5es especiais e criam uma sensa\u00e7\u00e3o de romance e eleg\u00e2ncia.<br><br>Se procura um tecido que d\u00ea glamour e sofistica\u00e7\u00e3o \u00e0s suas escolhas de vestu\u00e1rio, o cetim \u00e9 uma excelente escolha. Descubra a sua variedade de cores e padr\u00f5es e crie pe\u00e7as \u00fanicas que a far\u00e3o sobressair pela sua eleg\u00e2ncia.<\/div>","protected":false},"excerpt":{"rendered":"<p>&#8220;\u039a\u03ac\u03b8\u03b5 \u03ac\u03bd\u03b8\u03c1\u03c9\u03c0\u03bf\u03c2 \u03b4\u03b5\u03bd \u03c0\u03c1\u03ad\u03c0\u03b5\u03b9 \u03bd\u03b1 \u03c6\u03b1\u03af\u03bd\u03b5\u03c4\u03b1\u03b9 \u03cc\u03bc\u03bf\u03c1\u03c6\u03bf\u03c2. \u0398\u03b1 \u03c0\u03c1\u03ad\u03c0\u03b5\u03b9 \u03bd\u03b1 \u03bc\u03bf\u03b9\u03ac\u03b6\u03b5\u03b9 \u03bc\u03b5 \u03c4\u03bf\u03bd \u03b5\u03b1\u03c5\u03c4\u03cc \u03c4\u03bf\u03c5. \u0391\u03c5\u03c4\u03cc \u03b5\u03af\u03bd\u03b1\u03b9 \u03cc\u03bc\u03bf\u03c1\u03c6\u03bf&#8221;<\/p>","protected":false},"author":187,"featured_media":0,"parent":0,"menu_order":0,"comment_status":"closed","ping_status":"closed","template":"","meta":{"_gspb_post_css":"","footnotes":""},"class_list":["post-9501","page","type-page","status-publish","hentry"],"blocksy_meta":[],"_links":{"self":[{"href":"https:\/\/mo-mo.gr\/pt\/wp-json\/wp\/v2\/pages\/9501","targetHints":{"allow":["GET"]}}],"collection":[{"href":"https:\/\/mo-mo.gr\/pt\/wp-json\/wp\/v2\/pages"}],"about":[{"href":"https:\/\/mo-mo.gr\/pt\/wp-json\/wp\/v2\/types\/page"}],"author":[{"embeddable":true,"href":"https:\/\/mo-mo.gr\/pt\/wp-json\/wp\/v2\/users\/187"}],"replies":[{"embeddable":true,"href":"https:\/\/mo-mo.gr\/pt\/wp-json\/wp\/v2\/comments?post=9501"}],"version-history":[{"count":0,"href":"https:\/\/mo-mo.gr\/pt\/wp-json\/wp\/v2\/pages\/9501\/revisions"}],"wp:attachment":[{"href":"https:\/\/mo-mo.gr\/pt\/wp-json\/wp\/v2\/media?parent=9501"}],"curies":[{"name":"wp","href":"https:\/\/api.w.org\/{rel}","templated":true}]}}