{"id":9491,"date":"2024-12-12T12:43:29","date_gmt":"2024-12-12T12:43:29","guid":{"rendered":"https:\/\/mo-mo.gr\/?page_id=9491"},"modified":"2024-12-17T21:08:19","modified_gmt":"2024-12-17T19:08:19","slug":"%cf%81%ce%b1%cf%86%ce%ae-%ce%b1%cf%83%ce%b9%ce%b1%cf%84%ce%b9%ce%ba%cf%8e%ce%bd-%ce%b5%ce%bd%ce%b4%cf%85%ce%bc%ce%ac%cf%84%cf%89%ce%bd","status":"publish","type":"page","link":"https:\/\/mo-mo.gr\/pt\/%cf%81%ce%b1%cf%86%ce%ae-%ce%b1%cf%83%ce%b9%ce%b1%cf%84%ce%b9%ce%ba%cf%8e%ce%bd-%ce%b5%ce%bd%ce%b4%cf%85%ce%bc%ce%ac%cf%84%cf%89%ce%bd\/","title":{"rendered":"Costura de vestu\u00e1rio asi\u00e1tico"},"content":{"rendered":"<h2 id=\"gspb_heading-id-gsbp-52b3e19\" class=\"gspb_heading gspb_heading-id-gsbp-52b3e19\">Costura feita \u00e0 medida com est\u00e9tica asi\u00e1tica<\/h2>\n\n\n\n<div id=\"gspb_text-id-gsbp-7369c62\" class=\"gspb_text gspb_text-id-gsbp-7369c62\">O servi\u00e7o de costura por medida da MOMO KIDOHO combina a est\u00e9tica tradicional asi\u00e1tica com as tend\u00eancias da moda moderna. Criamos pe\u00e7as de vestu\u00e1rio e acess\u00f3rios \u00fanicos que reflectem a autenticidade e os detalhes exclusivos da cultura japonesa, coreana e chinesa. Cada pe\u00e7a \u00e9 concebida com base nas necessidades e desejos do cliente, garantindo um ajuste perfeito e um estilo \u00fanico. Quer deseje um quimono tradicional ou um vestido moderno com influ\u00eancias asi\u00e1ticas, estamos aqui para o tornar realidade.<\/div>\n\n\n\n<h2 id=\"gspb_heading-id-gsbp-300e650\" class=\"gspb_heading gspb_heading-id-gsbp-300e650\">Processamento e transforma\u00e7\u00e3o de vestu\u00e1rio asi\u00e1tico<\/h2>\n\n\n\n<div id=\"gspb_text-id-gsbp-6c31b1d\" class=\"gspb_text gspb_text-id-gsbp-6c31b1d\">Na MOMO KIDOHO, oferecemos servi\u00e7os especializados para o tratamento e a transforma\u00e7\u00e3o de pe\u00e7as de vestu\u00e1rio asi\u00e1ticas como o quimono e o chipao. Renovamos e adaptamos o seu vestu\u00e1rio tradicional para corresponder \u00e0s tend\u00eancias modernas ou para lhe dar uma nova identidade \u00fanica. Quer seja necess\u00e1rio redimensionar um quimono antigo ou transformar um chipao numa pe\u00e7a moderna, os nossos especialistas est\u00e3o aqui para o ajudar.<\/div>\n\n\n\n<h2 id=\"gspb_heading-id-gsbp-61de3a7\" class=\"gspb_heading gspb_heading-id-gsbp-61de3a7\">Manuten\u00e7\u00e3o de vestu\u00e1rio e acess\u00f3rios asi\u00e1ticos<\/h2>\n\n\n\n<div id=\"gspb_text-id-gsbp-62c0fa9\" class=\"gspb_text gspb_text-id-gsbp-62c0fa9\">A manuten\u00e7\u00e3o de vestu\u00e1rio e acess\u00f3rios asi\u00e1ticos \u00e9 um processo pormenorizado que requer conhecimentos e t\u00e9cnicas especializadas. Na MOMO KIDOHO, temos o maior cuidado em limpar, reparar e restaurar as suas preciosas pe\u00e7as de vestu\u00e1rio, preservando a sua autenticidade e assegurando a sua conserva\u00e7\u00e3o a longo prazo. Desde a repara\u00e7\u00e3o de tecidos delicados \u00e0 renova\u00e7\u00e3o de bordados, somos os especialistas em quem pode confiar.<\/div>\n\n\n\n<h2 id=\"gspb_heading-id-gsbp-34c0e71\" class=\"gspb_heading gspb_heading-id-gsbp-34c0e71\">Fornecimento e abastecimento de tecidos e materiais do mercado japon\u00eas<\/h2>\n\n\n\n<div id=\"gspb_text-id-gsbp-7d0ab29\" class=\"gspb_text gspb_text-id-gsbp-7d0ab29\">A MOMO KIDOHO oferece uma vasta gama de tecidos e materiais aut\u00eanticos diretamente do mercado japon\u00eas. Quer necessite de seda de alta qualidade ou de tecidos de algod\u00e3o exclusivos com designs tradicionais, podemos fornecer-lhe tudo o que precisa para criar as suas pr\u00f3prias pe\u00e7as \u00fanicas. Tamb\u00e9m fornecemos acess\u00f3rios e adornos que complementam a est\u00e9tica asi\u00e1tica, real\u00e7ando a qualidade e a autenticidade.<\/div>\n\n\n\n<h2 id=\"gspb_heading-id-gsbp-d8adee6\" class=\"gspb_heading gspb_heading-id-gsbp-d8adee6\">Costura e fabrico de vestu\u00e1rio para artes marciais e desporto asi\u00e1tico<\/h2>\n\n\n\n<div id=\"gspb_text-id-gsbp-a3309c6\" class=\"gspb_text gspb_text-id-gsbp-a3309c6\">Este servi\u00e7o destina-se a todos aqueles que praticam desportos tradicionais asi\u00e1ticos, oferecendo vestu\u00e1rio especializado que combina conforto com uma est\u00e9tica aut\u00eantica. Na MOMO KIDOHO, compreendemos que cada desporto asi\u00e1tico requer vestu\u00e1rio espec\u00edfico que n\u00e3o s\u00f3 facilite o movimento, mas tamb\u00e9m incorpore elementos e simbolismos tradicionais.<\/div>\n\n\n\n<h2 id=\"gspb_heading-id-gsbp-24bfb87\" class=\"gspb_heading gspb_heading-id-gsbp-24bfb87\">Tecidos de alta qualidade<\/h2>\n\n\n\n<div id=\"gspb_text-id-gsbp-850d78e\" class=\"gspb_text gspb_text-id-gsbp-850d78e\">A escolha dos tecidos \u00e9 fundamental para o desempenho e o aspeto das pe\u00e7as de vestu\u00e1rio. Utilizamos tecidos do Jap\u00e3o e da China que s\u00e3o conhecidos pela sua durabilidade e qualidade. Escolhemos tecidos que s\u00e3o respir\u00e1veis e amigos da pele, garantindo que os atletas possam treinar com conforto.<\/div>\n\n\n\n<h2 id=\"gspb_heading-id-gsbp-84d9168\" class=\"gspb_heading gspb_heading-id-gsbp-84d9168\">Adapta\u00e7\u00e3o \u00e0s necessidades do atleta<\/h2>\n\n\n\n<div id=\"gspb_text-id-gsbp-55ec25f\" class=\"gspb_text gspb_text-id-gsbp-55ec25f\">Cada atleta tem exig\u00eancias e prefer\u00eancias \u00fanicas. Na MOMO KIDOHO, oferecemos medidas personalizadas e personaliza\u00e7\u00e3o para que cada uniforme se adapte perfeitamente ao utilizador. Desde a sele\u00e7\u00e3o de cores e tecidos at\u00e9 aos bordados e adornos, criamos pe\u00e7as de vestu\u00e1rio que reflectem a personalidade e as necessidades de cada atleta.<\/div>\n\n\n\n<h2 id=\"gspb_heading-id-gsbp-09299ff\" class=\"gspb_heading gspb_heading-id-gsbp-09299ff\">Desenhos e s\u00edmbolos tradicionais<\/h2>\n\n\n\n<div id=\"gspb_text-id-gsbp-88f7b91\" class=\"gspb_text gspb_text-id-gsbp-88f7b91\">Os nossos uniformes n\u00e3o s\u00e3o apenas funcionais. T\u00eam desenhos e s\u00edmbolos tradicionais que honram a rica heran\u00e7a cultural dos desportos asi\u00e1ticos. Todos os bordados e pormenores s\u00e3o cuidadosamente escolhidos para respeitar e manter a autenticidade.<\/div>\n\n\n\n<h2 id=\"gspb_heading-id-gsbp-875bc93\" class=\"gspb_heading gspb_heading-id-gsbp-875bc93\">Pr\u00e1ticas respons\u00e1veis<\/h2>\n\n\n\n<div id=\"gspb_text-id-gsbp-e04fafb\" class=\"gspb_text gspb_text-id-gsbp-e04fafb\">Na MOMO KIDOHO, damos \u00eanfase \u00e0 sustentabilidade e \u00e0 produ\u00e7\u00e3o \u00e9tica. Utilizamos materiais amigos do ambiente e adoptamos pr\u00e1ticas de produ\u00e7\u00e3o que respeitam os trabalhadores e o ambiente. O nosso objetivo \u00e9 criar produtos de alta qualidade que n\u00e3o prejudiquem o ambiente.<\/div>\n\n\n\n<h2 id=\"gspb_heading-id-gsbp-d6e7090\" class=\"gspb_heading gspb_heading-id-gsbp-d6e7090\">Durabilidade a longo prazo<\/h2>\n\n\n\n<div id=\"gspb_text-id-gsbp-66ffe66\" class=\"gspb_text gspb_text-id-gsbp-66ffe66\">As pe\u00e7as de vestu\u00e1rio que fabricamos s\u00e3o concebidas para durar. A durabilidade e a qualidade dos materiais que utilizamos garantem que os nossos uniformes resistem ao uso intenso e ao treino di\u00e1rio, proporcionando valor a longo prazo aos atletas.<\/div>","protected":false},"excerpt":{"rendered":"","protected":false},"author":187,"featured_media":0,"parent":0,"menu_order":0,"comment_status":"closed","ping_status":"closed","template":"","meta":{"_gspb_post_css":"","footnotes":""},"class_list":["post-9491","page","type-page","status-publish","hentry"],"blocksy_meta":[],"_links":{"self":[{"href":"https:\/\/mo-mo.gr\/pt\/wp-json\/wp\/v2\/pages\/9491","targetHints":{"allow":["GET"]}}],"collection":[{"href":"https:\/\/mo-mo.gr\/pt\/wp-json\/wp\/v2\/pages"}],"about":[{"href":"https:\/\/mo-mo.gr\/pt\/wp-json\/wp\/v2\/types\/page"}],"author":[{"embeddable":true,"href":"https:\/\/mo-mo.gr\/pt\/wp-json\/wp\/v2\/users\/187"}],"replies":[{"embeddable":true,"href":"https:\/\/mo-mo.gr\/pt\/wp-json\/wp\/v2\/comments?post=9491"}],"version-history":[{"count":0,"href":"https:\/\/mo-mo.gr\/pt\/wp-json\/wp\/v2\/pages\/9491\/revisions"}],"wp:attachment":[{"href":"https:\/\/mo-mo.gr\/pt\/wp-json\/wp\/v2\/media?parent=9491"}],"curies":[{"name":"wp","href":"https:\/\/api.w.org\/{rel}","templated":true}]}}