{"id":9476,"date":"2024-12-12T12:19:47","date_gmt":"2024-12-12T12:19:47","guid":{"rendered":"https:\/\/mo-mo.gr\/?page_id=9476"},"modified":"2024-12-12T12:20:28","modified_gmt":"2024-12-12T12:20:28","slug":"%cf%80%ce%b1%cf%81%ce%b1%ce%b3%ce%b3%ce%b5%ce%bb%ce%af%ce%b5%cf%82-%ce%b1%cf%80%ce%bf%cf%83%cf%84%ce%bf%ce%bb%ce%ad%cf%82","status":"publish","type":"page","link":"https:\/\/mo-mo.gr\/pt\/%cf%80%ce%b1%cf%81%ce%b1%ce%b3%ce%b3%ce%b5%ce%bb%ce%af%ce%b5%cf%82-%ce%b1%cf%80%ce%bf%cf%83%cf%84%ce%bf%ce%bb%ce%ad%cf%82\/","title":{"rendered":"Encomendas e expedi\u00e7\u00f5es"},"content":{"rendered":"<h2 id=\"gspb_heading-id-gsbp-0eef268\" class=\"gspb_heading gspb_heading-id-gsbp-0eef268\">Encomendas<\/h2>\n\n\n\n<div id=\"gspb_text-id-gsbp-8efa61e\" class=\"gspb_text gspb_text-id-gsbp-8efa61e\">Na mo mo, oferecemos uma experi\u00eancia de encomenda emocionante, procurando responder a todas as suas necessidades com total satisfa\u00e7\u00e3o em mente. Cri\u00e1mos uma pol\u00edtica clara e transparente para garantir um processo de encomenda c\u00f3modo e fi\u00e1vel para si.<br>A nossa pol\u00edtica inclui os seguintes elementos:<br><\/div>\n\n\n\n<div id=\"gspb_text-id-gsbp-0f65c6f\" class=\"gspb_text gspb_text-id-gsbp-0f65c6f\"><strong>Produtos de alta qualidade:<\/strong> Todas as nossas pe\u00e7as de vestu\u00e1rio s\u00e3o fabricadas com materiais cuidadosamente selecionados, privilegiando a excelente qualidade e a autenticidade. A nossa dedica\u00e7\u00e3o \u00e0 alta qualidade garante-lhe produtos que durar\u00e3o muitos anos.<br><strong>Variedade de estilos:<\/strong> Compreendemos que cada cliente tem gostos e prefer\u00eancias \u00fanicos. \u00c9 por isso que oferecemos uma vasta gama de estilos, desenhos e cores para que possa encontrar exatamente o que lhe conv\u00e9m e reflecte o seu estilo pessoal.<br><strong>Processo de encomenda f\u00e1cil:<\/strong> O nosso s\u00edtio Web oferece um processo de encomenda simples e f\u00e1cil. Basta selecionar as pe\u00e7as de vestu\u00e1rio pretendidas, adicion\u00e1-las ao seu carrinho e concluir a sua encomenda de forma segura e f\u00e1cil. Estamos sempre dispon\u00edveis para o ajudar por correio eletr\u00f3nico ou telefone para quaisquer quest\u00f5es ou d\u00favidas.<br><strong>O envio e a entrega s\u00e3o r\u00e1pidos:<\/strong> Compreendemos o seu entusiasmo em receber os seus produtos o mais rapidamente poss\u00edvel. \u00c9 por isso que garantimos que as suas encomendas s\u00e3o processadas e enviadas num prazo de entrega r\u00e1pido, para que cheguem \u00e0 sua porta o mais rapidamente poss\u00edvel.<br><strong>Servi\u00e7o de apoio ao cliente:<\/strong> A satisfa\u00e7\u00e3o do cliente \u00e9 a nossa prioridade absoluta. Estamos sempre aqui para o ajudar, responder a todas as suas perguntas e resolver quaisquer problemas que surjam durante a encomenda ou ap\u00f3s a entrega.<\/div>\n\n\n\n<h2 id=\"gspb_heading-id-gsbp-d4b106a\" class=\"gspb_heading gspb_heading-id-gsbp-d4b106a\">Despachos<\/h2>\n\n\n\n<div id=\"gspb_text-id-gsbp-04e78a9\" class=\"gspb_text gspb_text-id-gsbp-04e78a9\">Obrigado por escolher a mo mo para as suas compras! Queremos inform\u00e1-lo sobre a nossa pol\u00edtica e procedimento de envio, de modo a garantir que tenha uma experi\u00eancia de compra tranquila e confort\u00e1vel.<br>Pol\u00edtica de miss\u00e3o:<br><\/div>\n\n\n\n<h3 id=\"gspb_heading-id-gsbp-3e80893\" class=\"gspb_heading gspb_heading-id-gsbp-3e80893\">Pol\u00edtica de miss\u00e3o<\/h3>\n\n\n\n<div id=\"gspb_text-id-gsbp-7f8c074\" class=\"gspb_text gspb_text-id-gsbp-7f8c074\"><strong>Expedi\u00e7\u00e3o para toda a Gr\u00e9cia:<\/strong> Orgulhamo-nos de oferecer envios para todas as regi\u00f5es da Gr\u00e9cia. N\u00e3o importa onde esteja, pode desfrutar da sua roupa japonesa favorita atrav\u00e9s da entrega \u00e0 sua porta.<br><strong>Miss\u00e3o na Europa:<\/strong> Orgulhamo-nos de oferecer envios para todos os pa\u00edses da Europa. Independentemente da sua localiza\u00e7\u00e3o, pode desfrutar das suas pe\u00e7as de vestu\u00e1rio japonesas favoritas atrav\u00e9s da entrega \u00e0 sua porta.<br><strong>Pre\u00e7os de envio:<\/strong> As taxas de envio s\u00e3o calculadas com base no destino e no peso da sua encomenda. Durante o processo de conclus\u00e3o da encomenda, ser-lhe-\u00e1 apresentado o pre\u00e7o exato do envio.<br><strong>Prazo de entrega:<\/strong> Fazemos todos os esfor\u00e7os para processar a sua encomenda o mais rapidamente poss\u00edvel. O prazo de entrega estimado depende do destino e dos servi\u00e7os de transporte locais. Normalmente, o prazo de entrega varia entre 5 e 10 dias \u00fateis.<\/div>\n\n\n\n<h3 id=\"gspb_heading-id-gsbp-4334d92\" class=\"gspb_heading gspb_heading-id-gsbp-4334d92\">Procedimento de expedi\u00e7\u00e3o<\/h3>\n\n\n\n<div id=\"gspb_text-id-gsbp-08a04d8\" class=\"gspb_text gspb_text-id-gsbp-08a04d8\"><strong>Processamento de encomendas:<\/strong> Depois de concluir a sua encomenda, a nossa equipa ir\u00e1 process\u00e1-la com todo o cuidado e carinho. Verificamos a qualidade dos seus produtos e embalamo-los com cuidado para um transporte seguro.<br><strong>Expedi\u00e7\u00e3o e controlo:<\/strong> Assim que a sua encomenda for expedida, receber\u00e1 um n\u00famero de seguimento para acompanhar a evolu\u00e7\u00e3o da sua encomenda at\u00e9 ao seu destino. Pode utilizar este n\u00famero para verificar a previs\u00e3o de chegada.<br><strong>Entrega:<\/strong> Quando a sua encomenda chegar, receber\u00e1 a sua encomenda \u00e0 sua porta. Recomendamos que verifique os seus produtos para garantir que est\u00e3o em excelentes condi\u00e7\u00f5es e correspondem \u00e0s suas expectativas.<br><\/div>\n\n\n\n<div id=\"gspb_text-id-gsbp-e818523\" class=\"gspb_text gspb_text-id-gsbp-e818523\">Se tiver alguma d\u00favida ou necessidade de assist\u00eancia, n\u00e3o hesite em contactar a nossa equipa de apoio ao cliente. Estamos aqui para o ajudar e garantir que o seu envio \u00e9 bem sucedido e que recebe os seus produtos com conforto e prazer.<br>Obrigado pela vossa confian\u00e7a no mo mo!<\/div>","protected":false},"excerpt":{"rendered":"","protected":false},"author":187,"featured_media":0,"parent":0,"menu_order":0,"comment_status":"closed","ping_status":"closed","template":"","meta":{"_gspb_post_css":"","footnotes":""},"class_list":["post-9476","page","type-page","status-publish","hentry"],"blocksy_meta":[],"_links":{"self":[{"href":"https:\/\/mo-mo.gr\/pt\/wp-json\/wp\/v2\/pages\/9476","targetHints":{"allow":["GET"]}}],"collection":[{"href":"https:\/\/mo-mo.gr\/pt\/wp-json\/wp\/v2\/pages"}],"about":[{"href":"https:\/\/mo-mo.gr\/pt\/wp-json\/wp\/v2\/types\/page"}],"author":[{"embeddable":true,"href":"https:\/\/mo-mo.gr\/pt\/wp-json\/wp\/v2\/users\/187"}],"replies":[{"embeddable":true,"href":"https:\/\/mo-mo.gr\/pt\/wp-json\/wp\/v2\/comments?post=9476"}],"version-history":[{"count":0,"href":"https:\/\/mo-mo.gr\/pt\/wp-json\/wp\/v2\/pages\/9476\/revisions"}],"wp:attachment":[{"href":"https:\/\/mo-mo.gr\/pt\/wp-json\/wp\/v2\/media?parent=9476"}],"curies":[{"name":"wp","href":"https:\/\/api.w.org\/{rel}","templated":true}]}}