{"id":9451,"date":"2024-12-12T11:37:23","date_gmt":"2024-12-12T11:37:23","guid":{"rendered":"https:\/\/mo-mo.gr\/?page_id=9451"},"modified":"2024-12-12T11:46:32","modified_gmt":"2024-12-12T11:46:32","slug":"%cf%8c%cf%81%ce%bf%ce%b9-%cf%87%cf%81%ce%ae%cf%83%ce%b7%cf%82","status":"publish","type":"page","link":"https:\/\/mo-mo.gr\/pt\/%cf%8c%cf%81%ce%bf%ce%b9-%cf%87%cf%81%ce%ae%cf%83%ce%b7%cf%82\/","title":{"rendered":"Termos de utiliza\u00e7\u00e3o"},"content":{"rendered":"<div id=\"gspb_text-id-gsbp-ae82458\" class=\"gspb_text gspb_text-id-gsbp-ae82458\">Bem-vindo ao mo-mo.gr que fornece vestu\u00e1rio feito \u00e0 m\u00e3o.<\/div>\n\n\n\n<div id=\"gspb_text-id-gsbp-59edf96\" class=\"gspb_text gspb_text-id-gsbp-59edf96\">O acesso e a utiliza\u00e7\u00e3o do s\u00edtio Web e dos servi\u00e7os dispon\u00edveis atrav\u00e9s do mesmo (a seguir designados por \"Servi\u00e7os\") est\u00e3o sujeitos aos seguintes termos e condi\u00e7\u00f5es (a seguir designados por \"Condi\u00e7\u00f5es de Utiliza\u00e7\u00e3o\"). A utiliza\u00e7\u00e3o dos Servi\u00e7os implica a aceita\u00e7\u00e3o incondicional das Condi\u00e7\u00f5es de Utiliza\u00e7\u00e3o, tal como aplic\u00e1veis em cada momento. A empresa reserva-se o direito de alterar os Termos de Utiliza\u00e7\u00e3o \u00e0 sua discri\u00e7\u00e3o e sem aviso pr\u00e9vio. Recomenda-se aos utilizadores que consultem periodicamente esta p\u00e1gina para serem informados de quaisquer altera\u00e7\u00f5es \u00e0s Condi\u00e7\u00f5es de Utiliza\u00e7\u00e3o.<br><br>A empresa envida todos os esfor\u00e7os para garantir que o conte\u00fado do mo-mo.gr inclui informa\u00e7\u00f5es completas, exactas, claras, v\u00e1lidas, informativas, oportunas, verdadeiras e n\u00e3o enganadoras. Em caso algum poder\u00e1 ser responsabilizada, obrigada ou garantida em rela\u00e7\u00e3o \u00e0 seguran\u00e7a e prote\u00e7\u00e3o do conte\u00fado. Por conseguinte, os utilizadores do mo-mo.gr aceitam a possibilidade de a empresa n\u00e3o poder controlar todos os seus conte\u00fados e servi\u00e7os.<br><br>O acesso e a utiliza\u00e7\u00e3o do s\u00edtio Web e dos servi\u00e7os dispon\u00edveis atrav\u00e9s do mesmo (a seguir designados por \"Servi\u00e7os\") est\u00e3o sujeitos aos seguintes termos e condi\u00e7\u00f5es (a seguir designados por \"Condi\u00e7\u00f5es de Utiliza\u00e7\u00e3o\"). A utiliza\u00e7\u00e3o dos Servi\u00e7os implica a aceita\u00e7\u00e3o incondicional das Condi\u00e7\u00f5es de Utiliza\u00e7\u00e3o, tal como aplic\u00e1veis em cada momento. A empresa reserva-se o direito de alterar os Termos de Utiliza\u00e7\u00e3o \u00e0 sua discri\u00e7\u00e3o e sem aviso pr\u00e9vio. Recomenda-se aos utilizadores que consultem periodicamente esta p\u00e1gina para serem informados de quaisquer altera\u00e7\u00f5es \u00e0s Condi\u00e7\u00f5es de Utiliza\u00e7\u00e3o.<br><br>A empresa envida todos os esfor\u00e7os para garantir que o conte\u00fado do mo-mo.gr inclui informa\u00e7\u00f5es completas, exactas, claras, v\u00e1lidas, informativas, oportunas, verdadeiras e n\u00e3o enganadoras. Em caso algum poder\u00e1 ser responsabilizada, obrigada ou garantida em rela\u00e7\u00e3o \u00e0 seguran\u00e7a e prote\u00e7\u00e3o do conte\u00fado. Por conseguinte, os utilizadores do mo-mo.gr aceitam a possibilidade de a empresa n\u00e3o poder controlar todos os seus conte\u00fados e servi\u00e7os.<br>A utiliza\u00e7\u00e3o do mo-mo.gr por cada utilizador \u00e9 feita por sua conta e risco e o seu conte\u00fado n\u00e3o constitui nem pode de forma alguma ser interpretado como um conselho, um encorajamento direto ou indireto aos utilizadores para tomarem qualquer medida ou a\u00e7\u00e3o. A avalia\u00e7\u00e3o do conte\u00fado \u00e9 da responsabilidade de cada utilizador, que assume a responsabilidade pela utiliza\u00e7\u00e3o de qualquer parte do conte\u00fado.<\/div>\n\n\n\n<h2 id=\"gspb_heading-id-gsbp-37be37a\" class=\"gspb_heading gspb_heading-id-gsbp-37be37a\">Prote\u00e7\u00e3o dos dados pessoais<\/h2>\n\n\n\n<div id=\"gspb_text-id-gsbp-f8e9a7d\" class=\"gspb_text gspb_text-id-gsbp-f8e9a7d\">As informa\u00e7\u00f5es ou dados pessoais que nos fornecer est\u00e3o sujeitos a tratamento ao abrigo das pol\u00edticas de prote\u00e7\u00e3o de dados. Ao utilizar este s\u00edtio Web, o utilizador d\u00e1 o seu consentimento para o tratamento dessas informa\u00e7\u00f5es e dados e declara que todas as informa\u00e7\u00f5es e dados que nos fornece s\u00e3o verdadeiros e exactos.<\/div>\n\n\n\n<h2 id=\"gspb_heading-id-gsbp-d1b9d97\" class=\"gspb_heading gspb_heading-id-gsbp-d1b9d97\">Navega\u00e7\u00e3o e utiliza\u00e7\u00e3o do s\u00edtio Web<\/h2>\n\n\n\n<div id=\"gspb_text-id-gsbp-77e48da\" class=\"gspb_text gspb_text-id-gsbp-77e48da\">Os utilizadores s\u00e3o os \u00fanicos respons\u00e1veis pela posse e manuten\u00e7\u00e3o das liga\u00e7\u00f5es telef\u00f3nicas, computadores e equipamento geral necess\u00e1rio para a utiliza\u00e7\u00e3o dos servi\u00e7os em mo-mo.gr.<br><br>As informa\u00e7\u00f5es ou dados pessoais que nos fornecer est\u00e3o sujeitos a tratamento ao abrigo das pol\u00edticas de prote\u00e7\u00e3o de dados. Ao utilizar este s\u00edtio Web, o utilizador d\u00e1 o seu consentimento para o tratamento dessas informa\u00e7\u00f5es e dados e declara que todas as informa\u00e7\u00f5es e dados que nos fornece s\u00e3o verdadeiros e exactos.<br><br>- Utilizar o s\u00edtio Web apenas para se informar sobre os nossos Servi\u00e7os, para colocar quest\u00f5es leg\u00edtimas.<br>- N\u00e3o fa\u00e7a perguntas falsas ou fraudulentas. Se tivermos motivos razo\u00e1veis para crer que um formul\u00e1rio foi preenchido com informa\u00e7\u00f5es falsas ou fraudulentas, temos o direito de informar as autoridades competentes.<br>- Fornecer-nos o seu endere\u00e7o de correio eletr\u00f3nico, endere\u00e7o postal e\/ou outros dados de contacto corretos e precisos.<br>- O utilizador aceita tamb\u00e9m que possamos utilizar estas informa\u00e7\u00f5es para o contactar, caso seja necess\u00e1rio. Se n\u00e3o nos fornecer todas as informa\u00e7\u00f5es de que necessitamos, n\u00e3o poderemos contact\u00e1-lo.<\/div>\n\n\n\n<h2 id=\"gspb_heading-id-gsbp-f992823\" class=\"gspb_heading gspb_heading-id-gsbp-f992823\">Direitos de propriedade intelectual e industrial<\/h2>\n\n\n\n<div id=\"gspb_text-id-gsbp-9e2fb32\" class=\"gspb_text gspb_text-id-gsbp-9e2fb32\">A propriedade intelectual \u00e9 adquirida sem qualquer reda\u00e7\u00e3o e sem a necessidade de uma cl\u00e1usula que pro\u00edba a sua viola\u00e7\u00e3o. O mo-mo.gr e o seu conte\u00fado (que inclui todas as marcas registadas, carater\u00edsticas distintivas, patentes, nomes, textos, imagens, gr\u00e1ficos, desenhos, fotografias, programas, material informativo de qualquer forma, dados, software) s\u00e3o propriedade intelectual e industrial da empresa e est\u00e3o protegidos pelas disposi\u00e7\u00f5es relevantes do direito grego, comunit\u00e1rio e internacional.<br><br>Importa referir que, de acordo com a Lei n.o 2121\/1993 (alterada e atualmente em vigor), a Conven\u00e7\u00e3o Internacional de Berna (ratificada pela Lei n.o 2121\/1993), a Conven\u00e7\u00e3o Internacional de Berna (ratificada pela Lei n.o 2121\/1993) e a Conven\u00e7\u00e3o Internacional para a Prote\u00e7\u00e3o da Propriedade Industrial (ratificada pela Lei n.o 2121\/1993). 100\/1975) e as disposi\u00e7\u00f5es pertinentes em mat\u00e9ria de prote\u00e7\u00e3o da propriedade intelectual na Internet, \u00e9 expressamente proibida qualquer forma de c\u00f3pia, modifica\u00e7\u00e3o, interfer\u00eancia, transfer\u00eancia, distribui\u00e7\u00e3o, revenda, loca\u00e7\u00e3o, republica\u00e7\u00e3o, reprodu\u00e7\u00e3o, retransmiss\u00e3o sob forma eletr\u00f3nica ou mec\u00e2nica, armazenamento, impress\u00e3o, cria\u00e7\u00e3o de obras derivadas, descarregamento por qualquer pessoa ou induzir o p\u00fablico em erro sobre o verdadeiro portador do conte\u00fado.<br><br>O conte\u00fado do mo-mo.gr n\u00e3o constitui e em caso algum deve ser interpretado como uma concess\u00e3o de permiss\u00e3o expressa ou impl\u00edcita ou direito de utiliza\u00e7\u00e3o de qualquer Marca Registada que apare\u00e7a no mesmo sem a permiss\u00e3o escrita da Empresa ou de terceiros que possam ser propriet\u00e1rios das Marcas Registadas que aparecem no mesmo. As marcas comerciais, log\u00f3tipos, logomarcas, carater\u00edsticas distintivas que aparecem no mo-mo.gr e as representa\u00e7\u00f5es de pessoas ou lugares ou coisas que fazem parte do seu conte\u00fado s\u00e3o propriedade da Empresa ou de terceiros. A sua utiliza\u00e7\u00e3o \u00e9 estritamente proibida sem a autoriza\u00e7\u00e3o pr\u00e9via por escrito da Empresa, exceto se previsto de outra forma nas condi\u00e7\u00f5es de utiliza\u00e7\u00e3o aplic\u00e1veis.<br><br>Os produtos, servi\u00e7os, nomes de marcas, marcas registadas ou carater\u00edsticas distintivas de terceiros que aparecem no mo-mo.gr s\u00e3o propriedade intelectual e industrial de terceiros, que tamb\u00e9m s\u00e3o respons\u00e1veis por eles.<br><br>As informa\u00e7\u00f5es enviadas \u00e0 empresa atrav\u00e9s do mo-mo.gr s\u00e3o consideradas informa\u00e7\u00f5es n\u00e3o confidenciais e n\u00e3o constituem um ativo do utilizador em quest\u00e3o. A propriedade da empresa \u00e9, na medida do poss\u00edvel, tudo o que \u00e9 transferido ou retransmitido ou enviado atrav\u00e9s do mo-mo.gr. A empresa pode recolher informa\u00e7\u00f5es limitadas para as suas actividades comerciais.<\/div>\n\n\n\n<h2 id=\"gspb_heading-id-gsbp-0af6544\" class=\"gspb_heading gspb_heading-id-gsbp-0af6544\">Responsabilidade da empresa<\/h2>\n\n\n\n<div id=\"gspb_text-id-gsbp-e0f2292\" class=\"gspb_text gspb_text-id-gsbp-e0f2292\">Dada a natureza internacionalizada da Internet e o seu volume, quaisquer danos diretos, consequentes, acidentais, indirectos ou consequenciais decorrentes do acesso de qualquer utilizador ao mo-mo.gr ou da sua utiliza\u00e7\u00e3o, incluindo o caso de neglig\u00eancia, n\u00e3o d\u00e3o origem a responsabilidade da empresa ou dos seus executivos. Os utilizadores s\u00e3o aconselhados a utilizar software para se protegerem de v\u00edrus inform\u00e1ticos e outros tipos de malware.<br><br>A empresa n\u00e3o \u00e9 respons\u00e1vel por danos e despesas decorrentes da utiliza\u00e7\u00e3o do mo-mo.gr ou da impossibilidade de o utilizar, por qualquer pessoa, ou relacionados com a incapacidade de execu\u00e7\u00e3o, erro, omiss\u00e3o, interrup\u00e7\u00e3o, defeito, atraso na opera\u00e7\u00e3o ou transmiss\u00e3o ou falha na linha do sistema. Caso sejam causados danos ou infec\u00e7\u00f5es por v\u00edrus electr\u00f3nicos ao computador ou a outro meio eletr\u00f3nico utilizado por um utilizador para aceder\/visitar\/utilizar ou descarregar qualquer material, dados, texto, imagens, v\u00eddeo ou \u00e1udio do seu conte\u00fado, a Empresa n\u00e3o ser\u00e1 respons\u00e1vel de forma alguma.<br><br>Os servi\u00e7os dispon\u00edveis atrav\u00e9s do s\u00edtio Web s\u00e3o fornecidos aos utilizadores da loja virtual \"tal como est\u00e3o\". A empresa n\u00e3o garante que o conte\u00fado do mo-mo.gr e a qualidade dos servi\u00e7os prestados satisfa\u00e7am os requisitos e as expectativas dos utilizadores. A empresa n\u00e3o assume qualquer responsabilidade por quaisquer reclama\u00e7\u00f5es legais ou civis ou criminais relacionadas com o funcionamento ou a utiliza\u00e7\u00e3o do mo-mo.gr, nem por quaisquer danos, de qualquer tipo, causados quer pelos visitantes do s\u00edtio Web quer por terceiros.<br><br>A empresa n\u00e3o se responsabiliza nem assume qualquer tipo de obriga\u00e7\u00e3o de indemniza\u00e7\u00e3o por qualquer reclama\u00e7\u00e3o relacionada com o conte\u00fado do mo-mo.gr, nem por qualquer erro, cal\u00fania simples ou difamat\u00f3ria, insulto, inj\u00faria, omiss\u00e3o, mentira, profana\u00e7\u00e3o, pornografia, blasf\u00e9mia, perigo ou inexatid\u00e3o encontrados no seu conte\u00fado.<\/div>\n\n\n\n<h2 id=\"gspb_heading-id-gsbp-1f3399a\" class=\"gspb_heading gspb_heading-id-gsbp-1f3399a\">Legisla\u00e7\u00e3o aplic\u00e1vel e outras condi\u00e7\u00f5es<\/h2>\n\n\n\n<div id=\"gspb_text-id-gsbp-bd3e3ed\" class=\"gspb_text gspb_text-id-gsbp-bd3e3ed\">Estes termos e condi\u00e7\u00f5es e qualquer modifica\u00e7\u00e3o dos mesmos ser\u00e3o regidos e interpretados de acordo com a lei grega. Para qualquer lit\u00edgio decorrente da utiliza\u00e7\u00e3o do mo-mo.gr, s\u00e3o competentes os tribunais de Sal\u00f3nica.<\/div>","protected":false},"excerpt":{"rendered":"","protected":false},"author":187,"featured_media":0,"parent":0,"menu_order":0,"comment_status":"closed","ping_status":"closed","template":"","meta":{"_gspb_post_css":"","footnotes":""},"class_list":["post-9451","page","type-page","status-publish","hentry"],"blocksy_meta":[],"_links":{"self":[{"href":"https:\/\/mo-mo.gr\/pt\/wp-json\/wp\/v2\/pages\/9451","targetHints":{"allow":["GET"]}}],"collection":[{"href":"https:\/\/mo-mo.gr\/pt\/wp-json\/wp\/v2\/pages"}],"about":[{"href":"https:\/\/mo-mo.gr\/pt\/wp-json\/wp\/v2\/types\/page"}],"author":[{"embeddable":true,"href":"https:\/\/mo-mo.gr\/pt\/wp-json\/wp\/v2\/users\/187"}],"replies":[{"embeddable":true,"href":"https:\/\/mo-mo.gr\/pt\/wp-json\/wp\/v2\/comments?post=9451"}],"version-history":[{"count":0,"href":"https:\/\/mo-mo.gr\/pt\/wp-json\/wp\/v2\/pages\/9451\/revisions"}],"wp:attachment":[{"href":"https:\/\/mo-mo.gr\/pt\/wp-json\/wp\/v2\/media?parent=9451"}],"curies":[{"name":"wp","href":"https:\/\/api.w.org\/{rel}","templated":true}]}}