{"id":9736,"date":"2023-09-03T22:38:48","date_gmt":"2023-09-03T22:38:48","guid":{"rendered":"https:\/\/mo-mo.gr\/product\/tsuru-tori-%e9%b6%b4%e9%b3%a5-tote-bag-in-black-cotton-japanese-fabric-with-golden-and-green-colored-details\/"},"modified":"2024-12-12T14:40:12","modified_gmt":"2024-12-12T14:40:12","slug":"tsuru-tori-%e9%b6%b4%e9%b3%a5-borsa-tote-in-tessuto-giapponese-di-cotone-nero-con-dettagli-dorati-e-verdi","status":"publish","type":"product","link":"https:\/\/mo-mo.gr\/it\/\u03c0\u03c1\u03bf\u03ca\u03cc\u03bd\u03c4\u03b1\/tsuru-tori-%e9%b6%b4%e9%b3%a5-tote-bag-in-black-cotton-japanese-fabric-with-golden-and-green-colored-details\/","title":{"rendered":"TSURU TORI \u9db4\u9ce5 TOTE BAG IN TESSUTO GIAPPONESE DI COTONE NERO CON DETTAGLI COLOR ORO E VERDE E MAGENTA INTENSO"},"content":{"rendered":"","protected":false},"excerpt":{"rendered":"<p>Borsa tote in tessuto di cotone proveniente dal Giappone con il drago come tema principale. Il retro \u00e8 in tessuto di lana setosa e l'interno in raso crepe pesante color magenta intenso, per una sensazione di morbidezza e lusso. La fodera interna nascosta in tela di cotone rende questa borsa solida e duratura.<\/p>\n<p>Dimensione 32*28<\/p>\n<p>Noi di MOMO evitiamo l'uso di scaglie leggere come fodera, perch\u00e9 non vogliamo che la qualit\u00e0 dei tessuti e delle cuciture sia compromessa da un materiale economico ma non di alta qualit\u00e0.<\/p>","protected":false},"featured_media":11639,"comment_status":"open","ping_status":"open","template":"","meta":{"_gspb_post_css":""},"product_brand":[],"product_cat":[70],"product_tag":[],"class_list":{"0":"post-9736","1":"product","2":"type-product","3":"status-publish","4":"has-post-thumbnail","6":"product_cat-sold-out","8":"first","9":"outofstock","10":"taxable","11":"shipping-taxable","12":"purchasable","13":"product-type-simple"},"_links":{"self":[{"href":"https:\/\/mo-mo.gr\/it\/wp-json\/wp\/v2\/product\/9736","targetHints":{"allow":["GET"]}}],"collection":[{"href":"https:\/\/mo-mo.gr\/it\/wp-json\/wp\/v2\/product"}],"about":[{"href":"https:\/\/mo-mo.gr\/it\/wp-json\/wp\/v2\/types\/product"}],"replies":[{"embeddable":true,"href":"https:\/\/mo-mo.gr\/it\/wp-json\/wp\/v2\/comments?post=9736"}],"wp:featuredmedia":[{"embeddable":true,"href":"https:\/\/mo-mo.gr\/it\/wp-json\/wp\/v2\/media\/11639"}],"wp:attachment":[{"href":"https:\/\/mo-mo.gr\/it\/wp-json\/wp\/v2\/media?parent=9736"}],"wp:term":[{"taxonomy":"product_brand","embeddable":true,"href":"https:\/\/mo-mo.gr\/it\/wp-json\/wp\/v2\/product_brand?post=9736"},{"taxonomy":"product_cat","embeddable":true,"href":"https:\/\/mo-mo.gr\/it\/wp-json\/wp\/v2\/product_cat?post=9736"},{"taxonomy":"product_tag","embeddable":true,"href":"https:\/\/mo-mo.gr\/it\/wp-json\/wp\/v2\/product_tag?post=9736"}],"curies":[{"name":"wp","href":"https:\/\/api.w.org\/{rel}","templated":true}]}}