{"id":9675,"date":"2023-08-20T16:11:05","date_gmt":"2023-08-20T16:11:05","guid":{"rendered":"https:\/\/mo-mo.gr\/product\/iwasaki-pochi-%e3%83%9d%e3%83%bc%e3%83%81-2\/"},"modified":"2026-04-02T19:37:34","modified_gmt":"2026-04-02T16:37:34","slug":"iwasaki-pochi-%e3%83%9d%e3%83%bc%e3%83%81-2","status":"publish","type":"product","link":"https:\/\/mo-mo.gr\/it\/\u03c0\u03c1\u03bf\u03ca\u03cc\u03bd\u03c4\u03b1\/iwasaki-pochi-%e3%83%9d%e3%83%bc%e3%83%81-2\/","title":{"rendered":"IWASAKI FUROSHIKI \u98a8\u5442\u6577 , SACCHETTO BLU MARINO CON FIORI DORATI"},"content":{"rendered":"<p>Il marsupio giapponese, noto anche come \"<strong>furoshiki<\/strong>\" in lingua giapponese,<em> (a rigore, va detto che il marsupio nella sua forma attuale \u00e8 l'evoluzione di un pezzo di stoffa quadrato, che veniva utilizzato soprattutto da giapponesi, coreani e cinesi per avvolgere varie merci in modo che potessero essere trasportate in modo sicuro).<\/em> \u00e8 uno degli accessori pi\u00f9 interessanti e multifunzionali della cultura tradizionale giapponese. Sebbene il furoshiki abbia principi che risalgono a secoli fa, la sua rivalutazione moderna come oggetto pratico ed espressione artistica dimostra come la tradizione possa coesistere armoniosamente con l'innovazione.<\/p>\n<p>Il furoshiki nasce come una tradizionale borsa intrecciata usata per avvolgere gli oggetti da bagno. I giapponesi mettevano i loro effetti personali in un furoshiki e li portavano con s\u00e9 ai bagni, mantenendoli puliti e ordinati. Nel corso dei secoli, questa tradizione si \u00e8 evoluta in una variet\u00e0 di usi, dalla confezione di regali al trasporto di cibo.<\/p>\n<p>Tuttavia, il furoshiki non si limitava al suo uso tradizionale. Nel corso del XX secolo, nonostante la diffusione degli imballaggi in plastica, alcuni giapponesi hanno mantenuto il loro interesse per il furoshiki e lo hanno riproposto come opzione moderna ed ecologica. Questa tendenza si \u00e8 accentuata soprattutto dopo gli anni 2000, quando \u00e8 aumentata la consapevolezza dell'impatto ambientale della plastica. <em>Il furoshiki era una valida alternativa per imballare le merci e trasportarle.<\/em><\/p>\n<p>L'innovazione non si ferma qui. <strong>Artisti e designer hanno sfruttato il furoshiki come elemento centrale della creazione.<\/strong> Sono stati creati nuovi design, materiali e usi, trasformando il furoshiki da semplice tessuto in una ricca fonte di espressione e creativit\u00e0. Ogni astuccio diventa un'opera d'arte, un mezzo per trasmettere la nostra estetica e personalit\u00e0 in un oggetto che incontriamo ogni giorno.<\/p>\n<p>La storia del marsupio giapponese riflette il modo in cui la tradizione pu\u00f2 evolversi e adattarsi alle esigenze dei tempi moderni. Da semplice mezzo di trasporto degli asciugamani, il furoshiki \u00e8 diventato un simbolo di sostenibilit\u00e0, estetica e creativit\u00e0.<\/p>\n<p><strong>In MOMO KIDOHO, nel rispetto di questa tradizione, utilizziamo tessuti giapponesi e cuciamo ogni astuccio come un piccolo pezzo unico di arte multiuso.<\/strong><\/p>","protected":false},"excerpt":{"rendered":"<p>Furoshiki di colore blu marino, con fiori a grandezza naturale. Un tessuto di cotone di alta qualit\u00e0 e una fodera interna di lussuosa viscosa fanno di questo astuccio una piccola opera d'arte che porta il nome della famosa geisha Mineko Iwasaki.<\/p>\n<p>Le sue dimensioni sono 20 cm x 20 cm.<\/p>","protected":false},"featured_media":11588,"comment_status":"closed","ping_status":"closed","template":"","meta":{"_gspb_post_css":""},"product_brand":[],"product_cat":[68],"product_tag":[],"class_list":{"0":"post-9675","1":"product","2":"type-product","3":"status-publish","4":"has-post-thumbnail","6":"product_cat-68","8":"first","9":"outofstock","10":"taxable","11":"shipping-taxable","12":"purchasable","13":"product-type-simple"},"_links":{"self":[{"href":"https:\/\/mo-mo.gr\/it\/wp-json\/wp\/v2\/product\/9675","targetHints":{"allow":["GET"]}}],"collection":[{"href":"https:\/\/mo-mo.gr\/it\/wp-json\/wp\/v2\/product"}],"about":[{"href":"https:\/\/mo-mo.gr\/it\/wp-json\/wp\/v2\/types\/product"}],"replies":[{"embeddable":true,"href":"https:\/\/mo-mo.gr\/it\/wp-json\/wp\/v2\/comments?post=9675"}],"wp:featuredmedia":[{"embeddable":true,"href":"https:\/\/mo-mo.gr\/it\/wp-json\/wp\/v2\/media\/11588"}],"wp:attachment":[{"href":"https:\/\/mo-mo.gr\/it\/wp-json\/wp\/v2\/media?parent=9675"}],"wp:term":[{"taxonomy":"product_brand","embeddable":true,"href":"https:\/\/mo-mo.gr\/it\/wp-json\/wp\/v2\/product_brand?post=9675"},{"taxonomy":"product_cat","embeddable":true,"href":"https:\/\/mo-mo.gr\/it\/wp-json\/wp\/v2\/product_cat?post=9675"},{"taxonomy":"product_tag","embeddable":true,"href":"https:\/\/mo-mo.gr\/it\/wp-json\/wp\/v2\/product_tag?post=9675"}],"curies":[{"name":"wp","href":"https:\/\/api.w.org\/{rel}","templated":true}]}}