{"id":9669,"date":"2023-08-17T19:23:40","date_gmt":"2023-08-17T19:23:40","guid":{"rendered":"https:\/\/mo-mo.gr\/product\/hiragana-purse\/"},"modified":"2024-12-12T14:39:53","modified_gmt":"2024-12-12T14:39:53","slug":"borsa-hiragana","status":"publish","type":"product","link":"https:\/\/mo-mo.gr\/it\/\u03c0\u03c1\u03bf\u03ca\u03cc\u03bd\u03c4\u03b1\/hiragana-purse\/","title":{"rendered":"BORSETTA HIRAGANA"},"content":{"rendered":"<p>Scoprite l'ultima sintesi di funzionalit\u00e0 ed eleganza con la borsa Japanese Denim Blue, un accessorio davvero unico che vi offre pi\u00f9 di un semplice spazio di archiviazione. Indubbiamente, questa borsa \u00e8 stata progettata con cura e dettaglio, rendendola un must-have per chi cerca lo straordinario nella vita di tutti i giorni.<\/p>\n<p>\u00c8 un accessorio che si rivolge a chi riconosce il valore dell'unicit\u00e0. \u00c8 un pezzo che aggiunge stile e personalit\u00e0 a qualsiasi look.<\/p>\n<p>La caratteristica principale di questa valigetta \u00e8 l'Hiragana, un sistema di scrittura che costituisce il nucleo della scrittura giapponese. Questa interessante aggiunta d\u00e0 un senso di approccio culturale e di profondit\u00e0 al vostro prodotto.<\/p>\n<p>Questo \u00e8 un pezzo esclusivo, realizzato con amore e cura. Non ce ne sono due uguali, il che rende ogni pezzo unico e irripetibile.<\/p>\n<p>In sintesi, la Japanese Denim Blue Cotton Denim Bag \u00e8 un accessorio essenziale per chi apprezza qualit\u00e0, stile e unicit\u00e0. Lasciate che sia la vostra compagna di vita quotidiana e che valorizzi la vostra estetica.<\/p>","protected":false},"excerpt":{"rendered":"<p>Borsetta, zaino o come preferite, questa borsa \u00e8 un accessorio utilitario, destinato agli... intenditori. L'Hiragana \u00e8 uno dei tre sistemi di scrittura del Giappone e qui viene riproposto in un eccellente tessuto blu denim. Non c'\u00e8 niente di pi\u00f9 \"giapponese\" di questo!<\/p>\n<p>In un'unica copia. Dimensioni 18xmX24cm<\/p>","protected":false},"featured_media":11583,"comment_status":"closed","ping_status":"open","template":"","meta":{"_gspb_post_css":""},"product_brand":[],"product_cat":[68],"product_tag":[],"class_list":{"0":"post-9669","1":"product","2":"type-product","3":"status-publish","4":"has-post-thumbnail","6":"product_cat-68","8":"first","9":"outofstock","10":"taxable","11":"shipping-taxable","12":"purchasable","13":"product-type-simple"},"_links":{"self":[{"href":"https:\/\/mo-mo.gr\/it\/wp-json\/wp\/v2\/product\/9669","targetHints":{"allow":["GET"]}}],"collection":[{"href":"https:\/\/mo-mo.gr\/it\/wp-json\/wp\/v2\/product"}],"about":[{"href":"https:\/\/mo-mo.gr\/it\/wp-json\/wp\/v2\/types\/product"}],"replies":[{"embeddable":true,"href":"https:\/\/mo-mo.gr\/it\/wp-json\/wp\/v2\/comments?post=9669"}],"wp:featuredmedia":[{"embeddable":true,"href":"https:\/\/mo-mo.gr\/it\/wp-json\/wp\/v2\/media\/11583"}],"wp:attachment":[{"href":"https:\/\/mo-mo.gr\/it\/wp-json\/wp\/v2\/media?parent=9669"}],"wp:term":[{"taxonomy":"product_brand","embeddable":true,"href":"https:\/\/mo-mo.gr\/it\/wp-json\/wp\/v2\/product_brand?post=9669"},{"taxonomy":"product_cat","embeddable":true,"href":"https:\/\/mo-mo.gr\/it\/wp-json\/wp\/v2\/product_cat?post=9669"},{"taxonomy":"product_tag","embeddable":true,"href":"https:\/\/mo-mo.gr\/it\/wp-json\/wp\/v2\/product_tag?post=9669"}],"curies":[{"name":"wp","href":"https:\/\/api.w.org\/{rel}","templated":true}]}}