{"id":9650,"date":"2023-08-17T17:07:29","date_gmt":"2023-08-17T17:07:29","guid":{"rendered":"https:\/\/mo-mo.gr\/product\/iwasaki-pochi-%e3%83%9d%e3%83%bc%e3%83%81\/"},"modified":"2024-12-12T14:39:47","modified_gmt":"2024-12-12T14:39:47","slug":"iwasaki-pochi-%e3%83%9d%e3%83%bc%e3%83%81","status":"publish","type":"product","link":"https:\/\/mo-mo.gr\/it\/\u03c0\u03c1\u03bf\u03ca\u03cc\u03bd\u03c4\u03b1\/iwasaki-pochi-%e3%83%9d%e3%83%bc%e3%83%81\/","title":{"rendered":"IWASAKI POCHI \u30dd\u30fc\u30c1"},"content":{"rendered":"<p>Siamo entusiasti di presentare la nostra nuova creazione, la Pouch bag, che vi porter\u00e0 in un viaggio nella filosofia giapponese della semplicit\u00e0 e dell'eleganza.<\/p>\n<p>Questa borsa unica \u00e8 dotata di un bottone a calamita che si chiude con assoluta facilit\u00e0, offrendo la sicurezza e la praticit\u00e0 di cui avete bisogno nella vita di tutti i giorni. L'esotico colore blu marino, ricco di fascino, ne sottolinea l'eleganza e si ispira alla profumata brezza marina.<\/p>\n<p>Il tessuto di cotone che utilizziamo per la nostra borsa proviene dalla Tokyo classica, un tessuto che parla della storia e della tradizione della regione, ed \u00e8 evidenziato dal suo originale motivo giapponese. Questo motivo trae ispirazione dall'arte giapponese cosmopolita e conferisce alla borsa un senso di lusso e unicit\u00e0.<\/p>\n<p>Infine, il nome che abbiamo scelto per questa borsa non \u00e8 casuale. Abbiamo reso omaggio alla famosa geisha Mineko Iwasaki, una donna che ha incarnato a suo modo l'anima della cultura e dell'eleganza giapponese. Con questo nome, la borsa assume una dimensione in pi\u00f9 e viene associata allo straordinario fascino e alla cultura che lei rappresenta.<\/p>\n<p>Lasciate che vi offriamo un pezzo di Giappone ad ogni tocco della nostra Pouch bag. Ogni volta che la terrete in mano, sentirete il dolce abbraccio della storia e della raffinatezza che caratterizzano la cultura giapponese.<\/p>","protected":false},"excerpt":{"rendered":"<p>Questo esclusivo marsupio \u00e8 dotato di un bottone a calamita che si chiude con assoluta facilit\u00e0, offrendovi la sicurezza e la praticit\u00e0 di cui avete bisogno nella vostra vita quotidiana. Colore blu navy con fiori interamente dorati, un tessuto di Tokyo con un originale motivo giapponese ispirato all'arte giapponese e al nome della famosa geisha Mineko Iwasaki.<\/p>\n<p>In un unico formato atipico! Dimensioni 18xmX24cm<\/p>","protected":false},"featured_media":11567,"comment_status":"closed","ping_status":"open","template":"","meta":{"_gspb_post_css":""},"product_brand":[],"product_cat":[65],"product_tag":[23,18],"class_list":{"0":"post-9650","1":"product","2":"type-product","3":"status-publish","4":"has-post-thumbnail","6":"product_cat-65","7":"product_tag-mineko-iwasaki","8":"product_tag-pouch","10":"first","11":"onbackorder","12":"taxable","13":"shipping-taxable","14":"purchasable","15":"product-type-simple"},"_links":{"self":[{"href":"https:\/\/mo-mo.gr\/it\/wp-json\/wp\/v2\/product\/9650","targetHints":{"allow":["GET"]}}],"collection":[{"href":"https:\/\/mo-mo.gr\/it\/wp-json\/wp\/v2\/product"}],"about":[{"href":"https:\/\/mo-mo.gr\/it\/wp-json\/wp\/v2\/types\/product"}],"replies":[{"embeddable":true,"href":"https:\/\/mo-mo.gr\/it\/wp-json\/wp\/v2\/comments?post=9650"}],"wp:featuredmedia":[{"embeddable":true,"href":"https:\/\/mo-mo.gr\/it\/wp-json\/wp\/v2\/media\/11567"}],"wp:attachment":[{"href":"https:\/\/mo-mo.gr\/it\/wp-json\/wp\/v2\/media?parent=9650"}],"wp:term":[{"taxonomy":"product_brand","embeddable":true,"href":"https:\/\/mo-mo.gr\/it\/wp-json\/wp\/v2\/product_brand?post=9650"},{"taxonomy":"product_cat","embeddable":true,"href":"https:\/\/mo-mo.gr\/it\/wp-json\/wp\/v2\/product_cat?post=9650"},{"taxonomy":"product_tag","embeddable":true,"href":"https:\/\/mo-mo.gr\/it\/wp-json\/wp\/v2\/product_tag?post=9650"}],"curies":[{"name":"wp","href":"https:\/\/api.w.org\/{rel}","templated":true}]}}