{"id":9640,"date":"2023-08-05T12:24:35","date_gmt":"2023-08-05T12:24:35","guid":{"rendered":"https:\/\/mo-mo.gr\/product\/bolero-yukata-sleeves\/"},"modified":"2026-03-19T15:43:43","modified_gmt":"2026-03-19T13:43:43","slug":"maniche-bolero-yukata","status":"publish","type":"product","link":"https:\/\/mo-mo.gr\/it\/\u03c0\u03c1\u03bf\u03ca\u03cc\u03bd\u03c4\u03b1\/bolero-yukata-sleeves\/","title":{"rendered":"Maniche Bolero Yukata"},"content":{"rendered":"<p>Bolero ispirato all'arte giapponese dello Yukata. Si tratta di un kimono, con la qualit\u00e0 costruttiva di MOMO, ma con un'altezza e una legatura da bolero. Un design unico che unisce la sartorialit\u00e0 giapponese alla femminilit\u00e0 del bolero.<\/p>\n<p>Tessuto crepe leggero, lavabile fino a 40 gradi e che non si stropiccia.<\/p>","protected":false},"excerpt":{"rendered":"<p>Bolero Kimono con manica Yukata. Ispirato alla couture giapponese con tessuto in cr\u00eape e audaci motivi floreali.<\/p>","protected":false},"featured_media":11559,"comment_status":"closed","ping_status":"closed","template":"","meta":{"_gspb_post_css":""},"product_brand":[],"product_cat":[115,66],"product_tag":[56],"class_list":{"0":"post-9640","1":"product","2":"type-product","3":"status-publish","4":"has-post-thumbnail","6":"product_cat-yukata","7":"product_cat-66","8":"product_tag-womans-kimonos","9":"pa_-large","10":"pa_-medium","11":"pa_-small","12":"pa_-xtra-large","13":"pa_-xtra-small","14":"pa_-xxl","15":"pa_-multiple-colors","16":"pa_-85","18":"first","19":"outofstock","20":"taxable","21":"shipping-taxable","22":"purchasable","23":"product-type-variable"},"_links":{"self":[{"href":"https:\/\/mo-mo.gr\/it\/wp-json\/wp\/v2\/product\/9640","targetHints":{"allow":["GET"]}}],"collection":[{"href":"https:\/\/mo-mo.gr\/it\/wp-json\/wp\/v2\/product"}],"about":[{"href":"https:\/\/mo-mo.gr\/it\/wp-json\/wp\/v2\/types\/product"}],"replies":[{"embeddable":true,"href":"https:\/\/mo-mo.gr\/it\/wp-json\/wp\/v2\/comments?post=9640"}],"wp:featuredmedia":[{"embeddable":true,"href":"https:\/\/mo-mo.gr\/it\/wp-json\/wp\/v2\/media\/11559"}],"wp:attachment":[{"href":"https:\/\/mo-mo.gr\/it\/wp-json\/wp\/v2\/media?parent=9640"}],"wp:term":[{"taxonomy":"product_brand","embeddable":true,"href":"https:\/\/mo-mo.gr\/it\/wp-json\/wp\/v2\/product_brand?post=9640"},{"taxonomy":"product_cat","embeddable":true,"href":"https:\/\/mo-mo.gr\/it\/wp-json\/wp\/v2\/product_cat?post=9640"},{"taxonomy":"product_tag","embeddable":true,"href":"https:\/\/mo-mo.gr\/it\/wp-json\/wp\/v2\/product_tag?post=9640"}],"curies":[{"name":"wp","href":"https:\/\/api.w.org\/{rel}","templated":true}]}}