{"id":9607,"date":"2023-08-02T20:09:49","date_gmt":"2023-08-02T20:09:49","guid":{"rendered":"https:\/\/mo-mo.gr\/product\/nonami-knot-bag\/"},"modified":"2024-12-12T14:39:34","modified_gmt":"2024-12-12T14:39:34","slug":"borsa-nonami-knot","status":"publish","type":"product","link":"https:\/\/mo-mo.gr\/it\/\u03c0\u03c1\u03bf\u03ca\u03cc\u03bd\u03c4\u03b1\/nonami-knot-bag\/","title":{"rendered":"BORSA NONAMI KNOT"},"content":{"rendered":"<p>Le borse Knot sono molto popolari in Giappone e Corea del Sud per il loro design unico ed elegante e per la loro praticit\u00e0. Sono ideali per diverse attivit\u00e0 quotidiane e possono essere utilizzate sia per gli impegni di tutti i giorni che per le occasioni pi\u00f9 formali. Vengono indossate come un nodo legato al polso e tradizionalmente erano nascoste all'interno delle ampie maniche del kimono.<\/p>\n<p>&nbsp;<\/p>","protected":false},"excerpt":{"rendered":"<p>Borsa a nodo realizzata in tessuto giapponese di denim e cotone con onde intricate e trama dorata in rilievo.<\/p>","protected":false},"featured_media":11534,"comment_status":"closed","ping_status":"open","template":"","meta":{"_gspb_post_css":""},"product_brand":[],"product_cat":[65],"product_tag":[],"class_list":{"0":"post-9607","1":"product","2":"type-product","3":"status-publish","4":"has-post-thumbnail","6":"product_cat-65","8":"first","9":"onbackorder","10":"taxable","11":"shipping-taxable","12":"purchasable","13":"product-type-simple"},"_links":{"self":[{"href":"https:\/\/mo-mo.gr\/it\/wp-json\/wp\/v2\/product\/9607","targetHints":{"allow":["GET"]}}],"collection":[{"href":"https:\/\/mo-mo.gr\/it\/wp-json\/wp\/v2\/product"}],"about":[{"href":"https:\/\/mo-mo.gr\/it\/wp-json\/wp\/v2\/types\/product"}],"replies":[{"embeddable":true,"href":"https:\/\/mo-mo.gr\/it\/wp-json\/wp\/v2\/comments?post=9607"}],"wp:featuredmedia":[{"embeddable":true,"href":"https:\/\/mo-mo.gr\/it\/wp-json\/wp\/v2\/media\/11534"}],"wp:attachment":[{"href":"https:\/\/mo-mo.gr\/it\/wp-json\/wp\/v2\/media?parent=9607"}],"wp:term":[{"taxonomy":"product_brand","embeddable":true,"href":"https:\/\/mo-mo.gr\/it\/wp-json\/wp\/v2\/product_brand?post=9607"},{"taxonomy":"product_cat","embeddable":true,"href":"https:\/\/mo-mo.gr\/it\/wp-json\/wp\/v2\/product_cat?post=9607"},{"taxonomy":"product_tag","embeddable":true,"href":"https:\/\/mo-mo.gr\/it\/wp-json\/wp\/v2\/product_tag?post=9607"}],"curies":[{"name":"wp","href":"https:\/\/api.w.org\/{rel}","templated":true}]}}