{"id":13641,"date":"2025-11-24T12:05:47","date_gmt":"2025-11-24T10:05:47","guid":{"rendered":"https:\/\/mo-mo.gr\/?post_type=product&#038;p=13641"},"modified":"2025-11-24T12:07:46","modified_gmt":"2025-11-24T10:07:46","slug":"orecchini-giapponesi-a-forma-di-pesce-rosso","status":"publish","type":"product","link":"https:\/\/mo-mo.gr\/it\/\u03c0\u03c1\u03bf\u03ca\u03cc\u03bd\u03c4\u03b1\/japanese-goldfish-earings-in-red\/","title":{"rendered":"Orecchini giapponesi a forma di pesce rosso"},"content":{"rendered":"","protected":false},"excerpt":{"rendered":"<p data-start=\"97\" data-end=\"298\"><strong data-start=\"130\" data-end=\"167\">Orecchini giapponesi a forma di pesce rosso<\/strong>,<\/p>\n<p data-start=\"97\" data-end=\"298\">Mettete in risalto il vostro aspetto con il <strong data-start=\"130\" data-end=\"167\">Orecchini giapponesi a forma di pesce rosso<\/strong>, un paio di orecchini ispirati all'estetica giapponese e al simbolismo del pesce rosso come simbolo di fortuna, abbondanza e prosperit\u00e0.<\/p>\n<p data-start=\"300\" data-end=\"533\">Realizzati in acciaio di alta qualit\u00e0, offrono resistenza e leggerezza per essere indossati comodamente tutto il giorno. La tonalit\u00e0 rosso vivo aggiunge vivacit\u00e0 e un tocco giocoso ma sofisticato a qualsiasi ensemble.<\/p>\n<p data-start=\"535\" data-end=\"708\">Ideali per chi ama la cultura giapponese, gli accessori unici e i dettagli di rilievo. Indossateli per aggiungere movimento, colore e carattere al vostro stile.<\/p>\n<p data-start=\"535\" data-end=\"708\">Altezza dell'orecchino 5 cm e larghezza 3 cm.<\/p>","protected":false},"featured_media":13642,"comment_status":"closed","ping_status":"closed","template":"","meta":{"_gspb_post_css":""},"product_brand":[],"product_cat":[124,72],"product_tag":[],"class_list":{"0":"post-13641","1":"product","2":"type-product","3":"status-publish","4":"has-post-thumbnail","6":"product_cat-124","7":"product_cat-72","9":"first","10":"instock","11":"taxable","12":"shipping-taxable","13":"purchasable","14":"product-type-simple"},"_links":{"self":[{"href":"https:\/\/mo-mo.gr\/it\/wp-json\/wp\/v2\/product\/13641","targetHints":{"allow":["GET"]}}],"collection":[{"href":"https:\/\/mo-mo.gr\/it\/wp-json\/wp\/v2\/product"}],"about":[{"href":"https:\/\/mo-mo.gr\/it\/wp-json\/wp\/v2\/types\/product"}],"replies":[{"embeddable":true,"href":"https:\/\/mo-mo.gr\/it\/wp-json\/wp\/v2\/comments?post=13641"}],"wp:featuredmedia":[{"embeddable":true,"href":"https:\/\/mo-mo.gr\/it\/wp-json\/wp\/v2\/media\/13642"}],"wp:attachment":[{"href":"https:\/\/mo-mo.gr\/it\/wp-json\/wp\/v2\/media?parent=13641"}],"wp:term":[{"taxonomy":"product_brand","embeddable":true,"href":"https:\/\/mo-mo.gr\/it\/wp-json\/wp\/v2\/product_brand?post=13641"},{"taxonomy":"product_cat","embeddable":true,"href":"https:\/\/mo-mo.gr\/it\/wp-json\/wp\/v2\/product_cat?post=13641"},{"taxonomy":"product_tag","embeddable":true,"href":"https:\/\/mo-mo.gr\/it\/wp-json\/wp\/v2\/product_tag?post=13641"}],"curies":[{"name":"wp","href":"https:\/\/api.w.org\/{rel}","templated":true}]}}