{"id":13608,"date":"2025-10-22T11:44:42","date_gmt":"2025-10-22T08:44:42","guid":{"rendered":"https:\/\/mo-mo.gr\/?post_type=product&#038;p=13608"},"modified":"2025-10-22T11:51:54","modified_gmt":"2025-10-22T08:51:54","slug":"cappotto-giapponese-nagare-no-kaze","status":"publish","type":"product","link":"https:\/\/mo-mo.gr\/it\/\u03c0\u03c1\u03bf\u03ca\u03cc\u03bd\u03c4\u03b1\/japanese-cap-coat-nagare-no-kaze\/","title":{"rendered":"Cappello giapponese Nagare no Kaze"},"content":{"rendered":"","protected":false},"excerpt":{"rendered":"<p>Il cappotto giapponese Nagare no Kaze \u00e8 un pezzo unico, fatto a mano, ispirato all'estetica giapponese della fluidit\u00e0 e della semplicit\u00e0. Realizzato in morbidissimo tessuto di lana con un classico motivo a spina di pesce, offre un senso di lusso e comfort.<\/p>\n<p>La sua linea oversize e le sue linee pulite e geometriche riflettono i principi della sartoria giapponese: armonia, equilibrio e funzionalit\u00e0. Presenta due ampie tasche e una fodera in popeline di cotone per garantire calore e durata.<\/p>\n<p>Si chiude sul davanti con due sottili cinture, che consentono di abbinare e acconciare i capi in modi diversi. Pu\u00f2 essere indossato come cappotto esterno o come parte di un insieme a strati, emanando un senso di naturale fluidit\u00e0 - come il suo nome, Nagare no Kaze (la corrente del vento).<\/p>","protected":false},"featured_media":13618,"comment_status":"closed","ping_status":"closed","template":"","meta":{"_gspb_post_css":""},"product_brand":[],"product_cat":[66,132,74],"product_tag":[],"class_list":{"0":"post-13608","1":"product","2":"type-product","3":"status-publish","4":"has-post-thumbnail","6":"product_cat-66","7":"product_cat-coats","8":"product_cat-new","9":"pa_-large-xlarge","10":"pa_-small-medium","11":"pa_-xxl","13":"first","14":"instock","15":"taxable","16":"shipping-taxable","17":"purchasable","18":"product-type-variable"},"_links":{"self":[{"href":"https:\/\/mo-mo.gr\/it\/wp-json\/wp\/v2\/product\/13608","targetHints":{"allow":["GET"]}}],"collection":[{"href":"https:\/\/mo-mo.gr\/it\/wp-json\/wp\/v2\/product"}],"about":[{"href":"https:\/\/mo-mo.gr\/it\/wp-json\/wp\/v2\/types\/product"}],"replies":[{"embeddable":true,"href":"https:\/\/mo-mo.gr\/it\/wp-json\/wp\/v2\/comments?post=13608"}],"wp:featuredmedia":[{"embeddable":true,"href":"https:\/\/mo-mo.gr\/it\/wp-json\/wp\/v2\/media\/13618"}],"wp:attachment":[{"href":"https:\/\/mo-mo.gr\/it\/wp-json\/wp\/v2\/media?parent=13608"}],"wp:term":[{"taxonomy":"product_brand","embeddable":true,"href":"https:\/\/mo-mo.gr\/it\/wp-json\/wp\/v2\/product_brand?post=13608"},{"taxonomy":"product_cat","embeddable":true,"href":"https:\/\/mo-mo.gr\/it\/wp-json\/wp\/v2\/product_cat?post=13608"},{"taxonomy":"product_tag","embeddable":true,"href":"https:\/\/mo-mo.gr\/it\/wp-json\/wp\/v2\/product_tag?post=13608"}],"curies":[{"name":"wp","href":"https:\/\/api.w.org\/{rel}","templated":true}]}}