{"id":13017,"date":"2025-01-22T18:55:19","date_gmt":"2025-01-22T16:55:19","guid":{"rendered":"https:\/\/mo-mo.gr\/?post_type=product&#038;p=13017"},"modified":"2025-05-11T07:26:23","modified_gmt":"2025-05-11T04:26:23","slug":"seta-overtop-verde-acqua","status":"publish","type":"product","link":"https:\/\/mo-mo.gr\/it\/\u03c0\u03c1\u03bf\u03ca\u03cc\u03bd\u03c4\u03b1\/silk-overtop-teal\/","title":{"rendered":"Seta Overtop verde acqua"},"content":{"rendered":"","protected":false},"excerpt":{"rendered":"<p>Scoprite il massimo dell'eleganza con il Silk Overtop Teal, un panoply unico, realizzato a mano in tessuto di seta di alta qualit\u00e0 100%. Tinto con la tintura naturale dell'indaco giapponese, emana l'autenticit\u00e0 e la spiritualit\u00e0 della tintura tradizionale giapponese.<\/p>\n<p>Il suo sorprendente colore turchese, che ricorda le sfumature dell'oceano, combina armoniosamente la semplicit\u00e0 naturale con un'estetica raffinata. Silk Overtop Teal \u00e8 leggero e arioso, ideale per ogni stagione, offre comfort e stile a ogni look.<\/p>\n<p>Indossatelo su qualsiasi ensemble per creare un look unico con un forte riferimento culturale e una raffinatezza contemporanea. Una vera opera d'arte che aggiunge raffinatezza e carattere al vostro guardaroba.<\/p>\n<p>Le misure sono: 75 cm di lunghezza posteriore, 86 cm di altezza.<\/p>","protected":false},"featured_media":13013,"comment_status":"open","ping_status":"closed","template":"","meta":{"_gspb_post_css":""},"product_brand":[],"product_cat":[66],"product_tag":[],"class_list":{"0":"post-13017","1":"product","2":"type-product","3":"status-publish","4":"has-post-thumbnail","6":"product_cat-66","7":"pa_-127","9":"first","10":"instock","11":"taxable","12":"shipping-taxable","13":"purchasable","14":"product-type-simple"},"_links":{"self":[{"href":"https:\/\/mo-mo.gr\/it\/wp-json\/wp\/v2\/product\/13017","targetHints":{"allow":["GET"]}}],"collection":[{"href":"https:\/\/mo-mo.gr\/it\/wp-json\/wp\/v2\/product"}],"about":[{"href":"https:\/\/mo-mo.gr\/it\/wp-json\/wp\/v2\/types\/product"}],"replies":[{"embeddable":true,"href":"https:\/\/mo-mo.gr\/it\/wp-json\/wp\/v2\/comments?post=13017"}],"wp:featuredmedia":[{"embeddable":true,"href":"https:\/\/mo-mo.gr\/it\/wp-json\/wp\/v2\/media\/13013"}],"wp:attachment":[{"href":"https:\/\/mo-mo.gr\/it\/wp-json\/wp\/v2\/media?parent=13017"}],"wp:term":[{"taxonomy":"product_brand","embeddable":true,"href":"https:\/\/mo-mo.gr\/it\/wp-json\/wp\/v2\/product_brand?post=13017"},{"taxonomy":"product_cat","embeddable":true,"href":"https:\/\/mo-mo.gr\/it\/wp-json\/wp\/v2\/product_cat?post=13017"},{"taxonomy":"product_tag","embeddable":true,"href":"https:\/\/mo-mo.gr\/it\/wp-json\/wp\/v2\/product_tag?post=13017"}],"curies":[{"name":"wp","href":"https:\/\/api.w.org\/{rel}","templated":true}]}}