{"id":12964,"date":"2025-01-14T12:31:46","date_gmt":"2025-01-14T10:31:46","guid":{"rendered":"https:\/\/mo-mo.gr\/?post_type=product&#038;p=12964"},"modified":"2025-03-05T11:22:22","modified_gmt":"2025-03-05T09:22:22","slug":"borsa-tote-arashiyama-vista","status":"publish","type":"product","link":"https:\/\/mo-mo.gr\/it\/\u03c0\u03c1\u03bf\u03ca\u03cc\u03bd\u03c4\u03b1\/arashiyama-vista-tote-bag\/","title":{"rendered":"Borsa Arashiyama Vista"},"content":{"rendered":"<h3><strong>Materiali e design<\/strong><\/h3>\n<ul>\n<li><strong>Interni:<\/strong> Realizzato in tela trapuntata, garantisce struttura e resistenza, mentre la tasca interna con zip assicura una pratica organizzazione degli oggetti personali.<\/li>\n<li><strong>Esterno:<\/strong>\n<ul>\n<li>Il <strong>indietro<\/strong> \u00e8 realizzato in lana estremamente morbida, che offre una sensazione di lusso al tatto.<\/li>\n<li>\u0397 <strong>lato anteriore<\/strong> \u00e8 una tela tessuta che raffigura un paesaggio giapponese mozzafiato nei toni del verde acqua e del blu, ispirato alla tranquillit\u00e0 e alla serenit\u00e0 della regione di Arashiyama.<\/li>\n<\/ul>\n<\/li>\n<li><strong>Chiusura:<\/strong> Dotata di cerniera, la borsa offre sicurezza ed eleganza, rendendola ideale per l'uso quotidiano.<\/li>\n<\/ul>\n<h3><strong>Dimensioni e capacit\u00e0<\/strong><\/h3>\n<ul>\n<li><strong>Altezza:<\/strong> 44 cm.<\/li>\n<li><strong>Larghezza:<\/strong> 62 cm.<\/li>\n<li><strong>Profondit\u00e0:<\/strong> 8 cm.<\/li>\n<\/ul>\n<p>Le sue grandi dimensioni lo rendono ideale per trasportare tutto l'essenziale quotidiano, dai documenti e libri agli oggetti personali, senza perdere la propria eleganza.<\/p>\n<p>Scoprite l'equilibrio perfetto tra funzionalit\u00e0 e arte con il modello <strong>Borsa Arashiyama Vista<\/strong>e portare con voi l'essenza del Giappone ovunque andiate.<\/p>","protected":false},"excerpt":{"rendered":"<p>La borsa Arashiyama Vista Tote Bag \u00e8 un'ode alla natura giapponese, che unisce lusso, tradizione e design contemporaneo. Grazie ai materiali unici e all'estetica impareggiabile, questa borsa diventer\u00e0 la vostra scelta preferita per i look di tutti i giorni.<\/p>\n<p>Arashiyama Vista non \u00e8 solo una borsa, ma una porta d'accesso alla bellezza della natura giapponese. Lo splendido paesaggio che adorna la parte anteriore della borsa cattura la serenit\u00e0 e la spiritualit\u00e0 della regione di Arashiyama, famosa per le sue foreste di bamb\u00f9 e i suoi paesaggi tradizionali.<\/p>","protected":false},"featured_media":12966,"comment_status":"open","ping_status":"closed","template":"","meta":{"_gspb_post_css":""},"product_brand":[],"product_cat":[76,123],"product_tag":[],"class_list":{"0":"post-12964","1":"product","2":"type-product","3":"status-publish","4":"has-post-thumbnail","6":"product_cat-totes","7":"product_cat-123","9":"first","10":"instock","11":"taxable","12":"shipping-taxable","13":"purchasable","14":"product-type-simple"},"_links":{"self":[{"href":"https:\/\/mo-mo.gr\/it\/wp-json\/wp\/v2\/product\/12964","targetHints":{"allow":["GET"]}}],"collection":[{"href":"https:\/\/mo-mo.gr\/it\/wp-json\/wp\/v2\/product"}],"about":[{"href":"https:\/\/mo-mo.gr\/it\/wp-json\/wp\/v2\/types\/product"}],"replies":[{"embeddable":true,"href":"https:\/\/mo-mo.gr\/it\/wp-json\/wp\/v2\/comments?post=12964"}],"wp:featuredmedia":[{"embeddable":true,"href":"https:\/\/mo-mo.gr\/it\/wp-json\/wp\/v2\/media\/12966"}],"wp:attachment":[{"href":"https:\/\/mo-mo.gr\/it\/wp-json\/wp\/v2\/media?parent=12964"}],"wp:term":[{"taxonomy":"product_brand","embeddable":true,"href":"https:\/\/mo-mo.gr\/it\/wp-json\/wp\/v2\/product_brand?post=12964"},{"taxonomy":"product_cat","embeddable":true,"href":"https:\/\/mo-mo.gr\/it\/wp-json\/wp\/v2\/product_cat?post=12964"},{"taxonomy":"product_tag","embeddable":true,"href":"https:\/\/mo-mo.gr\/it\/wp-json\/wp\/v2\/product_tag?post=12964"}],"curies":[{"name":"wp","href":"https:\/\/api.w.org\/{rel}","templated":true}]}}