{"id":12959,"date":"2025-01-14T12:23:58","date_gmt":"2025-01-14T10:23:58","guid":{"rendered":"https:\/\/mo-mo.gr\/?post_type=product&#038;p=12959"},"modified":"2025-03-05T11:22:13","modified_gmt":"2025-03-05T09:22:13","slug":"borsa-tote-akita-no-kizuma","status":"publish","type":"product","link":"https:\/\/mo-mo.gr\/it\/\u03c0\u03c1\u03bf\u03ca\u03cc\u03bd\u03c4\u03b1\/akita-no-kizuma-tote-bag\/","title":{"rendered":"Borsa a tracolla Akita No Kizuma"},"content":{"rendered":"<p>Con dimensioni <strong>44 cm di altezza, 36 cm di larghezza e 8 cm di profondit\u00e0<\/strong>, \u03b7 <strong>Akita no Kizuna<\/strong> offre molto spazio per gli oggetti di uso quotidiano. Che lo usiate per lo shopping, il lavoro o una passeggiata, \u00e8 abbastanza spazioso da soddisfare ogni vostra esigenza.<\/p>\n<h3><strong>Praticit\u00e0 e dettagli<\/strong><\/h3>\n<ul>\n<li><strong>Tasca interna con cerniera:<\/strong> Ideale per riporre piccoli oggetti come chiavi, portafoglio o cellulare, garantendo un accesso immediato e un'organizzazione ottimale.<\/li>\n<li><strong>Chiusura a zip:<\/strong> La borsa si chiude completamente con una robusta cerniera, offrendo la massima sicurezza per i vostri oggetti.<\/li>\n<li><strong>Durata:<\/strong> La costruzione della borsa \u00e8 pensata per l'uso quotidiano, mantenendo la sua funzionalit\u00e0 ed eleganza.<\/li>\n<\/ul>\n<p>Il nome \"Akita no Kizuna\" significa \"Legame di Akita\" ed \u00e8 dedicato al legame unico che i cani Akita hanno con gli esseri umani, simbolo di lealt\u00e0, devozione e armonia. I motivi geometrici riflettono la cultura giapponese contemporanea, mentre l'uso di tessuti tradizionali collega il passato al presente.<\/p>","protected":false},"excerpt":{"rendered":"<p>Realizzata in tela trapuntata di alta qualit\u00e0 con tessuto di cotone di Kyoto, la borsa emana un senso di lusso e tradizione. Il design \u00e8 caratterizzato da audaci forme geometriche rosse, che si fondono armoniosamente con i cani Akita, creando un'esperienza visiva unica. La trapuntatura offre consistenza e profondit\u00e0, migliorando la durata della borsa.<\/p>\n<p>La Akita no Kizuna Tote Bag \u00e8 pi\u00f9 di una semplice borsa: \u00e8 un'opera d'arte che unisce la tradizione giapponese all'estetica moderna. Ispirata ai nobili e leali cani Akita, ma con l'intensit\u00e0 dei motivi geometrici, questa borsa aggiunge eleganza e unicit\u00e0 a qualsiasi look.\u03c9<\/p>","protected":false},"featured_media":12961,"comment_status":"open","ping_status":"closed","template":"","meta":{"_gspb_post_css":""},"product_brand":[],"product_cat":[76,123],"product_tag":[],"class_list":{"0":"post-12959","1":"product","2":"type-product","3":"status-publish","4":"has-post-thumbnail","6":"product_cat-totes","7":"product_cat-123","8":"pa_-128","9":"pa_-129","11":"first","12":"instock","13":"taxable","14":"shipping-taxable","15":"purchasable","16":"product-type-simple"},"_links":{"self":[{"href":"https:\/\/mo-mo.gr\/it\/wp-json\/wp\/v2\/product\/12959","targetHints":{"allow":["GET"]}}],"collection":[{"href":"https:\/\/mo-mo.gr\/it\/wp-json\/wp\/v2\/product"}],"about":[{"href":"https:\/\/mo-mo.gr\/it\/wp-json\/wp\/v2\/types\/product"}],"replies":[{"embeddable":true,"href":"https:\/\/mo-mo.gr\/it\/wp-json\/wp\/v2\/comments?post=12959"}],"wp:featuredmedia":[{"embeddable":true,"href":"https:\/\/mo-mo.gr\/it\/wp-json\/wp\/v2\/media\/12961"}],"wp:attachment":[{"href":"https:\/\/mo-mo.gr\/it\/wp-json\/wp\/v2\/media?parent=12959"}],"wp:term":[{"taxonomy":"product_brand","embeddable":true,"href":"https:\/\/mo-mo.gr\/it\/wp-json\/wp\/v2\/product_brand?post=12959"},{"taxonomy":"product_cat","embeddable":true,"href":"https:\/\/mo-mo.gr\/it\/wp-json\/wp\/v2\/product_cat?post=12959"},{"taxonomy":"product_tag","embeddable":true,"href":"https:\/\/mo-mo.gr\/it\/wp-json\/wp\/v2\/product_tag?post=12959"}],"curies":[{"name":"wp","href":"https:\/\/api.w.org\/{rel}","templated":true}]}}