{"id":12951,"date":"2025-01-13T22:06:36","date_gmt":"2025-01-13T20:06:36","guid":{"rendered":"https:\/\/mo-mo.gr\/?post_type=product&#038;p=12951"},"modified":"2026-04-02T16:46:02","modified_gmt":"2026-04-02T13:46:02","slug":"borsa-grande-sakura-neko","status":"publish","type":"product","link":"https:\/\/mo-mo.gr\/it\/\u03c0\u03c1\u03bf\u03ca\u03cc\u03bd\u03c4\u03b1\/sakura-neko-big-tote-bag\/","title":{"rendered":"Borsa grande Sakura Neko"},"content":{"rendered":"","protected":false},"excerpt":{"rendered":"<p>La Sakura Neko Big Tote Bag \u00e8 una straordinaria borsa in tela nera trapuntata a mano che unisce eleganza e praticit\u00e0. Importato da Kyoto, il tessuto \u00e8 ornato da gatti neri, fiori di ciliegio e foglie delicate impreziosite da stampe dorate. La base in tessuto color cremisi aggiunge un tocco caldo e lussuoso all'aspetto della borsa.<\/p>\n<p>Progettata all'insegna della praticit\u00e0, \u00e8 dotata di due tasche interne: una con cerniera per riporre in sicurezza i piccoli oggetti e una aperta per un accesso rapido. La parte principale della borsa si chiude interamente con una cerniera, per proteggere i vostri effetti personali.<\/p>\n<p>Con il suo design unico e le sue dimensioni confortevoli, la Sakura Neko Quilted Tote \u00e8 ideale per l'uso quotidiano o per le occasioni speciali, offrendo un modo sofisticato per esprimere il vostro amore per l'estetica giapponese.<\/p>\n<p>&nbsp;<\/p>\n<p>&nbsp;<\/p>","protected":false},"featured_media":12952,"comment_status":"open","ping_status":"closed","template":"","meta":{"_gspb_post_css":""},"product_brand":[],"product_cat":[74,76,123,65],"product_tag":[],"class_list":{"0":"post-12951","1":"product","2":"type-product","3":"status-publish","4":"has-post-thumbnail","6":"product_cat-new","7":"product_cat-totes","8":"product_cat-123","9":"product_cat-65","11":"first","12":"outofstock","13":"taxable","14":"shipping-taxable","15":"purchasable","16":"product-type-simple"},"_links":{"self":[{"href":"https:\/\/mo-mo.gr\/it\/wp-json\/wp\/v2\/product\/12951","targetHints":{"allow":["GET"]}}],"collection":[{"href":"https:\/\/mo-mo.gr\/it\/wp-json\/wp\/v2\/product"}],"about":[{"href":"https:\/\/mo-mo.gr\/it\/wp-json\/wp\/v2\/types\/product"}],"replies":[{"embeddable":true,"href":"https:\/\/mo-mo.gr\/it\/wp-json\/wp\/v2\/comments?post=12951"}],"wp:featuredmedia":[{"embeddable":true,"href":"https:\/\/mo-mo.gr\/it\/wp-json\/wp\/v2\/media\/12952"}],"wp:attachment":[{"href":"https:\/\/mo-mo.gr\/it\/wp-json\/wp\/v2\/media?parent=12951"}],"wp:term":[{"taxonomy":"product_brand","embeddable":true,"href":"https:\/\/mo-mo.gr\/it\/wp-json\/wp\/v2\/product_brand?post=12951"},{"taxonomy":"product_cat","embeddable":true,"href":"https:\/\/mo-mo.gr\/it\/wp-json\/wp\/v2\/product_cat?post=12951"},{"taxonomy":"product_tag","embeddable":true,"href":"https:\/\/mo-mo.gr\/it\/wp-json\/wp\/v2\/product_tag?post=12951"}],"curies":[{"name":"wp","href":"https:\/\/api.w.org\/{rel}","templated":true}]}}