{"id":11497,"date":"2024-12-05T14:15:18","date_gmt":"2024-12-05T14:15:18","guid":{"rendered":"https:\/\/mo-mo.gr\/product\/hanten-tateshizuku-indigo\/"},"modified":"2026-03-19T14:00:47","modified_gmt":"2026-03-19T12:00:47","slug":"hanten-tateshizuku-indaco","status":"publish","type":"product","link":"https:\/\/mo-mo.gr\/it\/\u03c0\u03c1\u03bf\u03ca\u03cc\u03bd\u03c4\u03b1\/hanten-tateshizuku-indigo\/","title":{"rendered":"Hanten Tateshizuku Indaco"},"content":{"rendered":"","protected":false},"excerpt":{"rendered":"<p>Scoprite Hanten Tateshizuku Indigo, un capo unico fatto a mano che incarna l'essenza della tradizione e dell'estetica giapponese. Con la sua vestibilit\u00e0 elegante e il caratteristico motivo Tateshizuku, questo capo unisex incarna la semplicit\u00e0 giapponese senza tempo.<\/p>\n<p>L'hanten \u00e8 un cappotto corto che risale al periodo Edo (1603-1868) in Giappone, quando l'abbigliamento quotidiano rifletteva praticit\u00e0 ed eleganza. Durante questo periodo, l'hanten era indossato da persone di tutte le classi sociali e forniva calore e protezione nelle giornate fredde.<\/p>\n<p>Hanten Tateshizuku Indigo \u00e8 realizzato in tessuto di cotone di alta qualit\u00e0, tinto con tintura naturale indaco, che gli conferisce una profondit\u00e0 e una consistenza uniche. Il motivo Tateshizuku - gocce disposte in verticale - allude all'armonia e al flusso della natura, caratteristiche che sono al centro dell'estetica giapponese.<\/p>\n<p>Questo cappotto \u00e8 ideale per essere indossato sia in look casual che in look pi\u00f9 sofisticati, aggiungendo un'aria di autentica tradizione al vostro guardaroba moderno.<\/p>\n<p>Caratteristiche del prodotto:<br \/>\n- Costruzione a mano<br \/>\n- Design unisex<br \/>\n- Tintura indaco naturale<br \/>\n- Ispirato al periodo Edo<br \/>\n- Ideale per una stratificazione casual o formale<\/p>\n<p>Procuratevi l'Hanten Tateshizuku Indig* e incorporate l'autenticit\u00e0 e l'armonia della cultura giapponese nel vostro stile.<\/p>","protected":false},"featured_media":12608,"comment_status":"open","ping_status":"closed","template":"","meta":{"_gspb_post_css":""},"product_brand":[],"product_cat":[117,66],"product_tag":[41,56],"class_list":{"0":"post-11497","1":"product","2":"type-product","3":"status-publish","4":"has-post-thumbnail","6":"product_cat-hanten","7":"product_cat-66","8":"product_tag-mens-kimonos","9":"product_tag-womans-kimonos","10":"pa_-large","11":"pa_-medium","12":"pa_-small","13":"pa_-xtra-large","14":"pa_-xtra-small","15":"pa_-xxl","16":"pa_-100-","17":"pa_-79","19":"first","20":"outofstock","21":"taxable","22":"shipping-taxable","23":"purchasable","24":"product-type-variable"},"_links":{"self":[{"href":"https:\/\/mo-mo.gr\/it\/wp-json\/wp\/v2\/product\/11497","targetHints":{"allow":["GET"]}}],"collection":[{"href":"https:\/\/mo-mo.gr\/it\/wp-json\/wp\/v2\/product"}],"about":[{"href":"https:\/\/mo-mo.gr\/it\/wp-json\/wp\/v2\/types\/product"}],"replies":[{"embeddable":true,"href":"https:\/\/mo-mo.gr\/it\/wp-json\/wp\/v2\/comments?post=11497"}],"wp:featuredmedia":[{"embeddable":true,"href":"https:\/\/mo-mo.gr\/it\/wp-json\/wp\/v2\/media\/12608"}],"wp:attachment":[{"href":"https:\/\/mo-mo.gr\/it\/wp-json\/wp\/v2\/media?parent=11497"}],"wp:term":[{"taxonomy":"product_brand","embeddable":true,"href":"https:\/\/mo-mo.gr\/it\/wp-json\/wp\/v2\/product_brand?post=11497"},{"taxonomy":"product_cat","embeddable":true,"href":"https:\/\/mo-mo.gr\/it\/wp-json\/wp\/v2\/product_cat?post=11497"},{"taxonomy":"product_tag","embeddable":true,"href":"https:\/\/mo-mo.gr\/it\/wp-json\/wp\/v2\/product_tag?post=11497"}],"curies":[{"name":"wp","href":"https:\/\/api.w.org\/{rel}","templated":true}]}}