{"id":11450,"date":"2024-11-28T15:14:01","date_gmt":"2024-11-28T15:14:01","guid":{"rendered":"https:\/\/mo-mo.gr\/product\/%ce%b2%ce%b5%ce%bd%cf%84%ce%ac%ce%bb%ce%b9%ce%b1-umi-no-takami-sensu\/"},"modified":"2025-12-09T15:44:16","modified_gmt":"2025-12-09T13:44:16","slug":"%ce%b2%ce%b5%ce%bd%cf%84%ce%ac%ce%bb%ce%b9%ce%b1-umi-no-takami-sensu","status":"publish","type":"product","link":"https:\/\/mo-mo.gr\/it\/\u03c0\u03c1\u03bf\u03ca\u03cc\u03bd\u03c4\u03b1\/%ce%b2%ce%b5%ce%bd%cf%84%ce%ac%ce%bb%ce%b9%ce%b1-umi-no-takami-sensu\/","title":{"rendered":"Fan Umi no Takami Sensu"},"content":{"rendered":"","protected":false},"excerpt":{"rendered":"<p>Ispirato alla famosa opera di Hokusai \"Grande onda al largo di Kanagawa\", questo ventaglio cattura la potenza e la bellezza del mare giapponese. Realizzato in bamb\u00f9 di alta qualit\u00e0, offre una durata e una leggerezza uniche, mentre la sua superficie \u00e8 ornata dalla suggestiva onda che emerge nei vivaci colori blu e bianco.<\/p>\n<p>Il design emana un senso di movimento ed energia, rendendo omaggio alla natura e all'arte del Giappone. \u00c8 un ventaglio funzionale e decorativo al tempo stesso, ideale per le giornate calde o come accessorio elegante che porta l'estetica della tradizione nel presente.<\/p>\n<p>L'altezza della Ventalia \u00e8 di 21 cm.<\/p>\n<p>Un pezzo essenziale per gli amanti della cultura e dell'arte giapponese, **Umi no Takami** \u00e8 un simbolo del legame senza tempo tra la natura e la creazione umana.<\/p>","protected":false},"featured_media":12589,"comment_status":"open","ping_status":"closed","template":"","meta":{"_gspb_post_css":""},"product_brand":[],"product_cat":[74,71],"product_tag":[],"class_list":{"0":"post-11450","1":"product","2":"type-product","3":"status-publish","4":"has-post-thumbnail","6":"product_cat-new","7":"product_cat-71","9":"first","10":"outofstock","11":"taxable","12":"shipping-taxable","13":"purchasable","14":"product-type-simple"},"_links":{"self":[{"href":"https:\/\/mo-mo.gr\/it\/wp-json\/wp\/v2\/product\/11450","targetHints":{"allow":["GET"]}}],"collection":[{"href":"https:\/\/mo-mo.gr\/it\/wp-json\/wp\/v2\/product"}],"about":[{"href":"https:\/\/mo-mo.gr\/it\/wp-json\/wp\/v2\/types\/product"}],"replies":[{"embeddable":true,"href":"https:\/\/mo-mo.gr\/it\/wp-json\/wp\/v2\/comments?post=11450"}],"wp:featuredmedia":[{"embeddable":true,"href":"https:\/\/mo-mo.gr\/it\/wp-json\/wp\/v2\/media\/12589"}],"wp:attachment":[{"href":"https:\/\/mo-mo.gr\/it\/wp-json\/wp\/v2\/media?parent=11450"}],"wp:term":[{"taxonomy":"product_brand","embeddable":true,"href":"https:\/\/mo-mo.gr\/it\/wp-json\/wp\/v2\/product_brand?post=11450"},{"taxonomy":"product_cat","embeddable":true,"href":"https:\/\/mo-mo.gr\/it\/wp-json\/wp\/v2\/product_cat?post=11450"},{"taxonomy":"product_tag","embeddable":true,"href":"https:\/\/mo-mo.gr\/it\/wp-json\/wp\/v2\/product_tag?post=11450"}],"curies":[{"name":"wp","href":"https:\/\/api.w.org\/{rel}","templated":true}]}}