{"id":11400,"date":"2024-11-26T17:50:26","date_gmt":"2024-11-26T17:50:26","guid":{"rendered":"https:\/\/mo-mo.gr\/product\/dento-bag-golden-dragon\/"},"modified":"2025-03-05T11:27:06","modified_gmt":"2025-03-05T09:27:06","slug":"borsa-dento-drago-doro","status":"publish","type":"product","link":"https:\/\/mo-mo.gr\/it\/\u03c0\u03c1\u03bf\u03ca\u03cc\u03bd\u03c4\u03b1\/dento-bag-golden-dragon\/","title":{"rendered":"Borsa Dento Drago d'oro"},"content":{"rendered":"","protected":false},"excerpt":{"rendered":"<p>Borsa Dento Drago d'oro<\/p>\n<p>Questa bella borsa giapponese fatta a mano \u00e8 realizzata con tessuti di cotone di alta qualit\u00e0, provenienti direttamente da Kyoto. Il centro \u00e8 costituito da un imponente drago dorato su sfondo nero, incorniciato da suggestivi motivi giapponesi nei toni dell'oro, del blu e del viola. L'arte dettagliata evidenzia l'estetica tradizionale giapponese, offrendo un effetto suggestivo ed elegante.<\/p>\n<p>Alta 21 cm, larga 26 cm e con un manico alto 17 cm, questa borsa unisce stile e praticit\u00e0. Si chiude con una cerniera e presenta una fodera in ovatta rinforzata per mantenere la forma e offrire una sensazione di estrema morbidezza al tatto. Perfetta per chi ama la tradizione e la qualit\u00e0, questa borsa porta l'autentico artigianato giapponese al giorno d'oggi con un approccio moderno.<\/p>","protected":false},"featured_media":12550,"comment_status":"open","ping_status":"closed","template":"","meta":{"_gspb_post_css":""},"product_brand":[],"product_cat":[74,65],"product_tag":[],"class_list":{"0":"post-11400","1":"product","2":"type-product","3":"status-publish","4":"has-post-thumbnail","6":"product_cat-new","7":"product_cat-65","9":"first","10":"instock","11":"taxable","12":"shipping-taxable","13":"purchasable","14":"product-type-simple"},"_links":{"self":[{"href":"https:\/\/mo-mo.gr\/it\/wp-json\/wp\/v2\/product\/11400","targetHints":{"allow":["GET"]}}],"collection":[{"href":"https:\/\/mo-mo.gr\/it\/wp-json\/wp\/v2\/product"}],"about":[{"href":"https:\/\/mo-mo.gr\/it\/wp-json\/wp\/v2\/types\/product"}],"replies":[{"embeddable":true,"href":"https:\/\/mo-mo.gr\/it\/wp-json\/wp\/v2\/comments?post=11400"}],"wp:featuredmedia":[{"embeddable":true,"href":"https:\/\/mo-mo.gr\/it\/wp-json\/wp\/v2\/media\/12550"}],"wp:attachment":[{"href":"https:\/\/mo-mo.gr\/it\/wp-json\/wp\/v2\/media?parent=11400"}],"wp:term":[{"taxonomy":"product_brand","embeddable":true,"href":"https:\/\/mo-mo.gr\/it\/wp-json\/wp\/v2\/product_brand?post=11400"},{"taxonomy":"product_cat","embeddable":true,"href":"https:\/\/mo-mo.gr\/it\/wp-json\/wp\/v2\/product_cat?post=11400"},{"taxonomy":"product_tag","embeddable":true,"href":"https:\/\/mo-mo.gr\/it\/wp-json\/wp\/v2\/product_tag?post=11400"}],"curies":[{"name":"wp","href":"https:\/\/api.w.org\/{rel}","templated":true}]}}