{"id":11346,"date":"2024-11-09T08:38:29","date_gmt":"2024-11-09T08:38:29","guid":{"rendered":"https:\/\/mo-mo.gr\/product\/haori-ringo-iro\/"},"modified":"2025-03-05T11:25:59","modified_gmt":"2025-03-05T09:25:59","slug":"haori-ringo-iro","status":"publish","type":"product","link":"https:\/\/mo-mo.gr\/it\/\u03c0\u03c1\u03bf\u03ca\u03cc\u03bd\u03c4\u03b1\/haori-ringo-iro\/","title":{"rendered":"Haori Ringo Iro"},"content":{"rendered":"","protected":false},"excerpt":{"rendered":"<p>Haori Ringo Iro<\/p>\n<p>Il tessuto \u30ea\u30f3\u30b4\u8272\u306e\u7fbd\u7e54 (Ringo-iro no Haori) riporta il caratteristico colore rosso della mela, in una tonalit\u00e0 che mette in risalto la vivacit\u00e0 e l'eleganza dello stile giapponese. Con la sua leggera lucentezza, il tessuto riflette sottilmente la luce, conferendo all'haori un senso di lusso e atemporalit. La manica in stile yukata conferisce un'aria di tradizione, mentre il design lo rende versatile e comodo per ogni occasione, da una serata fuori a un look pi\u00f9 casual.<\/p>\n<p>I motivi geometrici, discretamente nascosti nel tessuto, aggiungono interesse senza distrarre dall'armonia del colore. Ogni forma \u00e8 posizionata con precisione, riflettendo l'arte giapponese del minimalismo e l'equilibrio tra funzionalit\u00e0 ed eleganza. Questi sottili dettagli rendono unico questo haori, conferendogli un'aria di autenticit\u00e0 che colpir\u00e0 gli amanti dell'estetica giapponese.<\/p>\n<p>Realizzata in Giappone, la \u30ea\u30f3\u30b4\u8272\u306e\u7fbd\u7e54 ha subito un processo di ricostruzione e manutenzione nel rispetto della tradizione da parte di MOMO KIDOHO. Ogni pezzo \u00e8 unico e porta con s\u00e9 l'amore per l'arte e la tradizione giapponese, rendendolo un accessorio di cui nessuna collezione potrebbe fare a meno.<\/p>","protected":false},"featured_media":12519,"comment_status":"open","ping_status":"closed","template":"","meta":{"_gspb_post_css":""},"product_brand":[],"product_cat":[114,66],"product_tag":[25,41,56],"class_list":{"0":"post-11346","1":"product","2":"type-product","3":"status-publish","4":"has-post-thumbnail","6":"product_cat-haori","7":"product_cat-66","8":"product_tag-haori","9":"product_tag-mens-kimonos","10":"product_tag-womans-kimonos","11":"pa_-large-xlarge","12":"pa_-80","14":"first","15":"outofstock","16":"taxable","17":"shipping-taxable","18":"purchasable","19":"product-type-variable"},"_links":{"self":[{"href":"https:\/\/mo-mo.gr\/it\/wp-json\/wp\/v2\/product\/11346","targetHints":{"allow":["GET"]}}],"collection":[{"href":"https:\/\/mo-mo.gr\/it\/wp-json\/wp\/v2\/product"}],"about":[{"href":"https:\/\/mo-mo.gr\/it\/wp-json\/wp\/v2\/types\/product"}],"replies":[{"embeddable":true,"href":"https:\/\/mo-mo.gr\/it\/wp-json\/wp\/v2\/comments?post=11346"}],"wp:featuredmedia":[{"embeddable":true,"href":"https:\/\/mo-mo.gr\/it\/wp-json\/wp\/v2\/media\/12519"}],"wp:attachment":[{"href":"https:\/\/mo-mo.gr\/it\/wp-json\/wp\/v2\/media?parent=11346"}],"wp:term":[{"taxonomy":"product_brand","embeddable":true,"href":"https:\/\/mo-mo.gr\/it\/wp-json\/wp\/v2\/product_brand?post=11346"},{"taxonomy":"product_cat","embeddable":true,"href":"https:\/\/mo-mo.gr\/it\/wp-json\/wp\/v2\/product_cat?post=11346"},{"taxonomy":"product_tag","embeddable":true,"href":"https:\/\/mo-mo.gr\/it\/wp-json\/wp\/v2\/product_tag?post=11346"}],"curies":[{"name":"wp","href":"https:\/\/api.w.org\/{rel}","templated":true}]}}