{"id":11335,"date":"2024-11-08T10:47:56","date_gmt":"2024-11-08T10:47:56","guid":{"rendered":"https:\/\/mo-mo.gr\/product\/tote-bag-yume-no-hana\/"},"modified":"2025-03-05T11:35:56","modified_gmt":"2025-03-05T09:35:56","slug":"borsa-yume-no-hana","status":"publish","type":"product","link":"https:\/\/mo-mo.gr\/it\/\u03c0\u03c1\u03bf\u03ca\u03cc\u03bd\u03c4\u03b1\/tote-bag-yume-no-hana\/","title":{"rendered":"Borsa a tracolla Yume no Hana"},"content":{"rendered":"","protected":false},"excerpt":{"rendered":"<p>Borsa a tracolla Yume no Hana<\/p>\n<p>La tote bag Yume no Hana (Fiori dei Sogni) unisce l'eleganza del design alla funzionalit\u00e0 dell'uso quotidiano. Con un'altezza di 28 cm e una larghezza di 36 cm, questa borsa fatta a mano offre le dimensioni perfette per le vostre esigenze quotidiane, mentre il manico alto 24 cm garantisce il comfort della spalla. La parte anteriore \u00e8 realizzata in tela intrecciata di qualit\u00e0 in tonalit\u00e0 oro, decorata con motivi giapponesi di piccoli fiori e ombrelli che evocano scene tradizionali giapponesi.<\/p>\n<p>Sul retro, la tela nera aggiunge un'estetica elegante e minimale, mentre la chiusura a cerniera garantisce la sicurezza dei vostri effetti personali. L'interno \u00e8 foderato in tela e offre molto spazio, perfetto per tutto il necessario. La \"Yume no Hana\" \u00e8 l'accessorio perfetto per chi cerca qualcosa di unico e senza tempo.<\/p>\n<p>\"Yume no Hana\" non \u00e8 solo una borsa, ma un tributo all'artigianato e all'estetica giapponese. Il vivace motivo dorato di fiori e ombrelli mette in evidenza la tradizione e l'eleganza, mentre il sottile luccichio del tessuto conferisce un'aria di lusso ai vostri look quotidiani. Ogni dettaglio \u00e8 stato scelto con cura per offrire un accessorio pratico e unico, rendendo \"Yume no Hana\" perfetto per chi apprezza l'arte e la qualit\u00e0 in ogni scelta.<\/p>","protected":false},"featured_media":12511,"comment_status":"open","ping_status":"closed","template":"","meta":{"_gspb_post_css":""},"product_brand":[],"product_cat":[65],"product_tag":[],"class_list":{"0":"post-11335","1":"product","2":"type-product","3":"status-publish","4":"has-post-thumbnail","6":"product_cat-65","8":"first","9":"instock","10":"taxable","11":"shipping-taxable","12":"purchasable","13":"product-type-simple"},"_links":{"self":[{"href":"https:\/\/mo-mo.gr\/it\/wp-json\/wp\/v2\/product\/11335","targetHints":{"allow":["GET"]}}],"collection":[{"href":"https:\/\/mo-mo.gr\/it\/wp-json\/wp\/v2\/product"}],"about":[{"href":"https:\/\/mo-mo.gr\/it\/wp-json\/wp\/v2\/types\/product"}],"replies":[{"embeddable":true,"href":"https:\/\/mo-mo.gr\/it\/wp-json\/wp\/v2\/comments?post=11335"}],"wp:featuredmedia":[{"embeddable":true,"href":"https:\/\/mo-mo.gr\/it\/wp-json\/wp\/v2\/media\/12511"}],"wp:attachment":[{"href":"https:\/\/mo-mo.gr\/it\/wp-json\/wp\/v2\/media?parent=11335"}],"wp:term":[{"taxonomy":"product_brand","embeddable":true,"href":"https:\/\/mo-mo.gr\/it\/wp-json\/wp\/v2\/product_brand?post=11335"},{"taxonomy":"product_cat","embeddable":true,"href":"https:\/\/mo-mo.gr\/it\/wp-json\/wp\/v2\/product_cat?post=11335"},{"taxonomy":"product_tag","embeddable":true,"href":"https:\/\/mo-mo.gr\/it\/wp-json\/wp\/v2\/product_tag?post=11335"}],"curies":[{"name":"wp","href":"https:\/\/api.w.org\/{rel}","templated":true}]}}