{"id":11331,"date":"2024-11-06T09:28:55","date_gmt":"2024-11-06T09:28:55","guid":{"rendered":"https:\/\/mo-mo.gr\/product\/tote-bag-hatsumomo\/"},"modified":"2025-03-05T11:35:49","modified_gmt":"2025-03-05T09:35:49","slug":"borsa-tote-hatsumomo","status":"publish","type":"product","link":"https:\/\/mo-mo.gr\/it\/\u03c0\u03c1\u03bf\u03ca\u03cc\u03bd\u03c4\u03b1\/tote-bag-hatsumomo\/","title":{"rendered":"Borsa Hatsumomo"},"content":{"rendered":"","protected":false},"excerpt":{"rendered":"<p>Borsa Hatsumomo<\/p>\n<p>La tote bag Hatsumomo \u00e8 realizzata in lussuosa tela nera ed emana un'atmosfera di arte tradizionale giapponese. La parte anteriore presenta intricati disegni di figure di geisha, arricchiti da elementi dorati che aggiungono profondit\u00e0 e vivacit\u00e0 alle rappresentazioni. La borsa \u00e8 dotata di una chiusura a zip che offre sicurezza ai vostri effetti personali, mentre la fodera interna in tela garantisce durata e qualit\u00e0 costruttiva. Una pratica tasca interna consente di organizzare facilmente gli oggetti pi\u00f9 piccoli, rendendola ideale per l'uso quotidiano e per un look elegante dal carattere giapponese.<\/p>\n<p>La tote bag Hatsumomo si ispira all'estetica tradizionale del Giappone e combina funzionalit\u00e0 ed espressione artistica. Lo sfondo in tela nera accentua i dettagli dei disegni, mettendo in evidenza le figure delle geishe e i ricchi elementi dorati che evocano il lusso della tradizione giapponese. Le figure emanano eleganza e grazia, mentre il colore oro aggiunge un senso di brillantezza e luminosit\u00e0, facendo risaltare la borsa.<\/p>\n<p>La borsa offre comfort e praticit\u00e0 per l'uso quotidiano, con una cerniera per mantenere il contenuto al sicuro e organizzato. Grazie al suo interno spazioso e alla tasca interna incorporata, **Hatsumomo** \u00e8 la scelta perfetta per le donne che cercano stile e autenticit\u00e0. Unisce praticit\u00e0 e tradizione, permettendo alle donne di portare con s\u00e9 un pezzo di cultura giapponese, conferendo ai loro outfit un'aria speciale e sofisticata.<\/p>\n<p>Dimensioni della borsa 32x44 e altezza della tracolla 37<\/p>","protected":false},"featured_media":12508,"comment_status":"open","ping_status":"closed","template":"","meta":{"_gspb_post_css":""},"product_brand":[],"product_cat":[65],"product_tag":[],"class_list":{"0":"post-11331","1":"product","2":"type-product","3":"status-publish","4":"has-post-thumbnail","6":"product_cat-65","8":"first","9":"instock","10":"taxable","11":"shipping-taxable","12":"purchasable","13":"product-type-simple"},"_links":{"self":[{"href":"https:\/\/mo-mo.gr\/it\/wp-json\/wp\/v2\/product\/11331","targetHints":{"allow":["GET"]}}],"collection":[{"href":"https:\/\/mo-mo.gr\/it\/wp-json\/wp\/v2\/product"}],"about":[{"href":"https:\/\/mo-mo.gr\/it\/wp-json\/wp\/v2\/types\/product"}],"replies":[{"embeddable":true,"href":"https:\/\/mo-mo.gr\/it\/wp-json\/wp\/v2\/comments?post=11331"}],"wp:featuredmedia":[{"embeddable":true,"href":"https:\/\/mo-mo.gr\/it\/wp-json\/wp\/v2\/media\/12508"}],"wp:attachment":[{"href":"https:\/\/mo-mo.gr\/it\/wp-json\/wp\/v2\/media?parent=11331"}],"wp:term":[{"taxonomy":"product_brand","embeddable":true,"href":"https:\/\/mo-mo.gr\/it\/wp-json\/wp\/v2\/product_brand?post=11331"},{"taxonomy":"product_cat","embeddable":true,"href":"https:\/\/mo-mo.gr\/it\/wp-json\/wp\/v2\/product_cat?post=11331"},{"taxonomy":"product_tag","embeddable":true,"href":"https:\/\/mo-mo.gr\/it\/wp-json\/wp\/v2\/product_tag?post=11331"}],"curies":[{"name":"wp","href":"https:\/\/api.w.org\/{rel}","templated":true}]}}