{"id":11291,"date":"2024-11-04T08:47:11","date_gmt":"2024-11-04T08:47:11","guid":{"rendered":"https:\/\/mo-mo.gr\/product\/japanese-sweatshirt-yugen\/"},"modified":"2025-03-05T11:35:09","modified_gmt":"2025-03-05T09:35:09","slug":"felpa-giapponese-yugen","status":"publish","type":"product","link":"https:\/\/mo-mo.gr\/it\/\u03c0\u03c1\u03bf\u03ca\u03cc\u03bd\u03c4\u03b1\/japanese-sweatshirt-yugen\/","title":{"rendered":"Felpa giapponese Yugen"},"content":{"rendered":"","protected":false},"excerpt":{"rendered":"<p>Questa felpa nera riporta la parola giapponese \u5e7d\u7384 (y\u016bgen), che rappresenta l'idea di \"bellezza profonda ed enigmatica\". Caratterizzata da un delicato fiore rosso-rosa sul davanti, la composizione emana un'atmosfera sottile e spirituale, adatta agli amanti dell'estetica e della filosofia giapponese.<\/p>\n<p>Felpa giapponese Yugen<\/p>\n<p>La sua consistenza morbida e il design accurato la rendono perfetta per ogni occasione, aggiungendo un senso di calma e semplicit\u00e0 che incarna lo spirito di y\u016bgen. Perfetta per chi ama l'arte e l'eleganza della tradizione giapponese, questa felpa \u00e8 pi\u00f9 di un semplice capo d'abbigliamento: \u00e8 una dichiarazione.<\/p>\n<p>Questa felpa non \u00e8 un semplice capo d'abbigliamento, ma un riflesso della profondit\u00e0 nascosta e della tranquilla eleganza che la parola \u5e7d\u7384 simboleggia. Con il suo fiore rosso-rosa chiaro, conferisce un senso di equilibrio e fascino senza tempo che si abbina perfettamente al colore nero. Ideale da indossare tutti i giorni, riunisce la semplicit\u00e0 e la bellezza mistica della cultura giapponese, invitando chi lo indossa a scoprire la serenit\u00e0 attraverso l'estetica.<\/p>","protected":false},"featured_media":12490,"comment_status":"open","ping_status":"closed","template":"","meta":{"_gspb_post_css":""},"product_brand":[],"product_cat":[111],"product_tag":[],"class_list":{"0":"post-11291","1":"product","2":"type-product","3":"status-publish","4":"has-post-thumbnail","6":"product_cat-111","7":"pa_-large","8":"pa_-medium","9":"pa_-small","10":"pa_-xtra-large","11":"pa_-xtra-small","12":"pa_-xxl","14":"first","15":"instock","16":"taxable","17":"shipping-taxable","18":"purchasable","19":"product-type-variable"},"_links":{"self":[{"href":"https:\/\/mo-mo.gr\/it\/wp-json\/wp\/v2\/product\/11291","targetHints":{"allow":["GET"]}}],"collection":[{"href":"https:\/\/mo-mo.gr\/it\/wp-json\/wp\/v2\/product"}],"about":[{"href":"https:\/\/mo-mo.gr\/it\/wp-json\/wp\/v2\/types\/product"}],"replies":[{"embeddable":true,"href":"https:\/\/mo-mo.gr\/it\/wp-json\/wp\/v2\/comments?post=11291"}],"wp:featuredmedia":[{"embeddable":true,"href":"https:\/\/mo-mo.gr\/it\/wp-json\/wp\/v2\/media\/12490"}],"wp:attachment":[{"href":"https:\/\/mo-mo.gr\/it\/wp-json\/wp\/v2\/media?parent=11291"}],"wp:term":[{"taxonomy":"product_brand","embeddable":true,"href":"https:\/\/mo-mo.gr\/it\/wp-json\/wp\/v2\/product_brand?post=11291"},{"taxonomy":"product_cat","embeddable":true,"href":"https:\/\/mo-mo.gr\/it\/wp-json\/wp\/v2\/product_cat?post=11291"},{"taxonomy":"product_tag","embeddable":true,"href":"https:\/\/mo-mo.gr\/it\/wp-json\/wp\/v2\/product_tag?post=11291"}],"curies":[{"name":"wp","href":"https:\/\/api.w.org\/{rel}","templated":true}]}}