{"id":11271,"date":"2024-11-03T13:33:56","date_gmt":"2024-11-03T13:33:56","guid":{"rendered":"https:\/\/mo-mo.gr\/product\/teal-short-haori-with-yukata-sleeves\/"},"modified":"2026-04-09T16:35:39","modified_gmt":"2026-04-09T13:35:39","slug":"haori-corto-verde-acqua-con-maniche-yukata-3","status":"publish","type":"product","link":"https:\/\/mo-mo.gr\/it\/\u03c0\u03c1\u03bf\u03ca\u03cc\u03bd\u03c4\u03b1\/teal-short-haori-with-yukata-sleeves\/","title":{"rendered":"Haori corto verde acqua con maniche Yukata"},"content":{"rendered":"","protected":false},"excerpt":{"rendered":"<p>Questo *haori* unico nel suo genere \u00e8 disponibile in un brillante colore verde acqua, che aggiunge un tocco audace all'estetica tradizionale giapponese. Realizzato in cotone organico, l'*haori* \u00e8 fatto a mano, garantendo dettagli e qualit\u00e0 in ogni punto. La parte anteriore \u00e8 ornata da dettagli color smeraldo che creano un forte contrasto con il vivace colore verde acqua, conferendo al capo un carattere unico e un'aria di lusso.<\/p>\n<p>Con maniche *yukata*, questo *haori* combina la tradizione con la modernit\u00e0 e la sua taglia unica offre comfort e libert\u00e0 di movimento. La consistenza del cotone organico \u00e8 morbida sulla pelle e lo rende perfetto per ogni stagione e occasione. Il suo colore, ispirato ai toni puri della natura, gli conferisce una sensazione di freschezza che si abbina perfettamente a qualsiasi look.<\/p>\n<p>La lunghezza si ispira all'*hanbok* coreano, offrendo un approccio pi\u00f9 elegante e versatile all'abbigliamento tradizionale giapponese. Indossato su look casual o formali, il *Petrol Short Haori* evidenzia il carattere unico della moda asiatica e diventa il pezzo forte della vostra collezione.<\/p>","protected":false},"featured_media":12479,"comment_status":"open","ping_status":"closed","template":"","meta":{"_gspb_post_css":""},"product_brand":[],"product_cat":[114,66],"product_tag":[25,56],"class_list":{"0":"post-11271","1":"product","2":"type-product","3":"status-publish","4":"has-post-thumbnail","6":"product_cat-haori","7":"product_cat-66","8":"product_tag-haori","9":"product_tag-womans-kimonos","10":"pa_-one-size","11":"pa_-petrol","13":"first","14":"instock","15":"taxable","16":"shipping-taxable","17":"purchasable","18":"product-type-variable"},"_links":{"self":[{"href":"https:\/\/mo-mo.gr\/it\/wp-json\/wp\/v2\/product\/11271","targetHints":{"allow":["GET"]}}],"collection":[{"href":"https:\/\/mo-mo.gr\/it\/wp-json\/wp\/v2\/product"}],"about":[{"href":"https:\/\/mo-mo.gr\/it\/wp-json\/wp\/v2\/types\/product"}],"replies":[{"embeddable":true,"href":"https:\/\/mo-mo.gr\/it\/wp-json\/wp\/v2\/comments?post=11271"}],"wp:featuredmedia":[{"embeddable":true,"href":"https:\/\/mo-mo.gr\/it\/wp-json\/wp\/v2\/media\/12479"}],"wp:attachment":[{"href":"https:\/\/mo-mo.gr\/it\/wp-json\/wp\/v2\/media?parent=11271"}],"wp:term":[{"taxonomy":"product_brand","embeddable":true,"href":"https:\/\/mo-mo.gr\/it\/wp-json\/wp\/v2\/product_brand?post=11271"},{"taxonomy":"product_cat","embeddable":true,"href":"https:\/\/mo-mo.gr\/it\/wp-json\/wp\/v2\/product_cat?post=11271"},{"taxonomy":"product_tag","embeddable":true,"href":"https:\/\/mo-mo.gr\/it\/wp-json\/wp\/v2\/product_tag?post=11271"}],"curies":[{"name":"wp","href":"https:\/\/api.w.org\/{rel}","templated":true}]}}