{"id":11256,"date":"2024-11-02T14:31:16","date_gmt":"2024-11-02T14:31:16","guid":{"rendered":"https:\/\/mo-mo.gr\/product\/traditional-japanese-haori-in-khaki-beige\/"},"modified":"2025-03-05T11:34:41","modified_gmt":"2025-03-05T09:34:41","slug":"haori-tradizionale-giapponese-in-beige-kaki","status":"publish","type":"product","link":"https:\/\/mo-mo.gr\/it\/\u03c0\u03c1\u03bf\u03ca\u03cc\u03bd\u03c4\u03b1\/traditional-japanese-haori-in-khaki-beige\/","title":{"rendered":"Haori tradizionale giapponese in beige kaki"},"content":{"rendered":"","protected":false},"excerpt":{"rendered":"<p>Il tradizionale *haori* nella tonalit\u00e0 kaki-beige \u00e8 realizzato in un misto di rayon e cotone di alta qualit\u00e0, che garantisce comfort e sensazione naturale. Cucito in Giappone, conferisce un tocco autentico di cultura ed eleganza asiatica, mentre MOMO KIDOHO lo sottopone a un'accurata manutenzione e pulizia con metodi biologici, mantenendolo in condizioni incontaminate.<\/p>\n<p>Ideale per arricchire il look di tutti i giorni o per aggiungere un'aria di tradizione ed eleganza alle vostre uscite, questo *haori* \u00e8 un oggetto da collezione per chi cerca l'autenticit\u00e0 della tradizione giapponese con una cura moderna.<\/p>\n<p>La taglia \u00e8 unica.<\/p>\n<p>L'Haori \u00e8 un indumento tradizionale giapponese che si distingue per la sua eleganza discreta e il suo valore culturale. Originariamente indossato dai samurai come mantello leggero per proteggersi dalle intemperie, si \u00e8 poi evoluto in un indumento che coniuga utilit\u00e0 ed estetica. Nel corso del XX secolo, l'haori si \u00e8 diffuso, indossato da uomini e donne in occasioni formali e nella vita quotidiana, di solito sopra il kimono. Oggi, l'haori \u00e8 conservato come simbolo della tradizione e viene indossato come cappotto in occasioni speciali o incorporato nella moda moderna, portando in ogni look un'aura di autentica cultura giapponese.<\/p>","protected":false},"featured_media":12466,"comment_status":"open","ping_status":"closed","template":"","meta":{"_gspb_post_css":""},"product_brand":[],"product_cat":[114,66],"product_tag":[25,41,56],"class_list":{"0":"post-11256","1":"product","2":"type-product","3":"status-publish","4":"has-post-thumbnail","6":"product_cat-haori","7":"product_cat-66","8":"product_tag-haori","9":"product_tag-mens-kimonos","10":"product_tag-womans-kimonos","11":"pa_-large-xlarge","12":"pa_-81","14":"first","15":"outofstock","16":"taxable","17":"shipping-taxable","18":"purchasable","19":"product-type-simple"},"_links":{"self":[{"href":"https:\/\/mo-mo.gr\/it\/wp-json\/wp\/v2\/product\/11256","targetHints":{"allow":["GET"]}}],"collection":[{"href":"https:\/\/mo-mo.gr\/it\/wp-json\/wp\/v2\/product"}],"about":[{"href":"https:\/\/mo-mo.gr\/it\/wp-json\/wp\/v2\/types\/product"}],"replies":[{"embeddable":true,"href":"https:\/\/mo-mo.gr\/it\/wp-json\/wp\/v2\/comments?post=11256"}],"wp:featuredmedia":[{"embeddable":true,"href":"https:\/\/mo-mo.gr\/it\/wp-json\/wp\/v2\/media\/12466"}],"wp:attachment":[{"href":"https:\/\/mo-mo.gr\/it\/wp-json\/wp\/v2\/media?parent=11256"}],"wp:term":[{"taxonomy":"product_brand","embeddable":true,"href":"https:\/\/mo-mo.gr\/it\/wp-json\/wp\/v2\/product_brand?post=11256"},{"taxonomy":"product_cat","embeddable":true,"href":"https:\/\/mo-mo.gr\/it\/wp-json\/wp\/v2\/product_cat?post=11256"},{"taxonomy":"product_tag","embeddable":true,"href":"https:\/\/mo-mo.gr\/it\/wp-json\/wp\/v2\/product_tag?post=11256"}],"curies":[{"name":"wp","href":"https:\/\/api.w.org\/{rel}","templated":true}]}}