{"id":11177,"date":"2024-10-18T16:59:39","date_gmt":"2024-10-18T16:59:39","guid":{"rendered":"https:\/\/mo-mo.gr\/product\/japanese-hoodie-pink-tiger-and-lillys\/"},"modified":"2025-03-05T11:33:25","modified_gmt":"2025-03-05T09:33:25","slug":"felpa-giapponese-con-cappuccio-tigre-rosa-e-lillys","status":"publish","type":"product","link":"https:\/\/mo-mo.gr\/it\/\u03c0\u03c1\u03bf\u03ca\u03cc\u03bd\u03c4\u03b1\/japanese-hoodie-pink-tiger-and-lillys\/","title":{"rendered":"Felpa con cappuccio giapponese Pink Tiger and Lillys"},"content":{"rendered":"","protected":false},"excerpt":{"rendered":"<p>Felpa con cappuccio giapponese Pink Tiger and Lillys<\/p>\n<p>Questa morbida felpa con cappuccio rosa \u00e8 una miscela unica di comfort e simbolismo, realizzata in cotone organico 80% e poliestere riciclato 20%, che offre un'opzione morbida ed ecologica. Sul retro sono raffigurate figure dinamiche di tigri, che creano un senso di potere e libert\u00e0. Accanto alle tigri, la frase \"\u864e\u306e\u5c3e\u3092\u8e0f\u3080\" (che significa \"calpestare la coda della tigre\") coglie un modo tradizionale giapponese di esprimere un avvertimento ad evitare situazioni pericolose con cautela e attenzione.<\/p>\n<p>Il colore rosa della felpa con cappuccio crea un tono elegante e amichevole, che contrasta con l'energia delle tigri e la saggezza della frase giapponese. \u00c8 perfetta per i look di tutti i giorni, portando un tocco di estetica orientale e un significato pi\u00f9 profondo. Con questo design, la felpa con cappuccio si distingue per qualit\u00e0 e stile, unendo la moda alla tradizione e all'arte simbolica del Giappone.<\/p>","protected":false},"featured_media":12436,"comment_status":"open","ping_status":"closed","template":"","meta":{"_gspb_post_css":""},"product_brand":[],"product_cat":[74,111],"product_tag":[],"class_list":{"0":"post-11177","1":"product","2":"type-product","3":"status-publish","4":"has-post-thumbnail","6":"product_cat-new","7":"product_cat-111","8":"pa_-large","9":"pa_-medium","10":"pa_-small","11":"pa_-xtra-large","12":"pa_-xtra-small","13":"pa_-xxl","15":"first","16":"instock","17":"taxable","18":"shipping-taxable","19":"purchasable","20":"product-type-variable"},"_links":{"self":[{"href":"https:\/\/mo-mo.gr\/it\/wp-json\/wp\/v2\/product\/11177","targetHints":{"allow":["GET"]}}],"collection":[{"href":"https:\/\/mo-mo.gr\/it\/wp-json\/wp\/v2\/product"}],"about":[{"href":"https:\/\/mo-mo.gr\/it\/wp-json\/wp\/v2\/types\/product"}],"replies":[{"embeddable":true,"href":"https:\/\/mo-mo.gr\/it\/wp-json\/wp\/v2\/comments?post=11177"}],"wp:featuredmedia":[{"embeddable":true,"href":"https:\/\/mo-mo.gr\/it\/wp-json\/wp\/v2\/media\/12436"}],"wp:attachment":[{"href":"https:\/\/mo-mo.gr\/it\/wp-json\/wp\/v2\/media?parent=11177"}],"wp:term":[{"taxonomy":"product_brand","embeddable":true,"href":"https:\/\/mo-mo.gr\/it\/wp-json\/wp\/v2\/product_brand?post=11177"},{"taxonomy":"product_cat","embeddable":true,"href":"https:\/\/mo-mo.gr\/it\/wp-json\/wp\/v2\/product_cat?post=11177"},{"taxonomy":"product_tag","embeddable":true,"href":"https:\/\/mo-mo.gr\/it\/wp-json\/wp\/v2\/product_tag?post=11177"}],"curies":[{"name":"wp","href":"https:\/\/api.w.org\/{rel}","templated":true}]}}