{"id":11165,"date":"2024-10-17T17:21:52","date_gmt":"2024-10-17T17:21:52","guid":{"rendered":"https:\/\/mo-mo.gr\/product\/japanese-hoodie-black-tiger-and-lillys\/"},"modified":"2025-03-05T11:33:20","modified_gmt":"2025-03-05T09:33:20","slug":"felpa-giapponese-con-cappuccio-tigre-nera-e-lillys","status":"publish","type":"product","link":"https:\/\/mo-mo.gr\/it\/\u03c0\u03c1\u03bf\u03ca\u03cc\u03bd\u03c4\u03b1\/japanese-hoodie-black-tiger-and-lillys\/","title":{"rendered":"Felpa con cappuccio giapponese Black Tiger and Lillys"},"content":{"rendered":"","protected":false},"excerpt":{"rendered":"<p>Felpa con cappuccio giapponese Black Tiger and Lillys<\/p>\n<p>Questa felpa nera con cappuccio \u00e8 una sorprendente espressione dell'estetica giapponese e del dinamismo della natura. Realizzata in cotone organico 80% e poliestere riciclato 20%, offre morbidezza e comfort nel rispetto dell'ambiente. Sul retro della felpa sono raffigurate tigri in movimento, simbolo di forza e coraggio, mentre la frase \"\u864e\u306e\u5c3e\u3092\u8e0f\u3080\" (letteralmente \"calpestare la coda della tigre\") allude a mosse audaci e caute nella vita, ispirate al proverbio giapponese che significa fare qualcosa di pericoloso con grande attenzione.<\/p>\n<p>Il colore nero della felpa fa risaltare ancora di pi\u00f9 i dettagli della tigre, aggiungendo un tocco forte e misterioso al design complessivo. Questo capo \u00e8 perfetto per chi vuole distinguersi con un pezzo che incarna la cultura giapponese e l'intensit\u00e0 simbolica degli animali selvatici. Sia che si tratti di un look casual o di una presenza pi\u00f9 elegante, questa felpa con cappuccio combina il comfort con l'estetica e diventa il capo definitivo per ogni amante dell'arte e della tradizione giapponese.<\/p>","protected":false},"featured_media":12431,"comment_status":"open","ping_status":"closed","template":"","meta":{"_gspb_post_css":""},"product_brand":[],"product_cat":[74,111],"product_tag":[],"class_list":{"0":"post-11165","1":"product","2":"type-product","3":"status-publish","4":"has-post-thumbnail","6":"product_cat-new","7":"product_cat-111","8":"pa_-large","9":"pa_-medium","10":"pa_-small","11":"pa_-xtra-large","12":"pa_-xtra-small","13":"pa_-xxl","15":"first","16":"instock","17":"taxable","18":"shipping-taxable","19":"purchasable","20":"product-type-variable"},"_links":{"self":[{"href":"https:\/\/mo-mo.gr\/it\/wp-json\/wp\/v2\/product\/11165","targetHints":{"allow":["GET"]}}],"collection":[{"href":"https:\/\/mo-mo.gr\/it\/wp-json\/wp\/v2\/product"}],"about":[{"href":"https:\/\/mo-mo.gr\/it\/wp-json\/wp\/v2\/types\/product"}],"replies":[{"embeddable":true,"href":"https:\/\/mo-mo.gr\/it\/wp-json\/wp\/v2\/comments?post=11165"}],"wp:featuredmedia":[{"embeddable":true,"href":"https:\/\/mo-mo.gr\/it\/wp-json\/wp\/v2\/media\/12431"}],"wp:attachment":[{"href":"https:\/\/mo-mo.gr\/it\/wp-json\/wp\/v2\/media?parent=11165"}],"wp:term":[{"taxonomy":"product_brand","embeddable":true,"href":"https:\/\/mo-mo.gr\/it\/wp-json\/wp\/v2\/product_brand?post=11165"},{"taxonomy":"product_cat","embeddable":true,"href":"https:\/\/mo-mo.gr\/it\/wp-json\/wp\/v2\/product_cat?post=11165"},{"taxonomy":"product_tag","embeddable":true,"href":"https:\/\/mo-mo.gr\/it\/wp-json\/wp\/v2\/product_tag?post=11165"}],"curies":[{"name":"wp","href":"https:\/\/api.w.org\/{rel}","templated":true}]}}