{"id":11143,"date":"2024-10-14T10:43:55","date_gmt":"2024-10-14T10:43:55","guid":{"rendered":"https:\/\/mo-mo.gr\/product\/japanese-hoodie-heaven-in-navy-color\/"},"modified":"2025-03-05T11:33:03","modified_gmt":"2025-03-05T09:33:03","slug":"felpa-con-cappuccio-giapponese-heaven-in-colore-navy","status":"publish","type":"product","link":"https:\/\/mo-mo.gr\/it\/\u03c0\u03c1\u03bf\u03ca\u03cc\u03bd\u03c4\u03b1\/japanese-hoodie-heaven-in-navy-color\/","title":{"rendered":"Felpa giapponese con cappuccio Heaven in colore navy"},"content":{"rendered":"","protected":false},"excerpt":{"rendered":"<p>Il paradiso delle felpe con cappuccio giapponesi<\/p>\n<p>Questa felpa con cappuccio in un elegante colore French Navy unisce il comfort all'arte e alla tradizione del Giappone. \u00c8 realizzata con materiali di alta qualit\u00e0, con una miscela di cotone organico 80% e poliestere riciclato 20%, che offre morbidezza e durata eccezionali. Sul retro, la parola \"Paradise\" appare in caratteri katakana (\u30d1\u30e9\u30c0\u30a4\u30b9), aggiungendo un'estetica unica al look. Il design \u00e8 completato da fiori tradizionali giapponesi che sbocciano intorno a una figura di geisha, creando un equilibrio tra l'eleganza e la forza della cultura giapponese. Perfetta per gli amanti dello stile giapponese, questa felpa con cappuccio avvicina il \"Paradiso\" a voi.<\/p>\n<p>La felpa con cappuccio \u00e8 stata progettata all'insegna del comfort e dell'estetica, ed \u00e8 ideale per i look di tutti i giorni o per le occasioni pi\u00f9 speciali. Il colore French Navy conferisce un'eleganza discreta, mentre la rappresentazione dettagliata di geisha e fiori giapponesi aggiunge un tocco artistico che non passa inosservato. La morbidezza del cotone organico si combina con la resistenza del poliestere riciclato, offrendo un prodotto ecologico che non scende a compromessi con la qualit\u00e0. Sia che la si indossi con abiti casual o che la si abbini a qualcosa di pi\u00f9 elegante, questa felpa con cappuccio diventer\u00e0 il vostro capo preferito in ogni occasione.<\/p>","protected":false},"featured_media":12423,"comment_status":"open","ping_status":"closed","template":"","meta":{"_gspb_post_css":""},"product_brand":[],"product_cat":[74,111],"product_tag":[],"class_list":{"0":"post-11143","1":"product","2":"type-product","3":"status-publish","4":"has-post-thumbnail","6":"product_cat-new","7":"product_cat-111","8":"pa_-large","9":"pa_-medium","10":"pa_-small","11":"pa_-xtra-large","12":"pa_-xtra-small","13":"pa_-xxl","15":"first","16":"instock","17":"taxable","18":"shipping-taxable","19":"purchasable","20":"product-type-variable"},"_links":{"self":[{"href":"https:\/\/mo-mo.gr\/it\/wp-json\/wp\/v2\/product\/11143","targetHints":{"allow":["GET"]}}],"collection":[{"href":"https:\/\/mo-mo.gr\/it\/wp-json\/wp\/v2\/product"}],"about":[{"href":"https:\/\/mo-mo.gr\/it\/wp-json\/wp\/v2\/types\/product"}],"replies":[{"embeddable":true,"href":"https:\/\/mo-mo.gr\/it\/wp-json\/wp\/v2\/comments?post=11143"}],"wp:featuredmedia":[{"embeddable":true,"href":"https:\/\/mo-mo.gr\/it\/wp-json\/wp\/v2\/media\/12423"}],"wp:attachment":[{"href":"https:\/\/mo-mo.gr\/it\/wp-json\/wp\/v2\/media?parent=11143"}],"wp:term":[{"taxonomy":"product_brand","embeddable":true,"href":"https:\/\/mo-mo.gr\/it\/wp-json\/wp\/v2\/product_brand?post=11143"},{"taxonomy":"product_cat","embeddable":true,"href":"https:\/\/mo-mo.gr\/it\/wp-json\/wp\/v2\/product_cat?post=11143"},{"taxonomy":"product_tag","embeddable":true,"href":"https:\/\/mo-mo.gr\/it\/wp-json\/wp\/v2\/product_tag?post=11143"}],"curies":[{"name":"wp","href":"https:\/\/api.w.org\/{rel}","templated":true}]}}