{"id":10979,"date":"2024-07-08T19:31:29","date_gmt":"2024-07-08T19:31:29","guid":{"rendered":"https:\/\/mo-mo.gr\/product\/japanese-pants-momo-hakama-in-purple\/"},"modified":"2025-01-08T12:54:26","modified_gmt":"2025-01-08T10:54:26","slug":"pantaloni-giapponesi-momo-hakama-in-viola","status":"publish","type":"product","link":"https:\/\/mo-mo.gr\/it\/\u03c0\u03c1\u03bf\u03ca\u03cc\u03bd\u03c4\u03b1\/japanese-pants-momo-hakama-in-purple\/","title":{"rendered":"Pantaloni giapponesi Momo Hakama in viola"},"content":{"rendered":"","protected":false},"excerpt":{"rendered":"<p>Scoprite gli esclusivi pantaloni Hakama Style in un elegante colore viola, realizzati a mano in tessuto di cotone di alta qualit\u00e0. La naturale lucentezza derivante dalla squisita tessitura del tessuto conferisce ai pantaloni un senso di lusso e raffinatezza.<\/p>\n<p>Ispirati ai tradizionali pantaloni hakama giapponesi, questi pantaloni combinano l'estetica classica giapponese con il comfort moderno. Perfetti per ogni occasione, dai look quotidiani alle occasioni speciali, i pantaloni Hakama Style diventeranno uno dei capi preferiti del vostro guardaroba.<\/p>\n<p>Realizzati a mano con attenzione ai dettagli, ogni paio di pantaloni \u00e8 unico e mette in mostra l'arte della moda tradizionale giapponese. Il tessuto di cotone offre una consistenza morbida e confortevole, mentre la sua lucentezza naturale lo fa risaltare.<\/p>\n<p>Abbracciate la tradizione e lo stile con questi squisiti pantaloni viola Hakama Style e aggiungete un tocco di eleganza orientale alla vostra collezione.<\/p>\n<p>Il cucito di Hakama viene effettuato al momento dell'ordine e i tempi di preparazione e spedizione sono solitamente di 3-5 giorni lavorativi.<\/p>\n<p>La loro taglia \u00e8 per due taglie, calcolata su un classico paio di jeans, e questo perch\u00e9 le pieghe e la legatura della cintura coprono due taglie con facilit\u00e0.<\/p>","protected":false},"featured_media":12386,"comment_status":"open","ping_status":"closed","template":"","meta":{"_gspb_post_css":""},"product_brand":[],"product_cat":[119,66],"product_tag":[56],"class_list":{"0":"post-10979","1":"product","2":"type-product","3":"status-publish","4":"has-post-thumbnail","6":"product_cat-hakama","7":"product_cat-66","8":"product_tag-womans-kimonos","9":"pa_--28-30","10":"pa_--32-34","11":"pa_--36-38","12":"pa_--40-42","13":"pa_-100","15":"first","16":"instock","17":"taxable","18":"shipping-taxable","19":"purchasable","20":"product-type-variable"},"_links":{"self":[{"href":"https:\/\/mo-mo.gr\/it\/wp-json\/wp\/v2\/product\/10979","targetHints":{"allow":["GET"]}}],"collection":[{"href":"https:\/\/mo-mo.gr\/it\/wp-json\/wp\/v2\/product"}],"about":[{"href":"https:\/\/mo-mo.gr\/it\/wp-json\/wp\/v2\/types\/product"}],"replies":[{"embeddable":true,"href":"https:\/\/mo-mo.gr\/it\/wp-json\/wp\/v2\/comments?post=10979"}],"wp:featuredmedia":[{"embeddable":true,"href":"https:\/\/mo-mo.gr\/it\/wp-json\/wp\/v2\/media\/12386"}],"wp:attachment":[{"href":"https:\/\/mo-mo.gr\/it\/wp-json\/wp\/v2\/media?parent=10979"}],"wp:term":[{"taxonomy":"product_brand","embeddable":true,"href":"https:\/\/mo-mo.gr\/it\/wp-json\/wp\/v2\/product_brand?post=10979"},{"taxonomy":"product_cat","embeddable":true,"href":"https:\/\/mo-mo.gr\/it\/wp-json\/wp\/v2\/product_cat?post=10979"},{"taxonomy":"product_tag","embeddable":true,"href":"https:\/\/mo-mo.gr\/it\/wp-json\/wp\/v2\/product_tag?post=10979"}],"curies":[{"name":"wp","href":"https:\/\/api.w.org\/{rel}","templated":true}]}}