{"id":10910,"date":"2024-06-19T21:28:05","date_gmt":"2024-06-19T21:28:05","guid":{"rendered":"https:\/\/mo-mo.gr\/product\/chinese-fan-whispering-bamboo\/"},"modified":"2024-12-12T14:48:10","modified_gmt":"2024-12-12T14:48:10","slug":"ventaglio-cinese-che-sussurra-al-bambu","status":"publish","type":"product","link":"https:\/\/mo-mo.gr\/it\/\u03c0\u03c1\u03bf\u03ca\u03cc\u03bd\u03c4\u03b1\/chinese-fan-whispering-bamboo\/","title":{"rendered":"Ventaglio cinese Whispering Bamboo"},"content":{"rendered":"","protected":false},"excerpt":{"rendered":"<p>*Fan cinese che sussurra al bamb\u00f9*.<\/p>\n<p>Il ventaglio cinese Whispering Bamboo \u00e8 una squisita opera d'arte che unisce estetica e praticit\u00e0. Su un lato del ventaglio sono raffigurate le piante pi\u00f9 conosciute della natura cinese, che catturano il fascino e la magia del paesaggio naturale. Sull'altro lato, gli ideogrammi cinesi aggiungono un tocco di calligrafia tradizionale, esaltando l'autenticit\u00e0 e il valore artistico del ventaglio.<\/p>\n<p>Con un raggio di 32 cm, Whispering Bamboo \u00e8 ideale sia come ventilatore manuale che come oggetto decorativo. La sua struttura resistente ne consente l'uso quotidiano per rinfrescarsi nelle giornate pi\u00f9 calde, mentre il suo design elegante lo rende un oggetto perfetto per decorare il vostro spazio. Questo ventaglio \u00e8 leggero e facile da trasportare, perfetto per ogni occasione.<\/p>\n<p>Tirate fuori il vostro lato sofisticato con il ventaglio cinese Whispering Bamboo, un accessorio che emana tranquillit\u00e0 ed eleganza, portando la bellezza della natura e della cultura cinese nella vostra vita quotidiana.<\/p>","protected":false},"featured_media":12342,"comment_status":"open","ping_status":"open","template":"","meta":{"_gspb_post_css":""},"product_brand":[],"product_cat":[71],"product_tag":[],"class_list":{"0":"post-10910","1":"product","2":"type-product","3":"status-publish","4":"has-post-thumbnail","6":"product_cat-71","7":"pa_-92","9":"first","10":"outofstock","11":"taxable","12":"shipping-taxable","13":"purchasable","14":"product-type-simple"},"_links":{"self":[{"href":"https:\/\/mo-mo.gr\/it\/wp-json\/wp\/v2\/product\/10910","targetHints":{"allow":["GET"]}}],"collection":[{"href":"https:\/\/mo-mo.gr\/it\/wp-json\/wp\/v2\/product"}],"about":[{"href":"https:\/\/mo-mo.gr\/it\/wp-json\/wp\/v2\/types\/product"}],"replies":[{"embeddable":true,"href":"https:\/\/mo-mo.gr\/it\/wp-json\/wp\/v2\/comments?post=10910"}],"wp:featuredmedia":[{"embeddable":true,"href":"https:\/\/mo-mo.gr\/it\/wp-json\/wp\/v2\/media\/12342"}],"wp:attachment":[{"href":"https:\/\/mo-mo.gr\/it\/wp-json\/wp\/v2\/media?parent=10910"}],"wp:term":[{"taxonomy":"product_brand","embeddable":true,"href":"https:\/\/mo-mo.gr\/it\/wp-json\/wp\/v2\/product_brand?post=10910"},{"taxonomy":"product_cat","embeddable":true,"href":"https:\/\/mo-mo.gr\/it\/wp-json\/wp\/v2\/product_cat?post=10910"},{"taxonomy":"product_tag","embeddable":true,"href":"https:\/\/mo-mo.gr\/it\/wp-json\/wp\/v2\/product_tag?post=10910"}],"curies":[{"name":"wp","href":"https:\/\/api.w.org\/{rel}","templated":true}]}}