{"id":10902,"date":"2024-06-17T21:04:32","date_gmt":"2024-06-17T21:04:32","guid":{"rendered":"https:\/\/mo-mo.gr\/product\/japanese-tote-bag-kokeshi-handmade\/"},"modified":"2025-01-08T14:03:15","modified_gmt":"2025-01-08T12:03:15","slug":"borsa-giapponese-kokeshi-fatta-a-mano","status":"publish","type":"product","link":"https:\/\/mo-mo.gr\/it\/\u03c0\u03c1\u03bf\u03ca\u03cc\u03bd\u03c4\u03b1\/japanese-tote-bag-kokeshi-handmade\/","title":{"rendered":"Borsa giapponese Kokeshi fatta a mano"},"content":{"rendered":"","protected":false},"excerpt":{"rendered":"<p>La **Borsa Kokeshi giapponese \u00e8 realizzata a mano con tela di cotone di alta qualit\u00e0, che garantisce grande resistenza e durata. Anche la fodera interna \u00e8 in tela, per offrire maggiore protezione e durata ai vostri effetti personali. La borsa \u00e8 dotata di una tasca interna con zip per riporre in modo sicuro gli oggetti pi\u00f9 piccoli e di una chiusura con zip per una maggiore sicurezza. Il colore della borsa \u00e8 un ecru naturale, che si abbina a qualsiasi stile e look.<\/p>\n<p>Su un lato della borsa sono raffigurate tre Kokeshi Dolls, bambole tradizionali giapponesi dalla storia e dal simbolismo profondi. Le bambole Kokeshi sono apparse per la prima volta nel Giappone settentrionale durante il periodo Edo (1603-1868). Inizialmente venivano realizzate come giocattoli per i figli dei contadini, ma col tempo hanno assunto un significato simbolico pi\u00f9 ampio. Queste bambole sono in legno, con un semplice corpo cilindrico e una grande testa, decorata con colori vivaci e motivi tradizionali. In epoca moderna, le bambole Kokeshi sono considerate un simbolo della cultura giapponese e vengono regalate come augurio di buona fortuna e prosperit\u00e0.<\/p>\n<p>Questa borsa non \u00e8 solo pratica, ma anche un pezzo d'arte che porta con s\u00e9 la storia e la cultura del Giappone. Perfetta per l'uso quotidiano o come regalo speciale, la **Japanese Tote Bag Kokeshi** aggiunger\u00e0 un tocco di tradizione ed eleganza alla vostra vita quotidiana. I dettagli del prodotto includono tela di cotone per impieghi gravosi, fodera in tela, tasca interna con cerniera, chiusura con cerniera e un design con tre bambole Kokeshi.<\/p>","protected":false},"featured_media":12336,"comment_status":"open","ping_status":"closed","template":"","meta":{"_gspb_post_css":""},"product_brand":[],"product_cat":[74,76],"product_tag":[],"class_list":{"0":"post-10902","1":"product","2":"type-product","3":"status-publish","4":"has-post-thumbnail","6":"product_cat-new","7":"product_cat-totes","8":"pa_-100-","9":"pa_-81","11":"first","12":"instock","13":"taxable","14":"shipping-taxable","15":"purchasable","16":"product-type-simple"},"_links":{"self":[{"href":"https:\/\/mo-mo.gr\/it\/wp-json\/wp\/v2\/product\/10902","targetHints":{"allow":["GET"]}}],"collection":[{"href":"https:\/\/mo-mo.gr\/it\/wp-json\/wp\/v2\/product"}],"about":[{"href":"https:\/\/mo-mo.gr\/it\/wp-json\/wp\/v2\/types\/product"}],"replies":[{"embeddable":true,"href":"https:\/\/mo-mo.gr\/it\/wp-json\/wp\/v2\/comments?post=10902"}],"wp:featuredmedia":[{"embeddable":true,"href":"https:\/\/mo-mo.gr\/it\/wp-json\/wp\/v2\/media\/12336"}],"wp:attachment":[{"href":"https:\/\/mo-mo.gr\/it\/wp-json\/wp\/v2\/media?parent=10902"}],"wp:term":[{"taxonomy":"product_brand","embeddable":true,"href":"https:\/\/mo-mo.gr\/it\/wp-json\/wp\/v2\/product_brand?post=10902"},{"taxonomy":"product_cat","embeddable":true,"href":"https:\/\/mo-mo.gr\/it\/wp-json\/wp\/v2\/product_cat?post=10902"},{"taxonomy":"product_tag","embeddable":true,"href":"https:\/\/mo-mo.gr\/it\/wp-json\/wp\/v2\/product_tag?post=10902"}],"curies":[{"name":"wp","href":"https:\/\/api.w.org\/{rel}","templated":true}]}}