{"id":10880,"date":"2024-06-13T20:29:39","date_gmt":"2024-06-13T20:29:39","guid":{"rendered":"https:\/\/mo-mo.gr\/product\/japanese-book-sleeve-and-purse-combo\/"},"modified":"2025-12-09T15:39:30","modified_gmt":"2025-12-09T13:39:30","slug":"custodia-per-libri-giapponese-e-borsa-combinata","status":"publish","type":"product","link":"https:\/\/mo-mo.gr\/it\/\u03c0\u03c1\u03bf\u03ca\u03cc\u03bd\u03c4\u03b1\/japanese-book-sleeve-and-purse-combo\/","title":{"rendered":"Combo di custodia per libri e borsa giapponese"},"content":{"rendered":"","protected":false},"excerpt":{"rendered":"<p>Scoprite l'eleganza e la funzionalit\u00e0 della **Borsa e custodia giapponese per libri**. Questo set \u00e8 composto da due pezzi eccezionali: una borsa per libri per trasportare e conservare libri o libri di lavoro e una borsa per riporre in modo sicuro i vostri effetti personali. Realizzato a mano da MOMO KIDOHO, questo set \u00e8 stato creato con tessuti giapponesi di alta qualit\u00e0 che emanano allegria e un'estetica unica.<\/p>\n<p>La borsa per il trasporto e la conservazione dei libri \u00e8 progettata per proteggere i vostri libri preferiti o i vostri lavori manuali, mantenendo il contenuto in perfette condizioni. L'interno offre molto spazio e sicurezza per i vostri oggetti, mentre la struttura resistente garantisce un uso duraturo.<\/p>\n<p>Il borsellino, ideale per organizzare i vostri effetti personali, \u00e8 pratico ed elegante. Sia per l'uso quotidiano che per le occasioni speciali, questo borsellino diventer\u00e0 parte integrante del vostro stile.<\/p>\n<p>Con un'enfasi sui dettagli e sull'estetica tradizionale giapponese, il **Japanese Book Sleeve and Purse Combo** combina la praticit\u00e0 con l'arte, offrendo un set unico che vi piacer\u00e0. Grazie all'autenticit\u00e0 e alla qualit\u00e0 dell'artigianato giapponese, questo set \u00e8 il regalo perfetto per voi o per i vostri cari.<\/p>","protected":false},"featured_media":12321,"comment_status":"open","ping_status":"closed","template":"","meta":{"_gspb_post_css":""},"product_brand":[],"product_cat":[68,65],"product_tag":[],"class_list":{"0":"post-10880","1":"product","2":"type-product","3":"status-publish","4":"has-post-thumbnail","6":"product_cat-68","7":"product_cat-65","9":"first","10":"outofstock","11":"sale","12":"taxable","13":"shipping-taxable","14":"purchasable","15":"product-type-simple"},"_links":{"self":[{"href":"https:\/\/mo-mo.gr\/it\/wp-json\/wp\/v2\/product\/10880","targetHints":{"allow":["GET"]}}],"collection":[{"href":"https:\/\/mo-mo.gr\/it\/wp-json\/wp\/v2\/product"}],"about":[{"href":"https:\/\/mo-mo.gr\/it\/wp-json\/wp\/v2\/types\/product"}],"replies":[{"embeddable":true,"href":"https:\/\/mo-mo.gr\/it\/wp-json\/wp\/v2\/comments?post=10880"}],"wp:featuredmedia":[{"embeddable":true,"href":"https:\/\/mo-mo.gr\/it\/wp-json\/wp\/v2\/media\/12321"}],"wp:attachment":[{"href":"https:\/\/mo-mo.gr\/it\/wp-json\/wp\/v2\/media?parent=10880"}],"wp:term":[{"taxonomy":"product_brand","embeddable":true,"href":"https:\/\/mo-mo.gr\/it\/wp-json\/wp\/v2\/product_brand?post=10880"},{"taxonomy":"product_cat","embeddable":true,"href":"https:\/\/mo-mo.gr\/it\/wp-json\/wp\/v2\/product_cat?post=10880"},{"taxonomy":"product_tag","embeddable":true,"href":"https:\/\/mo-mo.gr\/it\/wp-json\/wp\/v2\/product_tag?post=10880"}],"curies":[{"name":"wp","href":"https:\/\/api.w.org\/{rel}","templated":true}]}}