{"id":10649,"date":"2024-04-30T20:59:12","date_gmt":"2024-04-30T20:59:12","guid":{"rendered":"https:\/\/mo-mo.gr\/product\/%ce%ba%ce%b9%ce%bc%ce%bf%ce%bd%cf%8c-yukata-%ce%b1%cf%80%ce%b1%ce%bb%cf%8c-%cf%81%ce%bf%ce%b6-%cf%8c%ce%bd%ce%b5%ce%b9%cf%81%ce%bf\/"},"modified":"2026-03-19T15:41:58","modified_gmt":"2026-03-19T13:41:58","slug":"%ce%ba%ce%b9%ce%bc%ce%bf%ce%bd%cf%8c-yukata-%ce%b1%cf%80%ce%b1%ce%bb%cf%8c-%cf%81%ce%bf%ce%b6-%cf%8c%ce%bd%ce%b5%ce%b9%cf%81%ce%bf","status":"publish","type":"product","link":"https:\/\/mo-mo.gr\/it\/\u03c0\u03c1\u03bf\u03ca\u03cc\u03bd\u03c4\u03b1\/%ce%ba%ce%b9%ce%bc%ce%bf%ce%bd%cf%8c-yukata-%ce%b1%cf%80%ce%b1%ce%bb%cf%8c-%cf%81%ce%bf%ce%b6-%cf%8c%ce%bd%ce%b5%ce%b9%cf%81%ce%bf\/","title":{"rendered":"Kimono Yukata Soft Pink Dream"},"content":{"rendered":"","protected":false},"excerpt":{"rendered":"<p>Kimono Yukata Soft Pink Dream<\/p>\n<p>Questo splendido Yukata in viscosa in una tenue tonalit\u00e0 rosa \u00e8 la scelta ideale per chi cerca comfort e stile. I suoi piccoli e sottili motivi aggiungono un tocco di allegria, rendendolo estremamente elegante e senza tempo.<\/p>\n<p>Cucito a mano dal sarto di MOMO KIDOHO, lo yukata si distingue per l'attenzione ai dettagli e la qualit\u00e0 della costruzione. La sua tradizionale manica di medie dimensioni \u00e8 progettata per essere pratica da indossare tutti i giorni, consentendo libert\u00e0 di movimento e comfort sia in casa che nelle attivit\u00e0 all'aperto.<\/p>\n<p>Questo kimono non \u00e8 solo un indumento, ma un'esperienza che unisce tradizione ed estetica moderna. Perfetto per i momenti di relax, le occasioni speciali o anche per aggiungere un senso di eleganza giapponese alla vostra vita quotidiana.<\/p>","protected":false},"featured_media":12216,"comment_status":"open","ping_status":"closed","template":"","meta":{"_gspb_post_css":""},"product_brand":[],"product_cat":[115,66],"product_tag":[56],"class_list":{"0":"post-10649","1":"product","2":"type-product","3":"status-publish","4":"has-post-thumbnail","6":"product_cat-yukata","7":"product_cat-66","8":"product_tag-womans-kimonos","9":"pa_-large","10":"pa_-medium","11":"pa_-small","12":"pa_-xtra-large","13":"pa_-99","15":"first","16":"outofstock","17":"taxable","18":"shipping-taxable","19":"purchasable","20":"product-type-variable"},"_links":{"self":[{"href":"https:\/\/mo-mo.gr\/it\/wp-json\/wp\/v2\/product\/10649","targetHints":{"allow":["GET"]}}],"collection":[{"href":"https:\/\/mo-mo.gr\/it\/wp-json\/wp\/v2\/product"}],"about":[{"href":"https:\/\/mo-mo.gr\/it\/wp-json\/wp\/v2\/types\/product"}],"replies":[{"embeddable":true,"href":"https:\/\/mo-mo.gr\/it\/wp-json\/wp\/v2\/comments?post=10649"}],"wp:featuredmedia":[{"embeddable":true,"href":"https:\/\/mo-mo.gr\/it\/wp-json\/wp\/v2\/media\/12216"}],"wp:attachment":[{"href":"https:\/\/mo-mo.gr\/it\/wp-json\/wp\/v2\/media?parent=10649"}],"wp:term":[{"taxonomy":"product_brand","embeddable":true,"href":"https:\/\/mo-mo.gr\/it\/wp-json\/wp\/v2\/product_brand?post=10649"},{"taxonomy":"product_cat","embeddable":true,"href":"https:\/\/mo-mo.gr\/it\/wp-json\/wp\/v2\/product_cat?post=10649"},{"taxonomy":"product_tag","embeddable":true,"href":"https:\/\/mo-mo.gr\/it\/wp-json\/wp\/v2\/product_tag?post=10649"}],"curies":[{"name":"wp","href":"https:\/\/api.w.org\/{rel}","templated":true}]}}