{"id":10550,"date":"2024-03-17T18:29:00","date_gmt":"2024-03-17T18:29:00","guid":{"rendered":"https:\/\/mo-mo.gr\/product\/korean-tote-bag-plant-a-tree\/"},"modified":"2026-04-02T19:56:17","modified_gmt":"2026-04-02T16:56:17","slug":"borsa-coreana-per-piantare-un-albero","status":"publish","type":"product","link":"https:\/\/mo-mo.gr\/it\/\u03c0\u03c1\u03bf\u03ca\u03cc\u03bd\u03c4\u03b1\/korean-tote-bag-plant-a-tree\/","title":{"rendered":"Borsa coreana Pianta un albero"},"content":{"rendered":"","protected":false},"excerpt":{"rendered":"<p>La borsa coreana dal design unico e sofisticato \"\ub098\ubb34\ub97c \uc2ec\ub294\ub370 \uac00\uc7a5 \uc88b\uc558\ub358 \ub54c\ub294 20\ub144 \uc804\uc774\uc5c8\ub2e4. \ub450 \ubc88\uc9f8 \uc88b\uc740 \ub54c\ub294 \uc9c0\uae08\uc774\ub2e4\". \u00e8 una splendida rappresentazione della cultura coreana e della dolce nostalgia. La frase raffigurata sulla borsa si riferisce all'importanza della natura e del cambiamento, sottolineando l'importanza di apprezzare il presente.<\/p>\n<p>Realizzata in tessuto resistente e di alta qualit\u00e0, la borsa coreana Tote Bag offre durata e stile in ogni utilizzo. Con il testo coreano che ne decora la superficie, questa borsa mette in mostra l'estetica sofisticata e la spiritualit\u00e0 della tradizione coreana.<\/p>\n<p>Ideale per l'uso quotidiano o per aggiungere un tocco di autenticit\u00e0 al vostro stile, la Korean Tote Bag \u00e8 un accessorio che ruber\u00e0 la scena e migliorer\u00e0 il vostro look con la sua unicit\u00e0.<\/p>","protected":false},"featured_media":12180,"comment_status":"open","ping_status":"closed","template":"","meta":{"_gspb_post_css":""},"product_brand":[],"product_cat":[76],"product_tag":[],"class_list":{"0":"post-10550","1":"product","2":"type-product","3":"status-publish","4":"has-post-thumbnail","6":"product_cat-totes","7":"pa_-85","9":"first","10":"instock","11":"taxable","12":"shipping-taxable","13":"purchasable","14":"product-type-simple"},"_links":{"self":[{"href":"https:\/\/mo-mo.gr\/it\/wp-json\/wp\/v2\/product\/10550","targetHints":{"allow":["GET"]}}],"collection":[{"href":"https:\/\/mo-mo.gr\/it\/wp-json\/wp\/v2\/product"}],"about":[{"href":"https:\/\/mo-mo.gr\/it\/wp-json\/wp\/v2\/types\/product"}],"replies":[{"embeddable":true,"href":"https:\/\/mo-mo.gr\/it\/wp-json\/wp\/v2\/comments?post=10550"}],"wp:featuredmedia":[{"embeddable":true,"href":"https:\/\/mo-mo.gr\/it\/wp-json\/wp\/v2\/media\/12180"}],"wp:attachment":[{"href":"https:\/\/mo-mo.gr\/it\/wp-json\/wp\/v2\/media?parent=10550"}],"wp:term":[{"taxonomy":"product_brand","embeddable":true,"href":"https:\/\/mo-mo.gr\/it\/wp-json\/wp\/v2\/product_brand?post=10550"},{"taxonomy":"product_cat","embeddable":true,"href":"https:\/\/mo-mo.gr\/it\/wp-json\/wp\/v2\/product_cat?post=10550"},{"taxonomy":"product_tag","embeddable":true,"href":"https:\/\/mo-mo.gr\/it\/wp-json\/wp\/v2\/product_tag?post=10550"}],"curies":[{"name":"wp","href":"https:\/\/api.w.org\/{rel}","templated":true}]}}