{"id":10500,"date":"2024-03-16T10:30:46","date_gmt":"2024-03-16T10:30:46","guid":{"rendered":"https:\/\/mo-mo.gr\/product\/japanese-apron-koi-fish-red-white\/"},"modified":"2024-12-12T14:45:45","modified_gmt":"2024-12-12T14:45:45","slug":"grembiule-giapponese-con-pesce-koi-rosso-e-bianco","status":"publish","type":"product","link":"https:\/\/mo-mo.gr\/it\/\u03c0\u03c1\u03bf\u03ca\u03cc\u03bd\u03c4\u03b1\/japanese-apron-koi-fish-red-white\/","title":{"rendered":"GREMBIULE GIAPPONESE CON PESCE KOI ROSSO E BIANCO"},"content":{"rendered":"","protected":false},"excerpt":{"rendered":"<p>Grembiule giapponese in tessuto di cotone.<\/p>\n<p>Il grembiule giapponese fatto a mano raffigurante due koi evidenzia l'eleganza e l'estetica della tradizione giapponese. Le due koi raffigurate sul grembiule rappresentano l'eterna bellezza e la pace che la cultura giapponese porta con s\u00e9. I colori vivaci e i dettagli del disegno evidenziano la vivacit\u00e0 e il movimento delle koi, conferendo un'aria di freschezza e tranquillit\u00e0.<\/p>\n<p>La qualit\u00e0 dei materiali e l'accurata costruzione di ogni grembiule ne garantiscono la durata e la resistenza. \u00c8 la scelta perfetta per chi cerca un accessorio elegante e pratico che metta in mostra il proprio amore per la tradizione e l'arte giapponese.<\/p>\n<p>Questo grembiule \u00e8 un pezzo d'arte unico che pu\u00f2 essere utilizzato in qualsiasi cucina o laboratorio, aggiungendo un'aria di autenticit\u00e0 ed eleganza a qualsiasi spazio.<\/p>","protected":false},"featured_media":12140,"comment_status":"open","ping_status":"open","template":"","meta":{"_gspb_post_css":""},"product_brand":[],"product_cat":[78],"product_tag":[],"class_list":{"0":"post-10500","1":"product","2":"type-product","3":"status-publish","4":"has-post-thumbnail","6":"product_cat-78","8":"first","9":"instock","10":"taxable","11":"shipping-taxable","12":"purchasable","13":"product-type-simple"},"_links":{"self":[{"href":"https:\/\/mo-mo.gr\/it\/wp-json\/wp\/v2\/product\/10500","targetHints":{"allow":["GET"]}}],"collection":[{"href":"https:\/\/mo-mo.gr\/it\/wp-json\/wp\/v2\/product"}],"about":[{"href":"https:\/\/mo-mo.gr\/it\/wp-json\/wp\/v2\/types\/product"}],"replies":[{"embeddable":true,"href":"https:\/\/mo-mo.gr\/it\/wp-json\/wp\/v2\/comments?post=10500"}],"wp:featuredmedia":[{"embeddable":true,"href":"https:\/\/mo-mo.gr\/it\/wp-json\/wp\/v2\/media\/12140"}],"wp:attachment":[{"href":"https:\/\/mo-mo.gr\/it\/wp-json\/wp\/v2\/media?parent=10500"}],"wp:term":[{"taxonomy":"product_brand","embeddable":true,"href":"https:\/\/mo-mo.gr\/it\/wp-json\/wp\/v2\/product_brand?post=10500"},{"taxonomy":"product_cat","embeddable":true,"href":"https:\/\/mo-mo.gr\/it\/wp-json\/wp\/v2\/product_cat?post=10500"},{"taxonomy":"product_tag","embeddable":true,"href":"https:\/\/mo-mo.gr\/it\/wp-json\/wp\/v2\/product_tag?post=10500"}],"curies":[{"name":"wp","href":"https:\/\/api.w.org\/{rel}","templated":true}]}}