{"id":10494,"date":"2024-03-16T10:29:43","date_gmt":"2024-03-16T10:29:43","guid":{"rendered":"https:\/\/mo-mo.gr\/product\/japanese-apron-koi-fish-blue\/"},"modified":"2024-12-12T14:45:43","modified_gmt":"2024-12-12T14:45:43","slug":"grembiule-giapponese-pesce-koi-blu","status":"publish","type":"product","link":"https:\/\/mo-mo.gr\/it\/\u03c0\u03c1\u03bf\u03ca\u03cc\u03bd\u03c4\u03b1\/japanese-apron-koi-fish-blue\/","title":{"rendered":"GREMBIULE GIAPPONESE PESCE KOI BLU"},"content":{"rendered":"","protected":false},"excerpt":{"rendered":"<p>Grembiule giapponese Blue Koi.<\/p>\n<p>Il grembiule giapponese fatto a mano che raffigura una koi blu emana un'aura di autenticit\u00e0 ed eleganza. Realizzato con cura e attenzione ai dettagli, questo grembiule \u00e8 un pezzo d'arte unico che mette in mostra la bellezza e la ricca tradizione della cultura giapponese.<\/p>\n<p>Il blu koi, simbolo di armonia e felicit\u00e0 nella tradizione giapponese, emerge con colori vivaci e linee dettagliate sulla superficie del grembiule. L'estetica del blu koi si combina con la morbidezza e la resistenza del tessuto, creando un pezzo resistente e pratico che pu\u00f2 essere utilizzato quotidianamente.<\/p>\n<p>Il grembiule giapponese \u00e8 dotato di cinghie regolabili per una vestibilit\u00e0 confortevole e per adattarsi a qualsiasi corporatura. \u00c8 ideale per proteggere gli indumenti mentre si cucina, si lavora in giardino o anche per l'uso in un ambiente professionale.<\/p>\n<p>Nel complesso, il grembiule giapponese blu koi fatto a mano \u00e8 una sofisticata combinazione di tradizione e funzionalit\u00e0, che offre stile e praticit\u00e0 in ogni utilizzo.<\/p>","protected":false},"featured_media":12135,"comment_status":"open","ping_status":"open","template":"","meta":{"_gspb_post_css":""},"product_brand":[],"product_cat":[78],"product_tag":[],"class_list":{"0":"post-10494","1":"product","2":"type-product","3":"status-publish","4":"has-post-thumbnail","6":"product_cat-78","8":"first","9":"instock","10":"taxable","11":"shipping-taxable","12":"purchasable","13":"product-type-simple"},"_links":{"self":[{"href":"https:\/\/mo-mo.gr\/it\/wp-json\/wp\/v2\/product\/10494","targetHints":{"allow":["GET"]}}],"collection":[{"href":"https:\/\/mo-mo.gr\/it\/wp-json\/wp\/v2\/product"}],"about":[{"href":"https:\/\/mo-mo.gr\/it\/wp-json\/wp\/v2\/types\/product"}],"replies":[{"embeddable":true,"href":"https:\/\/mo-mo.gr\/it\/wp-json\/wp\/v2\/comments?post=10494"}],"wp:featuredmedia":[{"embeddable":true,"href":"https:\/\/mo-mo.gr\/it\/wp-json\/wp\/v2\/media\/12135"}],"wp:attachment":[{"href":"https:\/\/mo-mo.gr\/it\/wp-json\/wp\/v2\/media?parent=10494"}],"wp:term":[{"taxonomy":"product_brand","embeddable":true,"href":"https:\/\/mo-mo.gr\/it\/wp-json\/wp\/v2\/product_brand?post=10494"},{"taxonomy":"product_cat","embeddable":true,"href":"https:\/\/mo-mo.gr\/it\/wp-json\/wp\/v2\/product_cat?post=10494"},{"taxonomy":"product_tag","embeddable":true,"href":"https:\/\/mo-mo.gr\/it\/wp-json\/wp\/v2\/product_tag?post=10494"}],"curies":[{"name":"wp","href":"https:\/\/api.w.org\/{rel}","templated":true}]}}