{"id":10489,"date":"2024-03-16T10:27:33","date_gmt":"2024-03-16T10:27:33","guid":{"rendered":"https:\/\/mo-mo.gr\/product\/japanese-apron-koi-fish-pink\/"},"modified":"2024-12-12T14:45:41","modified_gmt":"2024-12-12T14:45:41","slug":"grembiule-giapponese-koi-fish-rosa","status":"publish","type":"product","link":"https:\/\/mo-mo.gr\/it\/\u03c0\u03c1\u03bf\u03ca\u03cc\u03bd\u03c4\u03b1\/japanese-apron-koi-fish-pink\/","title":{"rendered":"GREMBIULE GIAPPONESE KOI FISH ROSA"},"content":{"rendered":"","protected":false},"excerpt":{"rendered":"<p>GREMBRONE GIAPPONESE KOI FISH PINK: Il grembiule giapponese fatto a mano con l'immagine di una koi rosa \u00e8 un pezzo di grande effetto che evidenzia la bellezza e l'estetica della tradizione giapponese. Realizzato con cura e attenzione ai dettagli, questo grembiule rappresenta l'estetica e l'amore per la natura del Giappone.<\/p>\n<p>La koi rosa, simbolo di felicit\u00e0, emerge dalle acque con un senso di pace e tranquillit\u00e0. L'immagine della koi sul grembiule \u00e8 un richiamo alla leggerezza e alla bellezza che la natura offre.<\/p>\n<p>Il grembiule non solo protegge da liquidi e macchie, ma d\u00e0 anche un senso di cultura e tradizione giapponese. Ogni volta che lo si indossa, si ha la sensazione di essere connessi alla bellezza del Giappone e all'armonia della natura.<\/p>\n<p>Nel complesso, il grembiule giapponese rosa koi \u00e8 un accessorio sofisticato e unico che offre non solo praticit\u00e0, ma anche una dose di bellezza e cultura a ogni look.<\/p>","protected":false},"featured_media":12131,"comment_status":"open","ping_status":"open","template":"","meta":{"_gspb_post_css":""},"product_brand":[],"product_cat":[78],"product_tag":[],"class_list":{"0":"post-10489","1":"product","2":"type-product","3":"status-publish","4":"has-post-thumbnail","6":"product_cat-78","8":"first","9":"instock","10":"taxable","11":"shipping-taxable","12":"purchasable","13":"product-type-simple"},"_links":{"self":[{"href":"https:\/\/mo-mo.gr\/it\/wp-json\/wp\/v2\/product\/10489","targetHints":{"allow":["GET"]}}],"collection":[{"href":"https:\/\/mo-mo.gr\/it\/wp-json\/wp\/v2\/product"}],"about":[{"href":"https:\/\/mo-mo.gr\/it\/wp-json\/wp\/v2\/types\/product"}],"replies":[{"embeddable":true,"href":"https:\/\/mo-mo.gr\/it\/wp-json\/wp\/v2\/comments?post=10489"}],"wp:featuredmedia":[{"embeddable":true,"href":"https:\/\/mo-mo.gr\/it\/wp-json\/wp\/v2\/media\/12131"}],"wp:attachment":[{"href":"https:\/\/mo-mo.gr\/it\/wp-json\/wp\/v2\/media?parent=10489"}],"wp:term":[{"taxonomy":"product_brand","embeddable":true,"href":"https:\/\/mo-mo.gr\/it\/wp-json\/wp\/v2\/product_brand?post=10489"},{"taxonomy":"product_cat","embeddable":true,"href":"https:\/\/mo-mo.gr\/it\/wp-json\/wp\/v2\/product_cat?post=10489"},{"taxonomy":"product_tag","embeddable":true,"href":"https:\/\/mo-mo.gr\/it\/wp-json\/wp\/v2\/product_tag?post=10489"}],"curies":[{"name":"wp","href":"https:\/\/api.w.org\/{rel}","templated":true}]}}