{"id":10478,"date":"2024-03-16T10:25:01","date_gmt":"2024-03-16T10:25:01","guid":{"rendered":"https:\/\/mo-mo.gr\/product\/japanese-apron-koi-fish-in-red-round\/"},"modified":"2024-12-12T14:45:37","modified_gmt":"2024-12-12T14:45:37","slug":"grembiule-giapponese-con-pesce-koi-in-rosso-rotondo","status":"publish","type":"product","link":"https:\/\/mo-mo.gr\/it\/\u03c0\u03c1\u03bf\u03ca\u03cc\u03bd\u03c4\u03b1\/japanese-apron-koi-fish-in-red-round\/","title":{"rendered":"GREMBIULE GIAPPONESE CON PESCE KOI IN ROSSO ROTONDO"},"content":{"rendered":"","protected":false},"excerpt":{"rendered":"<p>GREMBRONE GIAPPONESE KOI FISH IN RED ROUND: Il grembiule giapponese fatto a mano con l'immagine di due koi in un cerchio rosso \u00e8 un pezzo unico che evidenzia la bellezza e la tradizione dell'arte giapponese. Realizzato con cura e attenzione da un tessuto di alta qualit\u00e0, questo grembiule presenta un cerchio rosso che costituisce la base per le immagini delle due koi.<\/p>\n<p>Le due koi sono un'immagine simbolica della tradizione giapponese, che rappresenta armonia e unit\u00e0. Le loro linee dettagliate e i colori vivaci conferiscono al grembiule un'aria di vivacit\u00e0 e movimento.<\/p>\n<p>Questo grembiule non \u00e8 solo un accessorio altamente funzionale per la cucina o il laboratorio, ma anche un articolo elegante che pu\u00f2 essere utilizzato per aggiungere un tocco di tradizione ed estetica a qualsiasi spazio. Con la sua qualit\u00e0 eccezionale e il suo aspetto unico, questo grembiule giapponese fatto a mano \u00e8 parte integrante della tradizione e dell'arte giapponese.<\/p>","protected":false},"featured_media":12122,"comment_status":"open","ping_status":"open","template":"","meta":{"_gspb_post_css":""},"product_brand":[],"product_cat":[78],"product_tag":[],"class_list":{"0":"post-10478","1":"product","2":"type-product","3":"status-publish","4":"has-post-thumbnail","6":"product_cat-78","8":"first","9":"instock","10":"taxable","11":"shipping-taxable","12":"purchasable","13":"product-type-simple"},"_links":{"self":[{"href":"https:\/\/mo-mo.gr\/it\/wp-json\/wp\/v2\/product\/10478","targetHints":{"allow":["GET"]}}],"collection":[{"href":"https:\/\/mo-mo.gr\/it\/wp-json\/wp\/v2\/product"}],"about":[{"href":"https:\/\/mo-mo.gr\/it\/wp-json\/wp\/v2\/types\/product"}],"replies":[{"embeddable":true,"href":"https:\/\/mo-mo.gr\/it\/wp-json\/wp\/v2\/comments?post=10478"}],"wp:featuredmedia":[{"embeddable":true,"href":"https:\/\/mo-mo.gr\/it\/wp-json\/wp\/v2\/media\/12122"}],"wp:attachment":[{"href":"https:\/\/mo-mo.gr\/it\/wp-json\/wp\/v2\/media?parent=10478"}],"wp:term":[{"taxonomy":"product_brand","embeddable":true,"href":"https:\/\/mo-mo.gr\/it\/wp-json\/wp\/v2\/product_brand?post=10478"},{"taxonomy":"product_cat","embeddable":true,"href":"https:\/\/mo-mo.gr\/it\/wp-json\/wp\/v2\/product_cat?post=10478"},{"taxonomy":"product_tag","embeddable":true,"href":"https:\/\/mo-mo.gr\/it\/wp-json\/wp\/v2\/product_tag?post=10478"}],"curies":[{"name":"wp","href":"https:\/\/api.w.org\/{rel}","templated":true}]}}