{"id":10291,"date":"2024-02-28T12:08:46","date_gmt":"2024-02-28T12:08:46","guid":{"rendered":"https:\/\/mo-mo.gr\/product\/haori-with-cranes\/"},"modified":"2024-12-12T15:43:21","modified_gmt":"2024-12-12T15:43:21","slug":"haori-con-gru","status":"publish","type":"product","link":"https:\/\/mo-mo.gr\/it\/\u03c0\u03c1\u03bf\u03ca\u03cc\u03bd\u03c4\u03b1\/haori-with-cranes\/","title":{"rendered":"HAORI CON GRU"},"content":{"rendered":"","protected":false},"excerpt":{"rendered":"<p>Haori nero con gru e fiori rossi su entrambi i lati delle maniche.<\/p>\n<p>\"L'Haori \u00e8 un kimono tradizionale giapponese. \u00c8 il soprabito del kimono ed \u00e8 un elemento importante dell'abbigliamento tradizionale giapponese.<\/p>\n<p>Pu\u00f2 essere indossato comodamente come cappotto con qualsiasi abito ed \u00e8 sinonimo di estetica giapponese nell'abbigliamento.<\/p>\n<p>Questo HAORI \u00e8 fatto a mano 100%<\/p>\n<p>Il tessuto \u00e8 in cotone 100%.<\/p>","protected":false},"featured_media":11983,"comment_status":"open","ping_status":"closed","template":"","meta":{"_gspb_post_css":""},"product_brand":[],"product_cat":[114,66],"product_tag":[25,41],"class_list":{"0":"post-10291","1":"product","2":"type-product","3":"status-publish","4":"has-post-thumbnail","6":"product_cat-haori","7":"product_cat-66","8":"product_tag-haori","9":"product_tag-mens-kimonos","10":"pa_-large","11":"pa_-large-xlarge","12":"pa_-medium","13":"pa_-small","14":"pa_-85","16":"first","17":"instock","18":"featured","19":"taxable","20":"shipping-taxable","21":"purchasable","22":"product-type-variable"},"_links":{"self":[{"href":"https:\/\/mo-mo.gr\/it\/wp-json\/wp\/v2\/product\/10291","targetHints":{"allow":["GET"]}}],"collection":[{"href":"https:\/\/mo-mo.gr\/it\/wp-json\/wp\/v2\/product"}],"about":[{"href":"https:\/\/mo-mo.gr\/it\/wp-json\/wp\/v2\/types\/product"}],"replies":[{"embeddable":true,"href":"https:\/\/mo-mo.gr\/it\/wp-json\/wp\/v2\/comments?post=10291"}],"wp:featuredmedia":[{"embeddable":true,"href":"https:\/\/mo-mo.gr\/it\/wp-json\/wp\/v2\/media\/11983"}],"wp:attachment":[{"href":"https:\/\/mo-mo.gr\/it\/wp-json\/wp\/v2\/media?parent=10291"}],"wp:term":[{"taxonomy":"product_brand","embeddable":true,"href":"https:\/\/mo-mo.gr\/it\/wp-json\/wp\/v2\/product_brand?post=10291"},{"taxonomy":"product_cat","embeddable":true,"href":"https:\/\/mo-mo.gr\/it\/wp-json\/wp\/v2\/product_cat?post=10291"},{"taxonomy":"product_tag","embeddable":true,"href":"https:\/\/mo-mo.gr\/it\/wp-json\/wp\/v2\/product_tag?post=10291"}],"curies":[{"name":"wp","href":"https:\/\/api.w.org\/{rel}","templated":true}]}}