{"id":10211,"date":"2024-02-15T12:03:49","date_gmt":"2024-02-15T12:03:49","guid":{"rendered":"https:\/\/mo-mo.gr\/product\/tsuru-kinchaku-%e3%81%a4%e3%82%8b%e5%b7%be%e7%9d%80\/"},"modified":"2024-12-12T14:42:51","modified_gmt":"2024-12-12T14:42:51","slug":"tsuru-kinchaku-%e3%81%a4%e3%82%8b%e5%b7%be%e7%9d%80","status":"publish","type":"product","link":"https:\/\/mo-mo.gr\/it\/\u03c0\u03c1\u03bf\u03ca\u03cc\u03bd\u03c4\u03b1\/tsuru-kinchaku-%e3%81%a4%e3%82%8b%e5%b7%be%e7%9d%80\/","title":{"rendered":"TSURU KINCHAKU \u3064\u308b\u5dfe\u7740"},"content":{"rendered":"<p>Sfoggiate la bellezza e l'eleganza del Giappone con TSURU KINCHAKU \u3064\u308b\u5dfe\u7740. Questa borsa giapponese a busta \u00e8 ispirata ai tessuti tradizionali giapponesi e decorata con l'immagine di una gru, simbolo di felicit\u00e0 e longevit\u00e0 nella cultura giapponese.<\/p>\n<p>Realizzata con tessuti di alta qualit\u00e0, TSURU KINCHAKU offre non solo funzionalit\u00e0 ma anche stile in ogni look. Con il suo design unico e la sua costruzione accurata, questa borsa a busta \u00e8 l'accessorio perfetto per chi cerca un elemento elegante e sobrio nel proprio stile.<\/p>\n<p>Incorporando la ricchezza della cultura giapponese in ogni dettaglio, TSURU KINCHAKU mette in mostra l'estetica e il patrimonio del Giappone ad ogni utilizzo. Sia per l'uso quotidiano che per le occasioni speciali, questa borsa a busta vi accompagner\u00e0 con stile ed eleganza in ogni momento.<\/p>","protected":false},"excerpt":{"rendered":"<p>Accogliete la cultura e l'eleganza del Giappone con TSURU KINCHAKU \u3064\u308b\u5dfe\u7740. Questa borsa giapponese a busta \u00e8 realizzata con autentici tessuti giapponesi ed \u00e8 decorata con l'immagine di una gru, simbolo di felicit\u00e0 e longevit\u00e0 nella tradizione giapponese. TSURU KINCHAKU \u3064\u308b\u5dfe\u7740 combina l'antichit\u00e0 con l'eleganza moderna, offrendo una scelta sofisticata per ogni occasione.<\/p>\n<p>busta per sandali di 30*21 cm, con cerniera, maniglia e tasca interna.<\/p>","protected":false},"featured_media":11920,"comment_status":"open","ping_status":"open","template":"","meta":{"_gspb_post_css":""},"product_brand":[],"product_cat":[65],"product_tag":[],"class_list":{"0":"post-10211","1":"product","2":"type-product","3":"status-publish","4":"has-post-thumbnail","6":"product_cat-65","8":"first","9":"onbackorder","10":"taxable","11":"shipping-taxable","12":"purchasable","13":"product-type-simple"},"_links":{"self":[{"href":"https:\/\/mo-mo.gr\/it\/wp-json\/wp\/v2\/product\/10211","targetHints":{"allow":["GET"]}}],"collection":[{"href":"https:\/\/mo-mo.gr\/it\/wp-json\/wp\/v2\/product"}],"about":[{"href":"https:\/\/mo-mo.gr\/it\/wp-json\/wp\/v2\/types\/product"}],"replies":[{"embeddable":true,"href":"https:\/\/mo-mo.gr\/it\/wp-json\/wp\/v2\/comments?post=10211"}],"wp:featuredmedia":[{"embeddable":true,"href":"https:\/\/mo-mo.gr\/it\/wp-json\/wp\/v2\/media\/11920"}],"wp:attachment":[{"href":"https:\/\/mo-mo.gr\/it\/wp-json\/wp\/v2\/media?parent=10211"}],"wp:term":[{"taxonomy":"product_brand","embeddable":true,"href":"https:\/\/mo-mo.gr\/it\/wp-json\/wp\/v2\/product_brand?post=10211"},{"taxonomy":"product_cat","embeddable":true,"href":"https:\/\/mo-mo.gr\/it\/wp-json\/wp\/v2\/product_cat?post=10211"},{"taxonomy":"product_tag","embeddable":true,"href":"https:\/\/mo-mo.gr\/it\/wp-json\/wp\/v2\/product_tag?post=10211"}],"curies":[{"name":"wp","href":"https:\/\/api.w.org\/{rel}","templated":true}]}}