{"id":10204,"date":"2024-02-14T17:12:09","date_gmt":"2024-02-14T17:12:09","guid":{"rendered":"https:\/\/mo-mo.gr\/product\/kuro-ryu-kinpaku-bag-%e9%bb%92%e9%be%8d%e9%87%91%e7%ae%94%e3%83%90%e3%83%83%e3%82%b0\/"},"modified":"2024-12-12T14:42:46","modified_gmt":"2024-12-12T14:42:46","slug":"kuro-ryu-kinpaku-bag-%e9%bb%92%e9%be%8d%e9%87%91%e7%ae%94%e3%83%90%e3%83%83%e3%82%b0","status":"publish","type":"product","link":"https:\/\/mo-mo.gr\/it\/\u03c0\u03c1\u03bf\u03ca\u03cc\u03bd\u03c4\u03b1\/kuro-ryu-kinpaku-bag-%e9%bb%92%e9%be%8d%e9%87%91%e7%ae%94%e3%83%90%e3%83%83%e3%82%b0\/","title":{"rendered":"Borsa Kuro Ryu Kinpaku \u9ed2\u9f8d\u91d1\u7b94\u30d0\u30c3\u30b0"},"content":{"rendered":"<p>Abbracciate l'armonia dell'estetica giapponese con la Kuro Ryu Kinpaku Bag. Questa sofisticata borsa giapponese combina tessuti e motivi tradizionali, dando vita a una bellissima borsa a tracolla giapponese che emana unicit\u00e0 ed eleganza. Realizzata con attenzione ai dettagli, la gru raffigurata nel motivo rappresenta l'antica tradizione giapponese di felicit\u00e0 e longevit\u00e0.<\/p>\n<p>La borsa Kuro Ryu Kinpaku ha un interno spazioso per contenere tutti i vostri oggetti essenziali, mentre il suo look elegante e il suo design unico la rendono una scelta ideale per ogni occasione. Che la usiate tutti i giorni o per le occasioni speciali, questa borsa giapponese aggiunger\u00e0 un'aria di fascino sofisticato e di unicit\u00e0 al vostro stile.<\/p>","protected":false},"excerpt":{"rendered":"<p>Date vita al vostro stile con la Kuro Ryu Kinpaku Bag, un'autentica borsa giapponese che combina tessuti giapponesi unici e un design esteticamente piacevole. Questa sofisticata borsa presenta un classico motivo giapponese: la gru, simbolo dell'eterna eleganza e armonia della cultura giapponese. Realizzata con materiali di qualit\u00e0, questa borsa a busta \u00e8 perfetta per ogni occasione e aggiunge un tocco di unicit\u00e0 ed eleganza a qualsiasi look.<\/p>\n<p>100% borsa a mano!<\/p>\n<p>Dimensioni: 32*20 e profondit\u00e0 8 cm<\/p>","protected":false},"featured_media":11914,"comment_status":"open","ping_status":"open","template":"","meta":{"_gspb_post_css":""},"product_brand":[],"product_cat":[65],"product_tag":[],"class_list":{"0":"post-10204","1":"product","2":"type-product","3":"status-publish","4":"has-post-thumbnail","6":"product_cat-65","8":"first","9":"onbackorder","10":"taxable","11":"shipping-taxable","12":"purchasable","13":"product-type-simple"},"_links":{"self":[{"href":"https:\/\/mo-mo.gr\/it\/wp-json\/wp\/v2\/product\/10204","targetHints":{"allow":["GET"]}}],"collection":[{"href":"https:\/\/mo-mo.gr\/it\/wp-json\/wp\/v2\/product"}],"about":[{"href":"https:\/\/mo-mo.gr\/it\/wp-json\/wp\/v2\/types\/product"}],"replies":[{"embeddable":true,"href":"https:\/\/mo-mo.gr\/it\/wp-json\/wp\/v2\/comments?post=10204"}],"wp:featuredmedia":[{"embeddable":true,"href":"https:\/\/mo-mo.gr\/it\/wp-json\/wp\/v2\/media\/11914"}],"wp:attachment":[{"href":"https:\/\/mo-mo.gr\/it\/wp-json\/wp\/v2\/media?parent=10204"}],"wp:term":[{"taxonomy":"product_brand","embeddable":true,"href":"https:\/\/mo-mo.gr\/it\/wp-json\/wp\/v2\/product_brand?post=10204"},{"taxonomy":"product_cat","embeddable":true,"href":"https:\/\/mo-mo.gr\/it\/wp-json\/wp\/v2\/product_cat?post=10204"},{"taxonomy":"product_tag","embeddable":true,"href":"https:\/\/mo-mo.gr\/it\/wp-json\/wp\/v2\/product_tag?post=10204"}],"curies":[{"name":"wp","href":"https:\/\/api.w.org\/{rel}","templated":true}]}}