{"id":10163,"date":"2024-02-05T14:22:20","date_gmt":"2024-02-05T14:22:20","guid":{"rendered":"https:\/\/mo-mo.gr\/product\/%cf%83%ce%b5%cf%84-%ce%b3%ce%b9%ce%b1-%cf%83%ce%ac%ce%ba%ce%b5-%ce%bc%ce%b5-%ce%b9%ce%b1%cf%80%cf%89%ce%bd%ce%b9%ce%ba%ce%ac-%ce%bd%ce%bf%cf%8d%cf%86%ce%b1%cf%81%ce%b1\/"},"modified":"2026-04-02T21:05:12","modified_gmt":"2026-04-02T18:05:12","slug":"%cf%83%ce%b5%cf%84-%ce%b3%ce%b9%ce%b1-%cf%83%ce%ac%ce%ba%ce%b5-%ce%bc%ce%b5-%ce%b9%ce%b1%cf%80%cf%89%ce%bd%ce%b9%ce%ba%ce%ac-%ce%bd%ce%bf%cf%8d%cf%86%ce%b1%cf%81%ce%b1","status":"publish","type":"product","link":"https:\/\/mo-mo.gr\/it\/\u03c0\u03c1\u03bf\u03ca\u03cc\u03bd\u03c4\u03b1\/%cf%83%ce%b5%cf%84-%ce%b3%ce%b9%ce%b1-%cf%83%ce%ac%ce%ba%ce%b5-%ce%bc%ce%b5-%ce%b9%ce%b1%cf%80%cf%89%ce%bd%ce%b9%ce%ba%ce%ac-%ce%bd%ce%bf%cf%8d%cf%86%ce%b1%cf%81%ce%b1\/","title":{"rendered":"Set per sake con nuphra giapponese"},"content":{"rendered":"","protected":false},"excerpt":{"rendered":"<p>Set per Sake realizzato in argilla a mano, comprendente una brocca da 200 ml e due bicchieri. Ogni pezzo ha un design unico, con una superficie che raffigura due ninfee, dipinte con linee rosse, che offrono un senso di vivacit\u00e0 e freschezza. Il resto della superficie \u00e8 stato decorato con una tecnica estremamente difficile che cattura la sensazione dell'acqua, facendola sembrare quasi viva. Questo set non \u00e8 solo pratico per gustare il sak\u00e8, ma anche un pezzo d'arte che pu\u00f2 decorare qualsiasi spazio. Perfetto per condividere momenti piacevoli con amici e familiari o come regalo per gli amanti della cultura giapponese. Un set davvero unico che unisce la tradizione all'estetica moderna.<\/p>","protected":false},"featured_media":11881,"comment_status":"open","ping_status":"open","template":"","meta":{"_gspb_post_css":""},"product_brand":[],"product_cat":[69],"product_tag":[],"class_list":{"0":"post-10163","1":"product","2":"type-product","3":"status-publish","4":"has-post-thumbnail","6":"product_cat-69","7":"pa_-79","9":"first","10":"outofstock","11":"taxable","12":"shipping-taxable","13":"purchasable","14":"product-type-simple"},"_links":{"self":[{"href":"https:\/\/mo-mo.gr\/it\/wp-json\/wp\/v2\/product\/10163","targetHints":{"allow":["GET"]}}],"collection":[{"href":"https:\/\/mo-mo.gr\/it\/wp-json\/wp\/v2\/product"}],"about":[{"href":"https:\/\/mo-mo.gr\/it\/wp-json\/wp\/v2\/types\/product"}],"replies":[{"embeddable":true,"href":"https:\/\/mo-mo.gr\/it\/wp-json\/wp\/v2\/comments?post=10163"}],"wp:featuredmedia":[{"embeddable":true,"href":"https:\/\/mo-mo.gr\/it\/wp-json\/wp\/v2\/media\/11881"}],"wp:attachment":[{"href":"https:\/\/mo-mo.gr\/it\/wp-json\/wp\/v2\/media?parent=10163"}],"wp:term":[{"taxonomy":"product_brand","embeddable":true,"href":"https:\/\/mo-mo.gr\/it\/wp-json\/wp\/v2\/product_brand?post=10163"},{"taxonomy":"product_cat","embeddable":true,"href":"https:\/\/mo-mo.gr\/it\/wp-json\/wp\/v2\/product_cat?post=10163"},{"taxonomy":"product_tag","embeddable":true,"href":"https:\/\/mo-mo.gr\/it\/wp-json\/wp\/v2\/product_tag?post=10163"}],"curies":[{"name":"wp","href":"https:\/\/api.w.org\/{rel}","templated":true}]}}